{"id":77,"date":"2024-04-08T13:52:09","date_gmt":"2024-04-08T11:52:09","guid":{"rendered":"https:\/\/lescreasdejade.com\/index.php\/panier\/"},"modified":"2024-04-08T13:52:09","modified_gmt":"2024-04-08T11:52:09","slug":"panier","status":"publish","type":"page","link":"https:\/\/lescreasdejade.com\/index.php\/panier\/","title":{"rendered":"Panier"},"content":{"rendered":"\n<div data-block-name=\"woocommerce\/cart\" class=\"wp-block-woocommerce-cart alignwide is-loading\">\n<div data-block-name=\"woocommerce\/filled-cart-block\" class=\"wp-block-woocommerce-filled-cart-block\">\n<div data-block-name=\"woocommerce\/cart-items-block\" class=\"wp-block-woocommerce-cart-items-block\">\n<div data-block-name=\"woocommerce\/cart-line-items-block\" class=\"wp-block-woocommerce-cart-line-items-block\"><\/div>\n\n\n\n<div data-block-name=\"woocommerce\/cart-cross-sells-block\" class=\"wp-block-woocommerce-cart-cross-sells-block\">\n<h2 class=\"wp-block-heading has-large-font-size\">\u00c7a peut vous int\u00e9resser&#8230;<\/h2>\n\n\n\n<div data-block-name=\"woocommerce\/cart-cross-sells-products-block\" class=\"wp-block-woocommerce-cart-cross-sells-products-block\"><\/div>\n<\/div>\n<\/div>\n\n\n\n<div data-block-name=\"woocommerce\/cart-totals-block\" class=\"wp-block-woocommerce-cart-totals-block\">\n<div data-block-name=\"woocommerce\/cart-order-summary-block\" class=\"wp-block-woocommerce-cart-order-summary-block\">\n<div data-block-name=\"woocommerce\/cart-order-summary-heading-block\" class=\"wp-block-woocommerce-cart-order-summary-heading-block\"><\/div><div data-block-name=\"woocommerce\/cart-order-summary-coupon-form-block\" class=\"wp-block-woocommerce-cart-order-summary-coupon-form-block\"><\/div><div data-block-name=\"woocommerce\/cart-order-summary-totals-block\" class=\"wp-block-woocommerce-cart-order-summary-totals-block\">\n<div data-block-name=\"woocommerce\/cart-order-summary-subtotal-block\" class=\"wp-block-woocommerce-cart-order-summary-subtotal-block\"><\/div>\n<div data-block-name=\"woocommerce\/cart-order-summary-discount-block\" class=\"wp-block-woocommerce-cart-order-summary-discount-block\"><\/div>\n<div data-block-name=\"woocommerce\/cart-order-summary-fee-block\" class=\"wp-block-woocommerce-cart-order-summary-fee-block\"><\/div>\n<div data-block-name=\"woocommerce\/cart-order-summary-shipping-block\" class=\"wp-block-woocommerce-cart-order-summary-shipping-block\"><\/div>\n<div data-block-name=\"woocommerce\/cart-order-summary-taxes-block\" class=\"wp-block-woocommerce-cart-order-summary-taxes-block\"><\/div><\/div>\n<\/div>\n\n\n\n<div data-block-name=\"woocommerce\/cart-express-payment-block\" class=\"wp-block-woocommerce-cart-express-payment-block\"><\/div>\n\n\n\n<div data-block-name=\"woocommerce\/proceed-to-checkout-block\" class=\"wp-block-woocommerce-proceed-to-checkout-block\"><\/div>\n<div id=\"ppcp-recaptcha-v2-container\" style=\"margin:20px 0;\"><\/div>\n\n\n<div data-block-name=\"woocommerce\/cart-accepted-payment-methods-block\" class=\"wp-block-woocommerce-cart-accepted-payment-methods-block\"><\/div>\n<\/div>\n<\/div>\n\n\n\n<div data-block-name=\"woocommerce\/empty-cart-block\" class=\"wp-block-woocommerce-empty-cart-block\">\n<h2 class=\"wp-block-heading has-text-align-center with-empty-cart-icon wc-block-cart__empty-cart__title\">Votre panier est actuellement vide\u00a0!<\/h2>\n\n\n\n<hr class=\"wp-block-separator has-alpha-channel-opacity is-style-dots\"\/>\n\n\n\n<h2 class=\"wp-block-heading has-text-align-center\">Nouveau dans la boutique<\/h2>\n\n\n<div data-block-name=\"woocommerce\/product-new\" data-columns=\"4\" data-rows=\"1\" class=\"wc-block-grid wp-block-product-new wp-block-woocommerce-product-new wc-block-product-new has-4-columns\"><ul class=\"wc-block-grid__products\"><li class=\"wc-block-grid__product\">\n\t\t\t\t<a href=\"https:\/\/lescreasdejade.com\/index.php\/produit\/compteur-de-points-porte-cle-special-petanque\/\" class=\"wc-block-grid__product-link\">\n\t\t\t\t\t\n\t\t\t\t\t<div class=\"wc-block-grid__product-image\"><img loading=\"lazy\" decoding=\"async\" width=\"300\" height=\"240\" src=\"https:\/\/lescreasdejade.com\/wp-content\/uploads\/2026\/04\/file_00000000589c72469a32427be8b0203f-1-300x240.png\" class=\"attachment-woocommerce_thumbnail size-woocommerce_thumbnail\" alt=\"compteur porte cl\u00e9 p\u00e9tanque papa\" srcset=\"https:\/\/lescreasdejade.com\/wp-content\/uploads\/2026\/04\/file_00000000589c72469a32427be8b0203f-1-300x240.png 300w, https:\/\/lescreasdejade.com\/wp-content\/uploads\/2026\/04\/file_00000000589c72469a32427be8b0203f-1-1024x819.png 1024w, https:\/\/lescreasdejade.com\/wp-content\/uploads\/2026\/04\/file_00000000589c72469a32427be8b0203f-1-768x614.png 768w, https:\/\/lescreasdejade.com\/wp-content\/uploads\/2026\/04\/file_00000000589c72469a32427be8b0203f-1-600x480.png 600w, https:\/\/lescreasdejade.com\/wp-content\/uploads\/2026\/04\/file_00000000589c72469a32427be8b0203f-1-840x672.png 840w, https:\/\/lescreasdejade.com\/wp-content\/uploads\/2026\/04\/file_00000000589c72469a32427be8b0203f-1-420x336.png 420w, https:\/\/lescreasdejade.com\/wp-content\/uploads\/2026\/04\/file_00000000589c72469a32427be8b0203f-1.png 1280w\" sizes=\"auto, (max-width: 300px) 100vw, 300px\" \/><\/div>\n\t\t\t\t\t<div class=\"wc-block-grid__product-title\">Compteur de points porte-cl\u00e9 sp\u00e9cial p\u00e9tanque<\/div>\n\t\t\t\t<\/a>\n\t\t\t\t<div class=\"wc-block-grid__product-price price\"><span class=\"woocommerce-Price-amount amount\">12,00&nbsp;<span class=\"woocommerce-Price-currencySymbol\">&euro;<\/span><\/span><\/div>\n\t\t\t\t\n\t\t\t\t<div class=\"wp-block-button wc-block-grid__product-add-to-cart\"><a href=\"https:\/\/lescreasdejade.com\/index.php\/produit\/compteur-de-points-porte-cle-special-petanque\/\" aria-label=\"Ajouter au panier\u00a0: &ldquo;Compteur de points porte-cl\u00e9 sp\u00e9cial p\u00e9tanque&rdquo;\" data-quantity=\"1\" data-product_id=\"251\" data-product_sku=\"\" data-price=\"12\" rel=\"nofollow\" class=\"wp-block-button__link  add_to_cart_button\">S\u00e9lectionner des options<\/a><\/div>\n\t\t\t<\/li><li class=\"wc-block-grid__product\">\n\t\t\t\t<a href=\"https:\/\/lescreasdejade.com\/index.php\/produit\/boules-personnalisables-enfants\/\" class=\"wc-block-grid__product-link\">\n\t\t\t\t\t\n\t\t\t\t\t<div class=\"wc-block-grid__product-image\"><img loading=\"lazy\" decoding=\"async\" width=\"300\" height=\"300\" src=\"https:\/\/lescreasdejade.com\/wp-content\/uploads\/2026\/04\/670001803_17958565296091337_2831278370837716732_n-300x300.jpg\" class=\"attachment-woocommerce_thumbnail size-woocommerce_thumbnail\" alt=\"boules astronautes\" srcset=\"https:\/\/lescreasdejade.com\/wp-content\/uploads\/2026\/04\/670001803_17958565296091337_2831278370837716732_n-300x300.jpg 300w, https:\/\/lescreasdejade.com\/wp-content\/uploads\/2026\/04\/670001803_17958565296091337_2831278370837716732_n-1024x1024.jpg 1024w, https:\/\/lescreasdejade.com\/wp-content\/uploads\/2026\/04\/670001803_17958565296091337_2831278370837716732_n-150x150.jpg 150w, https:\/\/lescreasdejade.com\/wp-content\/uploads\/2026\/04\/670001803_17958565296091337_2831278370837716732_n-768x768.jpg 768w, https:\/\/lescreasdejade.com\/wp-content\/uploads\/2026\/04\/670001803_17958565296091337_2831278370837716732_n-600x600.jpg 600w, https:\/\/lescreasdejade.com\/wp-content\/uploads\/2026\/04\/670001803_17958565296091337_2831278370837716732_n-100x100.jpg 100w, https:\/\/lescreasdejade.com\/wp-content\/uploads\/2026\/04\/670001803_17958565296091337_2831278370837716732_n-920x920.jpg 920w, https:\/\/lescreasdejade.com\/wp-content\/uploads\/2026\/04\/670001803_17958565296091337_2831278370837716732_n-460x460.jpg 460w, https:\/\/lescreasdejade.com\/wp-content\/uploads\/2026\/04\/670001803_17958565296091337_2831278370837716732_n-840x840.jpg 840w, https:\/\/lescreasdejade.com\/wp-content\/uploads\/2026\/04\/670001803_17958565296091337_2831278370837716732_n-420x420.jpg 420w, https:\/\/lescreasdejade.com\/wp-content\/uploads\/2026\/04\/670001803_17958565296091337_2831278370837716732_n.jpg 1440w\" sizes=\"auto, (max-width: 300px) 100vw, 300px\" \/><\/div>\n\t\t\t\t\t<div class=\"wc-block-grid__product-title\">Boules personnalisables Enfants<\/div>\n\t\t\t\t<\/a>\n\t\t\t\t<div class=\"wc-block-grid__product-price price\"><span class=\"woocommerce-Price-amount amount\">8,33&nbsp;<span class=\"woocommerce-Price-currencySymbol\">&euro;<\/span><\/span><\/div>\n\t\t\t\t\n\t\t\t\t<div class=\"wp-block-button wc-block-grid__product-add-to-cart\"><a href=\"\/index.php\/wp-json\/wp\/v2\/pages\/77?add-to-cart=243\" aria-label=\"Ajouter au panier\u00a0: &ldquo;Boules personnalisables Enfants&rdquo;\" data-quantity=\"1\" data-product_id=\"243\" data-product_sku=\"\" data-price=\"8.33\" rel=\"nofollow\" class=\"wp-block-button__link  add_to_cart_button ajax_add_to_cart\">Ajouter au panier<\/a><\/div>\n\t\t\t<\/li><li class=\"wc-block-grid__product\">\n\t\t\t\t<a href=\"https:\/\/lescreasdejade.com\/index.php\/produit\/t-shirt-levolution-amis-soleil-petanque\/\" class=\"wc-block-grid__product-link\">\n\t\t\t\t\t\n\t\t\t\t\t<div class=\"wc-block-grid__product-image\"><img loading=\"lazy\" decoding=\"async\" width=\"300\" height=\"450\" src=\"https:\/\/lescreasdejade.com\/wp-content\/uploads\/2026\/04\/file_000000005fd4724386383f00c079ebc6-300x450.png\" class=\"attachment-woocommerce_thumbnail size-woocommerce_thumbnail\" alt=\"teeshirt p\u00e9tanque evolution biere\" srcset=\"https:\/\/lescreasdejade.com\/wp-content\/uploads\/2026\/04\/file_000000005fd4724386383f00c079ebc6-300x450.png 300w, https:\/\/lescreasdejade.com\/wp-content\/uploads\/2026\/04\/file_000000005fd4724386383f00c079ebc6-200x300.png 200w, https:\/\/lescreasdejade.com\/wp-content\/uploads\/2026\/04\/file_000000005fd4724386383f00c079ebc6-683x1024.png 683w, https:\/\/lescreasdejade.com\/wp-content\/uploads\/2026\/04\/file_000000005fd4724386383f00c079ebc6-768x1152.png 768w, https:\/\/lescreasdejade.com\/wp-content\/uploads\/2026\/04\/file_000000005fd4724386383f00c079ebc6-600x900.png 600w, https:\/\/lescreasdejade.com\/wp-content\/uploads\/2026\/04\/file_000000005fd4724386383f00c079ebc6-840x1260.png 840w, https:\/\/lescreasdejade.com\/wp-content\/uploads\/2026\/04\/file_000000005fd4724386383f00c079ebc6-420x630.png 420w, https:\/\/lescreasdejade.com\/wp-content\/uploads\/2026\/04\/file_000000005fd4724386383f00c079ebc6.png 1024w\" sizes=\"auto, (max-width: 300px) 100vw, 300px\" \/><\/div>\n\t\t\t\t\t<div class=\"wc-block-grid__product-title\">T-shirt l&rsquo;\u00e9volution: amis, soleil &amp; p\u00e9tanque.<\/div>\n\t\t\t\t<\/a>\n\t\t\t\t<div class=\"wc-block-grid__product-price price\"><span class=\"woocommerce-Price-amount amount\">20,00&nbsp;<span class=\"woocommerce-Price-currencySymbol\">&euro;<\/span><\/span><\/div>\n\t\t\t\t\n\t\t\t\t<div class=\"wp-block-button wc-block-grid__product-add-to-cart\"><a href=\"https:\/\/lescreasdejade.com\/index.php\/produit\/t-shirt-levolution-amis-soleil-petanque\/\" aria-label=\"Ajouter au panier\u00a0: &ldquo;T-shirt l&#039;\u00e9volution: amis, soleil &amp; p\u00e9tanque.&rdquo;\" data-quantity=\"1\" data-product_id=\"239\" data-product_sku=\"\" data-price=\"20\" rel=\"nofollow\" class=\"wp-block-button__link  add_to_cart_button\">S\u00e9lectionner des options<\/a><\/div>\n\t\t\t<\/li><li class=\"wc-block-grid__product\">\n\t\t\t\t<a href=\"https:\/\/lescreasdejade.com\/index.php\/produit\/tableau-de-score-petanque-en-bois-personnalise\/\" class=\"wc-block-grid__product-link\">\n\t\t\t\t\t\n\t\t\t\t\t<div class=\"wc-block-grid__product-image\"><img loading=\"lazy\" decoding=\"async\" width=\"300\" height=\"200\" src=\"https:\/\/lescreasdejade.com\/wp-content\/uploads\/2026\/04\/file_0000000037fc7243bb2d1d32f6213761-300x200.png\" class=\"attachment-woocommerce_thumbnail size-woocommerce_thumbnail\" alt=\"dessin evolution\" srcset=\"https:\/\/lescreasdejade.com\/wp-content\/uploads\/2026\/04\/file_0000000037fc7243bb2d1d32f6213761-300x200.png 300w, https:\/\/lescreasdejade.com\/wp-content\/uploads\/2026\/04\/file_0000000037fc7243bb2d1d32f6213761-1024x683.png 1024w, https:\/\/lescreasdejade.com\/wp-content\/uploads\/2026\/04\/file_0000000037fc7243bb2d1d32f6213761-768x512.png 768w, https:\/\/lescreasdejade.com\/wp-content\/uploads\/2026\/04\/file_0000000037fc7243bb2d1d32f6213761-720x480.png 720w, https:\/\/lescreasdejade.com\/wp-content\/uploads\/2026\/04\/file_0000000037fc7243bb2d1d32f6213761-600x400.png 600w, https:\/\/lescreasdejade.com\/wp-content\/uploads\/2026\/04\/file_0000000037fc7243bb2d1d32f6213761-840x560.png 840w, https:\/\/lescreasdejade.com\/wp-content\/uploads\/2026\/04\/file_0000000037fc7243bb2d1d32f6213761-420x280.png 420w, https:\/\/lescreasdejade.com\/wp-content\/uploads\/2026\/04\/file_0000000037fc7243bb2d1d32f6213761.png 1536w\" sizes=\"auto, (max-width: 300px) 100vw, 300px\" \/><\/div>\n\t\t\t\t\t<div class=\"wc-block-grid__product-title\">Tableau de score p\u00e9tanque en bois personnalis\u00e9<\/div>\n\t\t\t\t<\/a>\n\t\t\t\t<div class=\"wc-block-grid__product-price price\"><span class=\"woocommerce-Price-amount amount\">25,00&nbsp;<span class=\"woocommerce-Price-currencySymbol\">&euro;<\/span><\/span><\/div>\n\t\t\t\t\n\t\t\t\t<div class=\"wp-block-button wc-block-grid__product-add-to-cart\"><a href=\"https:\/\/lescreasdejade.com\/index.php\/produit\/tableau-de-score-petanque-en-bois-personnalise\/\" aria-label=\"Ajouter au panier\u00a0: &ldquo;Tableau de score p\u00e9tanque en bois personnalis\u00e9&rdquo;\" data-quantity=\"1\" data-product_id=\"233\" data-product_sku=\"\" data-price=\"25\" rel=\"nofollow\" class=\"wp-block-button__link  add_to_cart_button\">S\u00e9lectionner des options<\/a><\/div>\n\t\t\t<\/li><\/ul><\/div><\/div>\n<\/div>\n","protected":false},"excerpt":{"rendered":"","protected":false},"author":1,"featured_media":0,"parent":0,"menu_order":0,"comment_status":"closed","ping_status":"closed","template":"","meta":{"kt_blocks_editor_width":"","_themeisle_gutenberg_block_has_review":false,"footnotes":""},"class_list":["post-77","page","type-page","status-publish","hentry"],"yoast_head":"<!-- This site is optimized with the Yoast SEO plugin v27.1.1 - https:\/\/yoast.com\/product\/yoast-seo-wordpress\/ -->\n<title>Panier - Les Cr\u00e9as de Jade<\/title>\n<meta name=\"robots\" content=\"index, follow, max-snippet:-1, max-image-preview:large, max-video-preview:-1\" \/>\n<link rel=\"canonical\" href=\"https:\/\/lescreasdejade.com\/index.php\/panier\/\" \/>\n<meta property=\"og:locale\" content=\"fr_FR\" \/>\n<meta property=\"og:type\" content=\"article\" \/>\n<meta property=\"og:title\" content=\"Panier - Les Cr\u00e9as de Jade\" \/>\n<meta property=\"og:url\" content=\"https:\/\/lescreasdejade.com\/index.php\/panier\/\" \/>\n<meta property=\"og:site_name\" content=\"Les Cr\u00e9as de Jade\" \/>\n<meta property=\"article:publisher\" content=\"https:\/\/www.facebook.com\/profile.php?id=61552662104544\" \/>\n<meta name=\"twitter:card\" content=\"summary_large_image\" \/>\n<script type=\"application\/ld+json\" class=\"yoast-schema-graph\">{\"@context\":\"https:\/\/schema.org\",\"@graph\":[{\"@type\":\"WebPage\",\"@id\":\"https:\/\/lescreasdejade.com\/index.php\/panier\/\",\"url\":\"https:\/\/lescreasdejade.com\/index.php\/panier\/\",\"name\":\"Panier - Les Cr\u00e9as de Jade\",\"isPartOf\":{\"@id\":\"https:\/\/lescreasdejade.com\/#website\"},\"datePublished\":\"2024-04-08T11:52:09+00:00\",\"breadcrumb\":{\"@id\":\"https:\/\/lescreasdejade.com\/index.php\/panier\/#breadcrumb\"},\"inLanguage\":\"fr-FR\",\"potentialAction\":[{\"@type\":\"ReadAction\",\"target\":[\"https:\/\/lescreasdejade.com\/index.php\/panier\/\"]}]},{\"@type\":\"BreadcrumbList\",\"@id\":\"https:\/\/lescreasdejade.com\/index.php\/panier\/#breadcrumb\",\"itemListElement\":[{\"@type\":\"ListItem\",\"position\":1,\"name\":\"Accueil\",\"item\":\"https:\/\/lescreasdejade.com\/\"},{\"@type\":\"ListItem\",\"position\":2,\"name\":\"Panier\"}]},{\"@type\":\"WebSite\",\"@id\":\"https:\/\/lescreasdejade.com\/#website\",\"url\":\"https:\/\/lescreasdejade.com\/\",\"name\":\"Les Cr\u00e9as de Jade\",\"description\":\"Des cadeaux qui vous ressemblent !\",\"publisher\":{\"@id\":\"https:\/\/lescreasdejade.com\/#organization\"},\"potentialAction\":[{\"@type\":\"SearchAction\",\"target\":{\"@type\":\"EntryPoint\",\"urlTemplate\":\"https:\/\/lescreasdejade.com\/?s={search_term_string}\"},\"query-input\":{\"@type\":\"PropertyValueSpecification\",\"valueRequired\":true,\"valueName\":\"search_term_string\"}}],\"inLanguage\":\"fr-FR\"},{\"@type\":\"Organization\",\"@id\":\"https:\/\/lescreasdejade.com\/#organization\",\"name\":\"Les Cr\u00e9as de Jade\",\"url\":\"https:\/\/lescreasdejade.com\/\",\"logo\":{\"@type\":\"ImageObject\",\"inLanguage\":\"fr-FR\",\"@id\":\"https:\/\/lescreasdejade.com\/#\/schema\/logo\/image\/\",\"url\":\"https:\/\/lescreasdejade.com\/wp-content\/uploads\/2024\/03\/Illustration-les-creas-de-jade.jpg\",\"contentUrl\":\"https:\/\/lescreasdejade.com\/wp-content\/uploads\/2024\/03\/Illustration-les-creas-de-jade.jpg\",\"width\":960,\"height\":960,\"caption\":\"Les Cr\u00e9as de Jade\"},\"image\":{\"@id\":\"https:\/\/lescreasdejade.com\/#\/schema\/logo\/image\/\"},\"sameAs\":[\"https:\/\/www.facebook.com\/profile.php?id=61552662104544\",\"https:\/\/www.instagram.com\/les.creas.de.jade\/\"]}]}<\/script>\n<!-- \/ Yoast SEO plugin. -->","yoast_head_json":{"title":"Panier - Les Cr\u00e9as de Jade","robots":{"index":"index","follow":"follow","max-snippet":"max-snippet:-1","max-image-preview":"max-image-preview:large","max-video-preview":"max-video-preview:-1"},"canonical":"https:\/\/lescreasdejade.com\/index.php\/panier\/","og_locale":"fr_FR","og_type":"article","og_title":"Panier - Les Cr\u00e9as de Jade","og_url":"https:\/\/lescreasdejade.com\/index.php\/panier\/","og_site_name":"Les Cr\u00e9as de Jade","article_publisher":"https:\/\/www.facebook.com\/profile.php?id=61552662104544","twitter_card":"summary_large_image","schema":{"@context":"https:\/\/schema.org","@graph":[{"@type":"WebPage","@id":"https:\/\/lescreasdejade.com\/index.php\/panier\/","url":"https:\/\/lescreasdejade.com\/index.php\/panier\/","name":"Panier - Les Cr\u00e9as de Jade","isPartOf":{"@id":"https:\/\/lescreasdejade.com\/#website"},"datePublished":"2024-04-08T11:52:09+00:00","breadcrumb":{"@id":"https:\/\/lescreasdejade.com\/index.php\/panier\/#breadcrumb"},"inLanguage":"fr-FR","potentialAction":[{"@type":"ReadAction","target":["https:\/\/lescreasdejade.com\/index.php\/panier\/"]}]},{"@type":"BreadcrumbList","@id":"https:\/\/lescreasdejade.com\/index.php\/panier\/#breadcrumb","itemListElement":[{"@type":"ListItem","position":1,"name":"Accueil","item":"https:\/\/lescreasdejade.com\/"},{"@type":"ListItem","position":2,"name":"Panier"}]},{"@type":"WebSite","@id":"https:\/\/lescreasdejade.com\/#website","url":"https:\/\/lescreasdejade.com\/","name":"Les Cr\u00e9as de Jade","description":"Des cadeaux qui vous ressemblent !","publisher":{"@id":"https:\/\/lescreasdejade.com\/#organization"},"potentialAction":[{"@type":"SearchAction","target":{"@type":"EntryPoint","urlTemplate":"https:\/\/lescreasdejade.com\/?s={search_term_string}"},"query-input":{"@type":"PropertyValueSpecification","valueRequired":true,"valueName":"search_term_string"}}],"inLanguage":"fr-FR"},{"@type":"Organization","@id":"https:\/\/lescreasdejade.com\/#organization","name":"Les Cr\u00e9as de Jade","url":"https:\/\/lescreasdejade.com\/","logo":{"@type":"ImageObject","inLanguage":"fr-FR","@id":"https:\/\/lescreasdejade.com\/#\/schema\/logo\/image\/","url":"https:\/\/lescreasdejade.com\/wp-content\/uploads\/2024\/03\/Illustration-les-creas-de-jade.jpg","contentUrl":"https:\/\/lescreasdejade.com\/wp-content\/uploads\/2024\/03\/Illustration-les-creas-de-jade.jpg","width":960,"height":960,"caption":"Les Cr\u00e9as de Jade"},"image":{"@id":"https:\/\/lescreasdejade.com\/#\/schema\/logo\/image\/"},"sameAs":["https:\/\/www.facebook.com\/profile.php?id=61552662104544","https:\/\/www.instagram.com\/les.creas.de.jade\/"]}]}},"_links":{"self":[{"href":"https:\/\/lescreasdejade.com\/index.php\/wp-json\/wp\/v2\/pages\/77","targetHints":{"allow":["GET"]}}],"collection":[{"href":"https:\/\/lescreasdejade.com\/index.php\/wp-json\/wp\/v2\/pages"}],"about":[{"href":"https:\/\/lescreasdejade.com\/index.php\/wp-json\/wp\/v2\/types\/page"}],"author":[{"embeddable":true,"href":"https:\/\/lescreasdejade.com\/index.php\/wp-json\/wp\/v2\/users\/1"}],"replies":[{"embeddable":true,"href":"https:\/\/lescreasdejade.com\/index.php\/wp-json\/wp\/v2\/comments?post=77"}],"version-history":[{"count":0,"href":"https:\/\/lescreasdejade.com\/index.php\/wp-json\/wp\/v2\/pages\/77\/revisions"}],"wp:attachment":[{"href":"https:\/\/lescreasdejade.com\/index.php\/wp-json\/wp\/v2\/media?parent=77"}],"curies":[{"name":"wp","href":"https:\/\/api.w.org\/{rel}","templated":true}]}}