{"id":167,"date":"2026-03-15T16:45:09","date_gmt":"2026-03-15T15:45:09","guid":{"rendered":"https:\/\/lescreasdejade.com\/?post_type=product&#038;p=167"},"modified":"2026-03-15T16:45:09","modified_gmt":"2026-03-15T15:45:09","slug":"tapis-de-protection-decran-tm7","status":"publish","type":"product","link":"https:\/\/lescreasdejade.com\/index.php\/produit\/tapis-de-protection-decran-tm7\/","title":{"rendered":"Tapis de protection d&rsquo;\u00e9cran TM7"},"content":{"rendered":"<p>Derri\u00e8re chaque cr\u00e9ation, il y a du temps, de la passion et l\u2019envie de faire plaisir\u2026<\/p>\n<p>Ces prot\u00e8ge-\u00e9crans pour Thermomix, imagin\u00e9s et r\u00e9alis\u00e9s avec soin, pour allier praticit\u00e9, esth\u00e9tique et personnalit\u00e9 dans la cuisine<\/p>\n<p>\ud83e\uddd1\ud83c\udffb\u200d\ud83c\udf73 Parce que cuisiner, ce n\u2019est pas seulement pr\u00e9parer des repas,<br \/>\nc\u2019est aussi partager, cr\u00e9er, prendre du temps pour soi et pour les autres.<\/p>\n<p>Le Thermomix est devenu un vrai alli\u00e9 au quotidien : il fait gagner un temps pr\u00e9cieux, surtout quand on jongle entre vie pro, cr\u00e9ation et famille<\/p>\n","protected":false},"excerpt":{"rendered":"<p>Derri\u00e8re chaque cr\u00e9ation, il y a du temps, de la passion et l\u2019envie de faire plaisir\u2026 Ces prot\u00e8ge-\u00e9crans pour Thermomix, imagin\u00e9s et r\u00e9alis\u00e9s avec soin, pour allier praticit\u00e9, esth\u00e9tique et personnalit\u00e9 dans la cuisine \ud83e\uddd1\ud83c\udffb\u200d\ud83c\udf73 Parce que cuisiner, ce n\u2019est &hellip; <a class=\"kt-excerpt-readmore more-link\" href=\"https:\/\/lescreasdejade.com\/index.php\/produit\/tapis-de-protection-decran-tm7\/\">Lire la suite<\/a><\/p>\n","protected":false},"featured_media":168,"comment_status":"open","ping_status":"closed","template":"","meta":{"kt_blocks_editor_width":"","_themeisle_gutenberg_block_has_review":false},"product_brand":[],"product_cat":[67],"product_tag":[],"class_list":{"0":"post-167","1":"product","2":"type-product","3":"status-publish","4":"has-post-thumbnail","6":"product_cat-cuisine","8":"first","9":"instock","10":"shipping-taxable","11":"purchasable","12":"product-type-simple"},"exclude_global_add_ons":[],"addons":[],"yoast_head":"<!-- This site is optimized with the Yoast SEO plugin v27.1.1 - https:\/\/yoast.com\/product\/yoast-seo-wordpress\/ -->\n<title>Tapis de protection d&#039;\u00e9cran TM7 - Les Cr\u00e9as de Jade<\/title>\n<meta name=\"robots\" content=\"index, follow, max-snippet:-1, max-image-preview:large, max-video-preview:-1\" \/>\n<link rel=\"canonical\" href=\"https:\/\/lescreasdejade.com\/index.php\/produit\/tapis-de-protection-decran-tm7\/\" \/>\n<meta property=\"og:locale\" content=\"fr_FR\" \/>\n<meta property=\"og:type\" content=\"article\" \/>\n<meta property=\"og:title\" content=\"Tapis de protection d&#039;\u00e9cran TM7 - Les Cr\u00e9as de Jade\" \/>\n<meta property=\"og:description\" content=\"Derri\u00e8re chaque cr\u00e9ation, il y a du temps, de la passion et l\u2019envie de faire plaisir\u2026 Ces prot\u00e8ge-\u00e9crans pour Thermomix, imagin\u00e9s et r\u00e9alis\u00e9s avec soin, pour allier praticit\u00e9, esth\u00e9tique et personnalit\u00e9 dans la cuisine \ud83e\uddd1\ud83c\udffb\u200d\ud83c\udf73 Parce que cuisiner, ce n\u2019est &hellip; Lire la suite\" \/>\n<meta property=\"og:url\" content=\"https:\/\/lescreasdejade.com\/index.php\/produit\/tapis-de-protection-decran-tm7\/\" \/>\n<meta property=\"og:site_name\" content=\"Les Cr\u00e9as de Jade\" \/>\n<meta property=\"article:publisher\" content=\"https:\/\/www.facebook.com\/profile.php?id=61552662104544\" \/>\n<meta property=\"og:image\" content=\"http:\/\/lescreasdejade.com\/wp-content\/uploads\/2026\/03\/IMG_20260118_102713-scaled.jpg\" \/>\n\t<meta property=\"og:image:width\" content=\"1920\" \/>\n\t<meta property=\"og:image:height\" content=\"2560\" \/>\n\t<meta property=\"og:image:type\" content=\"image\/jpeg\" \/>\n<meta name=\"twitter:card\" content=\"summary_large_image\" \/>\n<meta name=\"twitter:label1\" content=\"Dur\u00e9e de lecture estim\u00e9e\" \/>\n\t<meta name=\"twitter:data1\" content=\"1 minute\" \/>\n<script type=\"application\/ld+json\" class=\"yoast-schema-graph\">{\"@context\":\"https:\/\/schema.org\",\"@graph\":[{\"@type\":\"WebPage\",\"@id\":\"https:\/\/lescreasdejade.com\/index.php\/produit\/tapis-de-protection-decran-tm7\/\",\"url\":\"https:\/\/lescreasdejade.com\/index.php\/produit\/tapis-de-protection-decran-tm7\/\",\"name\":\"Tapis de protection d'\u00e9cran TM7 - Les Cr\u00e9as de Jade\",\"isPartOf\":{\"@id\":\"https:\/\/lescreasdejade.com\/#website\"},\"primaryImageOfPage\":{\"@id\":\"https:\/\/lescreasdejade.com\/index.php\/produit\/tapis-de-protection-decran-tm7\/#primaryimage\"},\"image\":{\"@id\":\"https:\/\/lescreasdejade.com\/index.php\/produit\/tapis-de-protection-decran-tm7\/#primaryimage\"},\"thumbnailUrl\":\"https:\/\/lescreasdejade.com\/wp-content\/uploads\/2026\/03\/IMG_20260118_102713-scaled.jpg\",\"datePublished\":\"2026-03-15T15:45:09+00:00\",\"breadcrumb\":{\"@id\":\"https:\/\/lescreasdejade.com\/index.php\/produit\/tapis-de-protection-decran-tm7\/#breadcrumb\"},\"inLanguage\":\"fr-FR\",\"potentialAction\":[{\"@type\":\"ReadAction\",\"target\":[\"https:\/\/lescreasdejade.com\/index.php\/produit\/tapis-de-protection-decran-tm7\/\"]}]},{\"@type\":\"ImageObject\",\"inLanguage\":\"fr-FR\",\"@id\":\"https:\/\/lescreasdejade.com\/index.php\/produit\/tapis-de-protection-decran-tm7\/#primaryimage\",\"url\":\"https:\/\/lescreasdejade.com\/wp-content\/uploads\/2026\/03\/IMG_20260118_102713-scaled.jpg\",\"contentUrl\":\"https:\/\/lescreasdejade.com\/wp-content\/uploads\/2026\/03\/IMG_20260118_102713-scaled.jpg\",\"width\":1920,\"height\":2560,\"caption\":\"Tapis de protection d'\u00e9cran TM7\"},{\"@type\":\"BreadcrumbList\",\"@id\":\"https:\/\/lescreasdejade.com\/index.php\/produit\/tapis-de-protection-decran-tm7\/#breadcrumb\",\"itemListElement\":[{\"@type\":\"ListItem\",\"position\":1,\"name\":\"Accueil\",\"item\":\"https:\/\/lescreasdejade.com\/\"},{\"@type\":\"ListItem\",\"position\":2,\"name\":\"Boutique\",\"item\":\"https:\/\/lescreasdejade.com\/index.php\/boutique\/\"},{\"@type\":\"ListItem\",\"position\":3,\"name\":\"Tapis de protection d&rsquo;\u00e9cran TM7\"}]},{\"@type\":\"WebSite\",\"@id\":\"https:\/\/lescreasdejade.com\/#website\",\"url\":\"https:\/\/lescreasdejade.com\/\",\"name\":\"Les Cr\u00e9as de Jade\",\"description\":\"Des cadeaux qui vous ressemblent !\",\"publisher\":{\"@id\":\"https:\/\/lescreasdejade.com\/#organization\"},\"potentialAction\":[{\"@type\":\"SearchAction\",\"target\":{\"@type\":\"EntryPoint\",\"urlTemplate\":\"https:\/\/lescreasdejade.com\/?s={search_term_string}\"},\"query-input\":{\"@type\":\"PropertyValueSpecification\",\"valueRequired\":true,\"valueName\":\"search_term_string\"}}],\"inLanguage\":\"fr-FR\"},{\"@type\":\"Organization\",\"@id\":\"https:\/\/lescreasdejade.com\/#organization\",\"name\":\"Les Cr\u00e9as de Jade\",\"url\":\"https:\/\/lescreasdejade.com\/\",\"logo\":{\"@type\":\"ImageObject\",\"inLanguage\":\"fr-FR\",\"@id\":\"https:\/\/lescreasdejade.com\/#\/schema\/logo\/image\/\",\"url\":\"https:\/\/lescreasdejade.com\/wp-content\/uploads\/2024\/03\/Illustration-les-creas-de-jade.jpg\",\"contentUrl\":\"https:\/\/lescreasdejade.com\/wp-content\/uploads\/2024\/03\/Illustration-les-creas-de-jade.jpg\",\"width\":960,\"height\":960,\"caption\":\"Les Cr\u00e9as de Jade\"},\"image\":{\"@id\":\"https:\/\/lescreasdejade.com\/#\/schema\/logo\/image\/\"},\"sameAs\":[\"https:\/\/www.facebook.com\/profile.php?id=61552662104544\",\"https:\/\/www.instagram.com\/les.creas.de.jade\/\"]}]}<\/script>\n<!-- \/ Yoast SEO plugin. -->","yoast_head_json":{"title":"Tapis de protection d'\u00e9cran TM7 - Les Cr\u00e9as de Jade","robots":{"index":"index","follow":"follow","max-snippet":"max-snippet:-1","max-image-preview":"max-image-preview:large","max-video-preview":"max-video-preview:-1"},"canonical":"https:\/\/lescreasdejade.com\/index.php\/produit\/tapis-de-protection-decran-tm7\/","og_locale":"fr_FR","og_type":"article","og_title":"Tapis de protection d'\u00e9cran TM7 - Les Cr\u00e9as de Jade","og_description":"Derri\u00e8re chaque cr\u00e9ation, il y a du temps, de la passion et l\u2019envie de faire plaisir\u2026 Ces prot\u00e8ge-\u00e9crans pour Thermomix, imagin\u00e9s et r\u00e9alis\u00e9s avec soin, pour allier praticit\u00e9, esth\u00e9tique et personnalit\u00e9 dans la cuisine \ud83e\uddd1\ud83c\udffb\u200d\ud83c\udf73 Parce que cuisiner, ce n\u2019est &hellip; Lire la suite","og_url":"https:\/\/lescreasdejade.com\/index.php\/produit\/tapis-de-protection-decran-tm7\/","og_site_name":"Les Cr\u00e9as de Jade","article_publisher":"https:\/\/www.facebook.com\/profile.php?id=61552662104544","og_image":[{"width":1920,"height":2560,"url":"http:\/\/lescreasdejade.com\/wp-content\/uploads\/2026\/03\/IMG_20260118_102713-scaled.jpg","type":"image\/jpeg"}],"twitter_card":"summary_large_image","twitter_misc":{"Dur\u00e9e de lecture estim\u00e9e":"1 minute"},"schema":{"@context":"https:\/\/schema.org","@graph":[{"@type":"WebPage","@id":"https:\/\/lescreasdejade.com\/index.php\/produit\/tapis-de-protection-decran-tm7\/","url":"https:\/\/lescreasdejade.com\/index.php\/produit\/tapis-de-protection-decran-tm7\/","name":"Tapis de protection d'\u00e9cran TM7 - Les Cr\u00e9as de Jade","isPartOf":{"@id":"https:\/\/lescreasdejade.com\/#website"},"primaryImageOfPage":{"@id":"https:\/\/lescreasdejade.com\/index.php\/produit\/tapis-de-protection-decran-tm7\/#primaryimage"},"image":{"@id":"https:\/\/lescreasdejade.com\/index.php\/produit\/tapis-de-protection-decran-tm7\/#primaryimage"},"thumbnailUrl":"https:\/\/lescreasdejade.com\/wp-content\/uploads\/2026\/03\/IMG_20260118_102713-scaled.jpg","datePublished":"2026-03-15T15:45:09+00:00","breadcrumb":{"@id":"https:\/\/lescreasdejade.com\/index.php\/produit\/tapis-de-protection-decran-tm7\/#breadcrumb"},"inLanguage":"fr-FR","potentialAction":[{"@type":"ReadAction","target":["https:\/\/lescreasdejade.com\/index.php\/produit\/tapis-de-protection-decran-tm7\/"]}]},{"@type":"ImageObject","inLanguage":"fr-FR","@id":"https:\/\/lescreasdejade.com\/index.php\/produit\/tapis-de-protection-decran-tm7\/#primaryimage","url":"https:\/\/lescreasdejade.com\/wp-content\/uploads\/2026\/03\/IMG_20260118_102713-scaled.jpg","contentUrl":"https:\/\/lescreasdejade.com\/wp-content\/uploads\/2026\/03\/IMG_20260118_102713-scaled.jpg","width":1920,"height":2560,"caption":"Tapis de protection d'\u00e9cran TM7"},{"@type":"BreadcrumbList","@id":"https:\/\/lescreasdejade.com\/index.php\/produit\/tapis-de-protection-decran-tm7\/#breadcrumb","itemListElement":[{"@type":"ListItem","position":1,"name":"Accueil","item":"https:\/\/lescreasdejade.com\/"},{"@type":"ListItem","position":2,"name":"Boutique","item":"https:\/\/lescreasdejade.com\/index.php\/boutique\/"},{"@type":"ListItem","position":3,"name":"Tapis de protection d&rsquo;\u00e9cran TM7"}]},{"@type":"WebSite","@id":"https:\/\/lescreasdejade.com\/#website","url":"https:\/\/lescreasdejade.com\/","name":"Les Cr\u00e9as de Jade","description":"Des cadeaux qui vous ressemblent !","publisher":{"@id":"https:\/\/lescreasdejade.com\/#organization"},"potentialAction":[{"@type":"SearchAction","target":{"@type":"EntryPoint","urlTemplate":"https:\/\/lescreasdejade.com\/?s={search_term_string}"},"query-input":{"@type":"PropertyValueSpecification","valueRequired":true,"valueName":"search_term_string"}}],"inLanguage":"fr-FR"},{"@type":"Organization","@id":"https:\/\/lescreasdejade.com\/#organization","name":"Les Cr\u00e9as de Jade","url":"https:\/\/lescreasdejade.com\/","logo":{"@type":"ImageObject","inLanguage":"fr-FR","@id":"https:\/\/lescreasdejade.com\/#\/schema\/logo\/image\/","url":"https:\/\/lescreasdejade.com\/wp-content\/uploads\/2024\/03\/Illustration-les-creas-de-jade.jpg","contentUrl":"https:\/\/lescreasdejade.com\/wp-content\/uploads\/2024\/03\/Illustration-les-creas-de-jade.jpg","width":960,"height":960,"caption":"Les Cr\u00e9as de Jade"},"image":{"@id":"https:\/\/lescreasdejade.com\/#\/schema\/logo\/image\/"},"sameAs":["https:\/\/www.facebook.com\/profile.php?id=61552662104544","https:\/\/www.instagram.com\/les.creas.de.jade\/"]}]}},"_links":{"self":[{"href":"https:\/\/lescreasdejade.com\/index.php\/wp-json\/wp\/v2\/product\/167","targetHints":{"allow":["GET"]}}],"collection":[{"href":"https:\/\/lescreasdejade.com\/index.php\/wp-json\/wp\/v2\/product"}],"about":[{"href":"https:\/\/lescreasdejade.com\/index.php\/wp-json\/wp\/v2\/types\/product"}],"replies":[{"embeddable":true,"href":"https:\/\/lescreasdejade.com\/index.php\/wp-json\/wp\/v2\/comments?post=167"}],"wp:featuredmedia":[{"embeddable":true,"href":"https:\/\/lescreasdejade.com\/index.php\/wp-json\/wp\/v2\/media\/168"}],"wp:attachment":[{"href":"https:\/\/lescreasdejade.com\/index.php\/wp-json\/wp\/v2\/media?parent=167"}],"wp:term":[{"taxonomy":"product_brand","embeddable":true,"href":"https:\/\/lescreasdejade.com\/index.php\/wp-json\/wp\/v2\/product_brand?post=167"},{"taxonomy":"product_cat","embeddable":true,"href":"https:\/\/lescreasdejade.com\/index.php\/wp-json\/wp\/v2\/product_cat?post=167"},{"taxonomy":"product_tag","embeddable":true,"href":"https:\/\/lescreasdejade.com\/index.php\/wp-json\/wp\/v2\/product_tag?post=167"}],"curies":[{"name":"wp","href":"https:\/\/api.w.org\/{rel}","templated":true}]}}