{"id":169,"date":"2026-03-15T16:59:57","date_gmt":"2026-03-15T15:59:57","guid":{"rendered":"https:\/\/lescreasdejade.com\/?post_type=product&#038;p=169"},"modified":"2026-03-16T15:25:05","modified_gmt":"2026-03-16T14:25:05","slug":"morpion-version-lapins","status":"publish","type":"product","link":"https:\/\/lescreasdejade.com\/index.php\/produit\/morpion-version-lapins\/","title":{"rendered":"Morpion version lapins"},"content":{"rendered":"<p>&nbsp;<\/p>\n<div id=\"kad-wp-gallery83\" class=\"kad-wp-gallery kt-gallery-column-3 kad-light-gallery clearfix row-margin-small\"><div class=\"col-xxl-25 col-xl-3 col-lg-4 col-md-4 col-sm-4 col-xs-6 col-ss-12 g_item\"><div class=\"grid_item gallery_item\"><a href=\"https:\/\/lescreasdejade.com\/wp-content\/uploads\/2026\/03\/Mise-en-Scene-du-Produit-383b109c-a453-45df-b995-1103e1acc6a8.jpg\" data-rel=\"lightbox\" class=\"gallery-link\"><div class=\"kt-intrinsic\" style=\"padding-bottom:100%;\" itemprop=\"image\" itemscope itemtype=\"http:\/\/schema.org\/ImageObject\"><img loading=\"lazy\" decoding=\"async\" src=\"https:\/\/lescreasdejade.com\/wp-content\/uploads\/2026\/03\/Mise-en-Scene-du-Produit-383b109c-a453-45df-b995-1103e1acc6a8-400x400.jpg\" width=\"400\" height=\"400\" alt=\"morpion enfant adulte\" srcset=\"https:\/\/lescreasdejade.com\/wp-content\/uploads\/2026\/03\/Mise-en-Scene-du-Produit-383b109c-a453-45df-b995-1103e1acc6a8-400x400.jpg 400w, https:\/\/lescreasdejade.com\/wp-content\/uploads\/2026\/03\/Mise-en-Scene-du-Produit-383b109c-a453-45df-b995-1103e1acc6a8-100x100.jpg 100w, https:\/\/lescreasdejade.com\/wp-content\/uploads\/2026\/03\/Mise-en-Scene-du-Produit-383b109c-a453-45df-b995-1103e1acc6a8-150x150.jpg 150w, https:\/\/lescreasdejade.com\/wp-content\/uploads\/2026\/03\/Mise-en-Scene-du-Produit-383b109c-a453-45df-b995-1103e1acc6a8-600x600.jpg 600w, https:\/\/lescreasdejade.com\/wp-content\/uploads\/2026\/03\/Mise-en-Scene-du-Produit-383b109c-a453-45df-b995-1103e1acc6a8-800x800.jpg 800w, https:\/\/lescreasdejade.com\/wp-content\/uploads\/2026\/03\/Mise-en-Scene-du-Produit-383b109c-a453-45df-b995-1103e1acc6a8-460x460.jpg 460w\" sizes=\"auto, (max-width: 400px) 100vw, 400px\" class=\"kt-gallery-img\" itemprop=\"contentUrl\" \/><meta itemprop=\"url\" content=\"https:\/\/lescreasdejade.com\/wp-content\/uploads\/2026\/03\/Mise-en-Scene-du-Produit-383b109c-a453-45df-b995-1103e1acc6a8-400x400.jpg\"><meta itemprop=\"width\" content=\"400\"><meta itemprop=\"height\" content=\"400>\"><\/div><\/a><\/div><\/div><div class=\"col-xxl-25 col-xl-3 col-lg-4 col-md-4 col-sm-4 col-xs-6 col-ss-12 g_item\"><div class=\"grid_item gallery_item\"><a href=\"https:\/\/lescreasdejade.com\/wp-content\/uploads\/2026\/03\/Mise-en-Scene-du-Produit-16d27b7a-b007-4e07-8503-9657a7218d6b.jpg\" data-rel=\"lightbox\" class=\"gallery-link\"><div class=\"kt-intrinsic\" style=\"padding-bottom:100%;\" itemprop=\"image\" itemscope itemtype=\"http:\/\/schema.org\/ImageObject\"><img loading=\"lazy\" decoding=\"async\" src=\"https:\/\/lescreasdejade.com\/wp-content\/uploads\/2026\/03\/Mise-en-Scene-du-Produit-16d27b7a-b007-4e07-8503-9657a7218d6b-400x400.jpg\" width=\"400\" height=\"400\" alt=\"\" srcset=\"https:\/\/lescreasdejade.com\/wp-content\/uploads\/2026\/03\/Mise-en-Scene-du-Produit-16d27b7a-b007-4e07-8503-9657a7218d6b-400x400.jpg 400w, https:\/\/lescreasdejade.com\/wp-content\/uploads\/2026\/03\/Mise-en-Scene-du-Produit-16d27b7a-b007-4e07-8503-9657a7218d6b-100x100.jpg 100w, https:\/\/lescreasdejade.com\/wp-content\/uploads\/2026\/03\/Mise-en-Scene-du-Produit-16d27b7a-b007-4e07-8503-9657a7218d6b-150x150.jpg 150w, https:\/\/lescreasdejade.com\/wp-content\/uploads\/2026\/03\/Mise-en-Scene-du-Produit-16d27b7a-b007-4e07-8503-9657a7218d6b-600x600.jpg 600w, https:\/\/lescreasdejade.com\/wp-content\/uploads\/2026\/03\/Mise-en-Scene-du-Produit-16d27b7a-b007-4e07-8503-9657a7218d6b-800x800.jpg 800w, https:\/\/lescreasdejade.com\/wp-content\/uploads\/2026\/03\/Mise-en-Scene-du-Produit-16d27b7a-b007-4e07-8503-9657a7218d6b-460x460.jpg 460w\" sizes=\"auto, (max-width: 400px) 100vw, 400px\" class=\"kt-gallery-img\" itemprop=\"contentUrl\" \/><meta itemprop=\"url\" content=\"https:\/\/lescreasdejade.com\/wp-content\/uploads\/2026\/03\/Mise-en-Scene-du-Produit-16d27b7a-b007-4e07-8503-9657a7218d6b-400x400.jpg\"><meta itemprop=\"width\" content=\"400\"><meta itemprop=\"height\" content=\"400>\"><\/div><\/a><\/div><\/div><div class=\"col-xxl-25 col-xl-3 col-lg-4 col-md-4 col-sm-4 col-xs-6 col-ss-12 g_item\"><div class=\"grid_item gallery_item\"><a href=\"https:\/\/lescreasdejade.com\/wp-content\/uploads\/2026\/03\/IMG_20260315_151720-scaled.jpg\" data-rel=\"lightbox\" class=\"gallery-link\"><div class=\"kt-intrinsic\" style=\"padding-bottom:100%;\" itemprop=\"image\" itemscope itemtype=\"http:\/\/schema.org\/ImageObject\"><img loading=\"lazy\" decoding=\"async\" src=\"https:\/\/lescreasdejade.com\/wp-content\/uploads\/2026\/03\/IMG_20260315_151720-scaled-400x400.jpg\" width=\"400\" height=\"400\" alt=\"morpion lapin sur pelouse\" srcset=\"https:\/\/lescreasdejade.com\/wp-content\/uploads\/2026\/03\/IMG_20260315_151720-scaled-400x400.jpg 400w, https:\/\/lescreasdejade.com\/wp-content\/uploads\/2026\/03\/IMG_20260315_151720-scaled-100x100.jpg 100w, https:\/\/lescreasdejade.com\/wp-content\/uploads\/2026\/03\/IMG_20260315_151720-150x150.jpg 150w, https:\/\/lescreasdejade.com\/wp-content\/uploads\/2026\/03\/IMG_20260315_151720-scaled-600x600.jpg 600w, https:\/\/lescreasdejade.com\/wp-content\/uploads\/2026\/03\/IMG_20260315_151720-scaled-800x800.jpg 800w, https:\/\/lescreasdejade.com\/wp-content\/uploads\/2026\/03\/IMG_20260315_151720-scaled-300x300.jpg 300w, https:\/\/lescreasdejade.com\/wp-content\/uploads\/2026\/03\/IMG_20260315_151720-scaled-920x920.jpg 920w, https:\/\/lescreasdejade.com\/wp-content\/uploads\/2026\/03\/IMG_20260315_151720-scaled-460x460.jpg 460w\" sizes=\"auto, (max-width: 400px) 100vw, 400px\" class=\"kt-gallery-img\" itemprop=\"contentUrl\" \/><meta itemprop=\"url\" content=\"https:\/\/lescreasdejade.com\/wp-content\/uploads\/2026\/03\/IMG_20260315_151720-scaled-400x400.jpg\"><meta itemprop=\"width\" content=\"400\"><meta itemprop=\"height\" content=\"400>\"><\/div><\/a><\/div><\/div><\/div>\n<p>Cette ann\u00e9e, les lapins envahissent le jeu du morpion !<\/p>\n<p>Un petit jeu simple, dr\u00f4le et parfait pour P\u00e2ques : le morpion version lapins !<\/p>\n<p>Le principe est le m\u00eame\u2026 mais ici ce sont les lapins qui doivent s\u2019aligner pour gagner la partie \ud83d\udc07<\/p>\n<p>\u2728 Id\u00e9al pour :<br \/>\n\u2022 un petit cadeau de P\u00e2ques<br \/>\n\u2022 occuper les enfants pendant le week-end<br \/>\n\u2022 jouer en famille ou entre amis<br \/>\n\u2022 glisser dans le panier de P\u00e2ques<\/p>\n<p>\ud83d\udcb0 Prix : 10 \u20ac<br \/>\n\u270f\ufe0f Pr\u00e9nom grav\u00e9 : +2,50 \u20ac<\/p>\n<p>\ud83c\udf81 Une petite id\u00e9e cadeau originale qui change du chocolat !<\/p>\n","protected":false},"excerpt":{"rendered":"<p>&nbsp; Cette ann\u00e9e, les lapins envahissent le jeu du morpion ! Un petit jeu simple, dr\u00f4le et parfait pour P\u00e2ques : le morpion version lapins ! Le principe est le m\u00eame\u2026 mais ici ce sont les lapins qui doivent s\u2019aligner &hellip; <a class=\"kt-excerpt-readmore more-link\" href=\"https:\/\/lescreasdejade.com\/index.php\/produit\/morpion-version-lapins\/\">Lire la suite<\/a><\/p>\n","protected":false},"featured_media":170,"comment_status":"open","ping_status":"closed","template":"","meta":{"kt_blocks_editor_width":"","_themeisle_gutenberg_block_has_review":false},"product_brand":[],"product_cat":[68],"product_tag":[],"class_list":{"0":"post-169","1":"product","2":"type-product","3":"status-publish","4":"has-post-thumbnail","6":"product_cat-paques","8":"first","9":"instock","10":"shipping-taxable","11":"purchasable","12":"product-type-simple"},"exclude_global_add_ons":false,"addons":[{"name":"Pr\u00e9nom de l'enfant","type":"custom_text","position":0,"required":true,"title_format":"label","default":"","description_enable":false,"description":"","placeholder_enable":false,"placeholder":"","display":"select","restrictions_type":"any_text","adjust_price":true,"price":"2.50","price_type":"flat_fee","restrictions":false,"min":"0","max":"0","options":[],"id":1773595476}],"yoast_head":"<!-- This site is optimized with the Yoast SEO plugin v27.1.1 - https:\/\/yoast.com\/product\/yoast-seo-wordpress\/ -->\n<title>Morpion version lapins - Les Cr\u00e9as de Jade<\/title>\n<meta name=\"robots\" content=\"index, follow, max-snippet:-1, max-image-preview:large, max-video-preview:-1\" \/>\n<link rel=\"canonical\" href=\"https:\/\/lescreasdejade.com\/index.php\/produit\/morpion-version-lapins\/\" \/>\n<meta property=\"og:locale\" content=\"fr_FR\" \/>\n<meta property=\"og:type\" content=\"article\" \/>\n<meta property=\"og:title\" content=\"Morpion version lapins - Les Cr\u00e9as de Jade\" \/>\n<meta property=\"og:description\" content=\"&nbsp; Cette ann\u00e9e, les lapins envahissent le jeu du morpion ! Un petit jeu simple, dr\u00f4le et parfait pour P\u00e2ques : le morpion version lapins ! Le principe est le m\u00eame\u2026 mais ici ce sont les lapins qui doivent s\u2019aligner &hellip; Lire la suite\" \/>\n<meta property=\"og:url\" content=\"https:\/\/lescreasdejade.com\/index.php\/produit\/morpion-version-lapins\/\" \/>\n<meta property=\"og:site_name\" content=\"Les Cr\u00e9as de Jade\" \/>\n<meta property=\"article:publisher\" content=\"https:\/\/www.facebook.com\/profile.php?id=61552662104544\" \/>\n<meta property=\"article:modified_time\" content=\"2026-03-16T14:25:05+00:00\" \/>\n<meta property=\"og:image\" content=\"http:\/\/lescreasdejade.com\/wp-content\/uploads\/2026\/03\/IMG_20260315_151720-scaled.jpg\" \/>\n\t<meta property=\"og:image:width\" content=\"1919\" \/>\n\t<meta property=\"og:image:height\" content=\"2560\" \/>\n\t<meta property=\"og:image:type\" content=\"image\/jpeg\" \/>\n<meta name=\"twitter:card\" content=\"summary_large_image\" \/>\n<meta name=\"twitter:label1\" content=\"Dur\u00e9e de lecture estim\u00e9e\" \/>\n\t<meta name=\"twitter:data1\" content=\"1 minute\" \/>\n<script type=\"application\/ld+json\" class=\"yoast-schema-graph\">{\"@context\":\"https:\/\/schema.org\",\"@graph\":[{\"@type\":\"WebPage\",\"@id\":\"https:\/\/lescreasdejade.com\/index.php\/produit\/morpion-version-lapins\/\",\"url\":\"https:\/\/lescreasdejade.com\/index.php\/produit\/morpion-version-lapins\/\",\"name\":\"Morpion version lapins - Les Cr\u00e9as de Jade\",\"isPartOf\":{\"@id\":\"https:\/\/lescreasdejade.com\/#website\"},\"primaryImageOfPage\":{\"@id\":\"https:\/\/lescreasdejade.com\/index.php\/produit\/morpion-version-lapins\/#primaryimage\"},\"image\":{\"@id\":\"https:\/\/lescreasdejade.com\/index.php\/produit\/morpion-version-lapins\/#primaryimage\"},\"thumbnailUrl\":\"https:\/\/lescreasdejade.com\/wp-content\/uploads\/2026\/03\/IMG_20260315_151720-scaled.jpg\",\"datePublished\":\"2026-03-15T15:59:57+00:00\",\"dateModified\":\"2026-03-16T14:25:05+00:00\",\"breadcrumb\":{\"@id\":\"https:\/\/lescreasdejade.com\/index.php\/produit\/morpion-version-lapins\/#breadcrumb\"},\"inLanguage\":\"fr-FR\",\"potentialAction\":[{\"@type\":\"ReadAction\",\"target\":[\"https:\/\/lescreasdejade.com\/index.php\/produit\/morpion-version-lapins\/\"]}]},{\"@type\":\"ImageObject\",\"inLanguage\":\"fr-FR\",\"@id\":\"https:\/\/lescreasdejade.com\/index.php\/produit\/morpion-version-lapins\/#primaryimage\",\"url\":\"https:\/\/lescreasdejade.com\/wp-content\/uploads\/2026\/03\/IMG_20260315_151720-scaled.jpg\",\"contentUrl\":\"https:\/\/lescreasdejade.com\/wp-content\/uploads\/2026\/03\/IMG_20260315_151720-scaled.jpg\",\"width\":1919,\"height\":2560,\"caption\":\"morpion lapin sur pelouse\"},{\"@type\":\"BreadcrumbList\",\"@id\":\"https:\/\/lescreasdejade.com\/index.php\/produit\/morpion-version-lapins\/#breadcrumb\",\"itemListElement\":[{\"@type\":\"ListItem\",\"position\":1,\"name\":\"Accueil\",\"item\":\"https:\/\/lescreasdejade.com\/\"},{\"@type\":\"ListItem\",\"position\":2,\"name\":\"Boutique\",\"item\":\"https:\/\/lescreasdejade.com\/index.php\/boutique\/\"},{\"@type\":\"ListItem\",\"position\":3,\"name\":\"Morpion version lapins\"}]},{\"@type\":\"WebSite\",\"@id\":\"https:\/\/lescreasdejade.com\/#website\",\"url\":\"https:\/\/lescreasdejade.com\/\",\"name\":\"Les Cr\u00e9as de Jade\",\"description\":\"Des cadeaux qui vous ressemblent !\",\"publisher\":{\"@id\":\"https:\/\/lescreasdejade.com\/#organization\"},\"potentialAction\":[{\"@type\":\"SearchAction\",\"target\":{\"@type\":\"EntryPoint\",\"urlTemplate\":\"https:\/\/lescreasdejade.com\/?s={search_term_string}\"},\"query-input\":{\"@type\":\"PropertyValueSpecification\",\"valueRequired\":true,\"valueName\":\"search_term_string\"}}],\"inLanguage\":\"fr-FR\"},{\"@type\":\"Organization\",\"@id\":\"https:\/\/lescreasdejade.com\/#organization\",\"name\":\"Les Cr\u00e9as de Jade\",\"url\":\"https:\/\/lescreasdejade.com\/\",\"logo\":{\"@type\":\"ImageObject\",\"inLanguage\":\"fr-FR\",\"@id\":\"https:\/\/lescreasdejade.com\/#\/schema\/logo\/image\/\",\"url\":\"https:\/\/lescreasdejade.com\/wp-content\/uploads\/2024\/03\/Illustration-les-creas-de-jade.jpg\",\"contentUrl\":\"https:\/\/lescreasdejade.com\/wp-content\/uploads\/2024\/03\/Illustration-les-creas-de-jade.jpg\",\"width\":960,\"height\":960,\"caption\":\"Les Cr\u00e9as de Jade\"},\"image\":{\"@id\":\"https:\/\/lescreasdejade.com\/#\/schema\/logo\/image\/\"},\"sameAs\":[\"https:\/\/www.facebook.com\/profile.php?id=61552662104544\",\"https:\/\/www.instagram.com\/les.creas.de.jade\/\"]}]}<\/script>\n<!-- \/ Yoast SEO plugin. -->","yoast_head_json":{"title":"Morpion version lapins - Les Cr\u00e9as de Jade","robots":{"index":"index","follow":"follow","max-snippet":"max-snippet:-1","max-image-preview":"max-image-preview:large","max-video-preview":"max-video-preview:-1"},"canonical":"https:\/\/lescreasdejade.com\/index.php\/produit\/morpion-version-lapins\/","og_locale":"fr_FR","og_type":"article","og_title":"Morpion version lapins - Les Cr\u00e9as de Jade","og_description":"&nbsp; Cette ann\u00e9e, les lapins envahissent le jeu du morpion ! Un petit jeu simple, dr\u00f4le et parfait pour P\u00e2ques : le morpion version lapins ! Le principe est le m\u00eame\u2026 mais ici ce sont les lapins qui doivent s\u2019aligner &hellip; Lire la suite","og_url":"https:\/\/lescreasdejade.com\/index.php\/produit\/morpion-version-lapins\/","og_site_name":"Les Cr\u00e9as de Jade","article_publisher":"https:\/\/www.facebook.com\/profile.php?id=61552662104544","article_modified_time":"2026-03-16T14:25:05+00:00","og_image":[{"width":1919,"height":2560,"url":"http:\/\/lescreasdejade.com\/wp-content\/uploads\/2026\/03\/IMG_20260315_151720-scaled.jpg","type":"image\/jpeg"}],"twitter_card":"summary_large_image","twitter_misc":{"Dur\u00e9e de lecture estim\u00e9e":"1 minute"},"schema":{"@context":"https:\/\/schema.org","@graph":[{"@type":"WebPage","@id":"https:\/\/lescreasdejade.com\/index.php\/produit\/morpion-version-lapins\/","url":"https:\/\/lescreasdejade.com\/index.php\/produit\/morpion-version-lapins\/","name":"Morpion version lapins - Les Cr\u00e9as de Jade","isPartOf":{"@id":"https:\/\/lescreasdejade.com\/#website"},"primaryImageOfPage":{"@id":"https:\/\/lescreasdejade.com\/index.php\/produit\/morpion-version-lapins\/#primaryimage"},"image":{"@id":"https:\/\/lescreasdejade.com\/index.php\/produit\/morpion-version-lapins\/#primaryimage"},"thumbnailUrl":"https:\/\/lescreasdejade.com\/wp-content\/uploads\/2026\/03\/IMG_20260315_151720-scaled.jpg","datePublished":"2026-03-15T15:59:57+00:00","dateModified":"2026-03-16T14:25:05+00:00","breadcrumb":{"@id":"https:\/\/lescreasdejade.com\/index.php\/produit\/morpion-version-lapins\/#breadcrumb"},"inLanguage":"fr-FR","potentialAction":[{"@type":"ReadAction","target":["https:\/\/lescreasdejade.com\/index.php\/produit\/morpion-version-lapins\/"]}]},{"@type":"ImageObject","inLanguage":"fr-FR","@id":"https:\/\/lescreasdejade.com\/index.php\/produit\/morpion-version-lapins\/#primaryimage","url":"https:\/\/lescreasdejade.com\/wp-content\/uploads\/2026\/03\/IMG_20260315_151720-scaled.jpg","contentUrl":"https:\/\/lescreasdejade.com\/wp-content\/uploads\/2026\/03\/IMG_20260315_151720-scaled.jpg","width":1919,"height":2560,"caption":"morpion lapin sur pelouse"},{"@type":"BreadcrumbList","@id":"https:\/\/lescreasdejade.com\/index.php\/produit\/morpion-version-lapins\/#breadcrumb","itemListElement":[{"@type":"ListItem","position":1,"name":"Accueil","item":"https:\/\/lescreasdejade.com\/"},{"@type":"ListItem","position":2,"name":"Boutique","item":"https:\/\/lescreasdejade.com\/index.php\/boutique\/"},{"@type":"ListItem","position":3,"name":"Morpion version lapins"}]},{"@type":"WebSite","@id":"https:\/\/lescreasdejade.com\/#website","url":"https:\/\/lescreasdejade.com\/","name":"Les Cr\u00e9as de Jade","description":"Des cadeaux qui vous ressemblent !","publisher":{"@id":"https:\/\/lescreasdejade.com\/#organization"},"potentialAction":[{"@type":"SearchAction","target":{"@type":"EntryPoint","urlTemplate":"https:\/\/lescreasdejade.com\/?s={search_term_string}"},"query-input":{"@type":"PropertyValueSpecification","valueRequired":true,"valueName":"search_term_string"}}],"inLanguage":"fr-FR"},{"@type":"Organization","@id":"https:\/\/lescreasdejade.com\/#organization","name":"Les Cr\u00e9as de Jade","url":"https:\/\/lescreasdejade.com\/","logo":{"@type":"ImageObject","inLanguage":"fr-FR","@id":"https:\/\/lescreasdejade.com\/#\/schema\/logo\/image\/","url":"https:\/\/lescreasdejade.com\/wp-content\/uploads\/2024\/03\/Illustration-les-creas-de-jade.jpg","contentUrl":"https:\/\/lescreasdejade.com\/wp-content\/uploads\/2024\/03\/Illustration-les-creas-de-jade.jpg","width":960,"height":960,"caption":"Les Cr\u00e9as de Jade"},"image":{"@id":"https:\/\/lescreasdejade.com\/#\/schema\/logo\/image\/"},"sameAs":["https:\/\/www.facebook.com\/profile.php?id=61552662104544","https:\/\/www.instagram.com\/les.creas.de.jade\/"]}]}},"_links":{"self":[{"href":"https:\/\/lescreasdejade.com\/index.php\/wp-json\/wp\/v2\/product\/169","targetHints":{"allow":["GET"]}}],"collection":[{"href":"https:\/\/lescreasdejade.com\/index.php\/wp-json\/wp\/v2\/product"}],"about":[{"href":"https:\/\/lescreasdejade.com\/index.php\/wp-json\/wp\/v2\/types\/product"}],"replies":[{"embeddable":true,"href":"https:\/\/lescreasdejade.com\/index.php\/wp-json\/wp\/v2\/comments?post=169"}],"wp:featuredmedia":[{"embeddable":true,"href":"https:\/\/lescreasdejade.com\/index.php\/wp-json\/wp\/v2\/media\/170"}],"wp:attachment":[{"href":"https:\/\/lescreasdejade.com\/index.php\/wp-json\/wp\/v2\/media?parent=169"}],"wp:term":[{"taxonomy":"product_brand","embeddable":true,"href":"https:\/\/lescreasdejade.com\/index.php\/wp-json\/wp\/v2\/product_brand?post=169"},{"taxonomy":"product_cat","embeddable":true,"href":"https:\/\/lescreasdejade.com\/index.php\/wp-json\/wp\/v2\/product_cat?post=169"},{"taxonomy":"product_tag","embeddable":true,"href":"https:\/\/lescreasdejade.com\/index.php\/wp-json\/wp\/v2\/product_tag?post=169"}],"curies":[{"name":"wp","href":"https:\/\/api.w.org\/{rel}","templated":true}]}}