{"id":175,"date":"2026-03-15T17:44:32","date_gmt":"2026-03-15T16:44:32","guid":{"rendered":"https:\/\/lescreasdejade.com\/?post_type=product&#038;p=175"},"modified":"2026-03-15T18:00:00","modified_gmt":"2026-03-15T17:00:00","slug":"assiette","status":"publish","type":"product","link":"https:\/\/lescreasdejade.com\/index.php\/produit\/assiette\/","title":{"rendered":"Assiette en Porcelaine"},"content":{"rendered":"<div class=\"xdj266r x14z9mp xat24cr x1lziwak x1vvkbs x126k92a\">\n<div dir=\"auto\">Parce que certains moments m\u00e9ritent mieux qu\u2019un simple message<\/div>\n<\/div>\n<div class=\"x14z9mp xat24cr x1lziwak x1vvkbs xtlvy1s x126k92a\">\n<div dir=\"auto\">Il y a des phrases qui changent tout.<\/div>\n<div dir=\"auto\">Des mots qu\u2019on n\u2019oublie jamais.<\/div>\n<\/div>\n<div class=\"x14z9mp xat24cr x1lziwak x1vvkbs xtlvy1s x126k92a\">\n<div dir=\"auto\">Des instants qu\u2019on veut graver pour toujours <span class=\"html-span xexx8yu xyri2b x18d9i69 x1c1uobl x1hl2dhg x16tdsg8 x1vvkbs x3nfvp2 x1j61x8r x1fcty0u xdj266r xat24cr xm2jcoa x1mpyi22 xxymvpz xlup9mm x1kky2od\"><img loading=\"lazy\" decoding=\"async\" class=\"xz74otr x15mokao x1ga7v0g x16uus16 xbiv7yw\" src=\"https:\/\/static.xx.fbcdn.net\/images\/emoji.php\/v9\/tc5\/1\/16\/1f90d.png\" alt=\"\ud83e\udd0d\" width=\"16\" height=\"16\" \/><\/span><\/div>\n<div dir=\"auto\"><\/div>\n<\/div>\n<div class=\"x14z9mp xat24cr x1lziwak x1vvkbs xtlvy1s x126k92a\">\n<div dir=\"auto\">Ces assiettes en porcelaine ne sont pas de simples assiettes.<\/div>\n<div dir=\"auto\"><\/div>\n<div dir=\"auto\">Elles portent une \u00e9motion, une annonce, une promesse.<\/div>\n<\/div>\n<div class=\"x14z9mp xat24cr x1lziwak x1vvkbs xtlvy1s x126k92a\">\n<div dir=\"auto\"><span class=\"html-span xexx8yu xyri2b x18d9i69 x1c1uobl x1hl2dhg x16tdsg8 x1vvkbs x3nfvp2 x1j61x8r x1fcty0u xdj266r xat24cr xm2jcoa x1mpyi22 xxymvpz xlup9mm x1kky2od\"><img loading=\"lazy\" decoding=\"async\" class=\"xz74otr x15mokao x1ga7v0g x16uus16 xbiv7yw\" src=\"https:\/\/static.xx.fbcdn.net\/images\/emoji.php\/v9\/t78\/1\/16\/1f48d.png\" alt=\"\ud83d\udc8d\" width=\"16\" height=\"16\" \/><\/span> Veux-tu m\u2019\u00e9pouser ?<\/div>\n<div dir=\"auto\"><span class=\"html-span xexx8yu xyri2b x18d9i69 x1c1uobl x1hl2dhg x16tdsg8 x1vvkbs x3nfvp2 x1j61x8r x1fcty0u xdj266r xat24cr xm2jcoa x1mpyi22 xxymvpz xlup9mm x1kky2od\"><img loading=\"lazy\" decoding=\"async\" class=\"xz74otr x15mokao x1ga7v0g x16uus16 xbiv7yw\" src=\"https:\/\/static.xx.fbcdn.net\/images\/emoji.php\/v9\/t93\/1\/16\/1f470_200d_2640.png\" alt=\"\ud83d\udc70\u200d\u2640\ufe0f\" width=\"16\" height=\"16\" \/><\/span> Veux-tu \u00eatre ma t\u00e9moin ?<\/div>\n<div dir=\"auto\"><span class=\"html-span xexx8yu xyri2b x18d9i69 x1c1uobl x1hl2dhg x16tdsg8 x1vvkbs x3nfvp2 x1j61x8r x1fcty0u xdj266r xat24cr xm2jcoa x1mpyi22 xxymvpz xlup9mm x1kky2od\"><img loading=\"lazy\" decoding=\"async\" class=\"xz74otr x15mokao x1ga7v0g x16uus16 xbiv7yw\" src=\"https:\/\/static.xx.fbcdn.net\/images\/emoji.php\/v9\/tab\/1\/16\/1f476.png\" alt=\"\ud83d\udc76\" width=\"16\" height=\"16\" \/><\/span> Une surprise arrive\u2026<\/div>\n<div dir=\"auto\"><span class=\"html-span xexx8yu xyri2b x18d9i69 x1c1uobl x1hl2dhg x16tdsg8 x1vvkbs x3nfvp2 x1j61x8r x1fcty0u xdj266r xat24cr xm2jcoa x1mpyi22 xxymvpz xlup9mm x1kky2od\"><img loading=\"lazy\" decoding=\"async\" class=\"xz74otr x15mokao x1ga7v0g x16uus16 xbiv7yw\" src=\"https:\/\/static.xx.fbcdn.net\/images\/emoji.php\/v9\/t15\/1\/16\/1f49b.png\" alt=\"\ud83d\udc9b\" width=\"16\" height=\"16\" \/><\/span> Un mot doux, une date, un souvenir, un tatouage ,une image &#8230;<\/div>\n<\/div>\n<div class=\"x14z9mp xat24cr x1lziwak x1vvkbs xtlvy1s x126k92a\">\n<div dir=\"auto\">\u00c0 poser sur une table, \u00e0\u00a0utiliser pour servir un plat charg\u00e9 de sens, ou simplement \u00e0 exposer comme un objet d\u00e9coratif\u2026<\/div>\n<\/div>\n<div class=\"x14z9mp xat24cr x1lziwak x1vvkbs xtlvy1s x126k92a\">\n<div dir=\"auto\">Chaque assiette est grav\u00e9e \u00e0 la demande, pens\u00e9e pour raconter ton histoire et transformer un moment en souvenir inoubliable <span class=\"html-span xexx8yu xyri2b x18d9i69 x1c1uobl x1hl2dhg x16tdsg8 x1vvkbs x3nfvp2 x1j61x8r x1fcty0u xdj266r xat24cr xm2jcoa x1mpyi22 xxymvpz xlup9mm x1kky2od\"><img loading=\"lazy\" decoding=\"async\" class=\"xz74otr x15mokao x1ga7v0g x16uus16 xbiv7yw\" src=\"https:\/\/static.xx.fbcdn.net\/images\/emoji.php\/v9\/tf4\/1\/16\/2728.png\" alt=\"\u2728\" width=\"16\" height=\"16\" \/><\/span><\/div>\n<div dir=\"auto\"><\/div>\n<\/div>\n<div class=\"x14z9mp xat24cr x1lziwak x1vvkbs xtlvy1s x126k92a\">\n<div dir=\"auto\"><span class=\"html-span xexx8yu xyri2b x18d9i69 x1c1uobl x1hl2dhg x16tdsg8 x1vvkbs x3nfvp2 x1j61x8r x1fcty0u xdj266r xat24cr xm2jcoa x1mpyi22 xxymvpz xlup9mm x1kky2od\"><img loading=\"lazy\" decoding=\"async\" class=\"xz74otr x15mokao x1ga7v0g x16uus16 xbiv7yw\" src=\"https:\/\/static.xx.fbcdn.net\/images\/emoji.php\/v9\/t84\/1\/16\/1f381.png\" alt=\"\ud83c\udf81\" width=\"16\" height=\"16\" \/><\/span> Une id\u00e9e de cadeau originale, durable et pleine d\u2019\u00e9motion<\/div>\n<\/div>\n<div class=\"x14z9mp xat24cr x1lziwak x1vvkbs xtlvy1s x126k92a\">\n<div dir=\"auto\"><span class=\"html-span xexx8yu xyri2b x18d9i69 x1c1uobl x1hl2dhg x16tdsg8 x1vvkbs x3nfvp2 x1j61x8r x1fcty0u xdj266r xat24cr xm2jcoa x1mpyi22 xxymvpz xlup9mm x1kky2od\"><img loading=\"lazy\" decoding=\"async\" class=\"xz74otr x15mokao x1ga7v0g x16uus16 xbiv7yw\" src=\"https:\/\/static.xx.fbcdn.net\/images\/emoji.php\/v9\/tc0\/1\/16\/1f4e9.png\" alt=\"\ud83d\udce9\" width=\"16\" height=\"16\" \/><\/span> Personnalisation sur mesure<\/div>\n<div dir=\"auto\"><span class=\"html-span xexx8yu xyri2b x18d9i69 x1c1uobl x1hl2dhg x16tdsg8 x1vvkbs x3nfvp2 x1j61x8r x1fcty0u xdj266r xat24cr xm2jcoa x1mpyi22 xxymvpz xlup9mm x1kky2od\"><img loading=\"lazy\" decoding=\"async\" class=\"xz74otr x15mokao x1ga7v0g x16uus16 xbiv7yw\" src=\"https:\/\/static.xx.fbcdn.net\/images\/emoji.php\/v9\/tc5\/1\/16\/1f90d.png\" alt=\"\ud83e\udd0d\" width=\"16\" height=\"16\" \/><\/span> Pi\u00e8ce unique, cr\u00e9\u00e9e sp\u00e9cialement pour toi<\/div>\n<\/div>\n<div class=\"x14z9mp xat24cr x1lziwak x1vvkbs xtlvy1s x126k92a\">\n<div dir=\"auto\"><span class=\"html-span xexx8yu xyri2b x18d9i69 x1c1uobl x1hl2dhg x16tdsg8 x1vvkbs x3nfvp2 x1j61x8r x1fcty0u xdj266r xat24cr xm2jcoa x1mpyi22 xxymvpz xlup9mm x1kky2od\"><img loading=\"lazy\" decoding=\"async\" class=\"xz74otr x15mokao x1ga7v0g x16uus16 xbiv7yw\" src=\"https:\/\/static.xx.fbcdn.net\/images\/emoji.php\/v9\/t51\/1\/16\/1f449.png\" alt=\"\ud83d\udc49\" width=\"16\" height=\"16\" \/><\/span> Ici, ce ne sont pas que des mots\u2026<\/div>\n<div dir=\"auto\"><\/div>\n<div dir=\"auto\">Ce sont des souvenirs grav\u00e9s.<\/div>\n<\/div>\n","protected":false},"excerpt":{"rendered":"<p>Parce que certains moments m\u00e9ritent mieux qu\u2019un simple message Il y a des phrases qui changent tout. Des mots qu\u2019on n\u2019oublie jamais. Des instants qu\u2019on veut graver pour toujours Ces assiettes en porcelaine ne sont pas de simples assiettes. Elles &hellip; <a class=\"kt-excerpt-readmore more-link\" href=\"https:\/\/lescreasdejade.com\/index.php\/produit\/assiette\/\">Lire la suite<\/a><\/p>\n","protected":false},"featured_media":180,"comment_status":"closed","ping_status":"closed","template":"","meta":{"kt_blocks_editor_width":"","_themeisle_gutenberg_block_has_review":false},"product_brand":[],"product_cat":[46,57,50,42,44],"product_tag":[],"class_list":{"0":"post-175","1":"product","2":"type-product","3":"status-publish","4":"has-post-thumbnail","6":"product_cat-annonce-grossesse","7":"product_cat-annonce-parrain-marraine","8":"product_cat-temoins","9":"product_cat-evenements","10":"product_cat-mariage","12":"first","13":"instock","14":"shipping-taxable","15":"purchasable","16":"product-type-simple"},"exclude_global_add_ons":false,"addons":[{"name":"Choix de l'assiette","type":"multiple_choice","position":0,"required":true,"title_format":"heading","default":"","description_enable":false,"description":"","placeholder_enable":false,"placeholder":"","display":"select","restrictions_type":"any_text","adjust_price":false,"price":"","price_type":"flat_fee","restrictions":false,"min":"0","max":"0","options":[{"label":"Veux-tu \u00eatre ma t\u00e9moin ?","price":"","price_type":"flat_fee","image":0,"visibility":true},{"label":"Veux-tu m'\u00e9pouser ?","price":"","price_type":"flat_fee","image":0,"visibility":true},{"label":"Veux-tu \u00eatre mon parrain?","price":"","price_type":"flat_fee","image":0,"visibility":true},{"label":"Veux-tu \u00eatre ma marraine ?","price":"","price_type":"flat_fee","image":0,"visibility":true},{"label":"Tu vas \u00eatre Mamie","price":"","price_type":"flat_fee","image":0,"visibility":true},{"label":"Tu vas \u00eatre Papi","price":"","price_type":"flat_fee","image":0,"visibility":true},{"label":"Octopus","price":"","price_type":"flat_fee","image":0,"visibility":true},{"label":"Veux-tu divorcer ?","price":"","price_type":"flat_fee","image":0,"visibility":true},{"label":"Veux-tu \u00eatre mon t\u00e9moin ?","price":"","price_type":"flat_fee","image":0,"visibility":true}],"id":1773597382},{"name":"Image","type":"file_upload","position":1,"required":false,"title_format":"label","default":"","description_enable":false,"description":"","placeholder_enable":false,"placeholder":"","display":"select","restrictions_type":"any_text","adjust_price":true,"price":"6","price_type":"flat_fee","restrictions":false,"min":"0","max":"0","options":[],"id":1773597601}],"yoast_head":"<!-- This site is optimized with the Yoast SEO plugin v27.1.1 - https:\/\/yoast.com\/product\/yoast-seo-wordpress\/ -->\n<title>Assiette en Porcelaine - Les Cr\u00e9as de Jade<\/title>\n<meta name=\"robots\" content=\"index, follow, max-snippet:-1, max-image-preview:large, max-video-preview:-1\" \/>\n<link rel=\"canonical\" href=\"https:\/\/lescreasdejade.com\/index.php\/produit\/assiette\/\" \/>\n<meta property=\"og:locale\" content=\"fr_FR\" \/>\n<meta property=\"og:type\" content=\"article\" \/>\n<meta property=\"og:title\" content=\"Assiette en Porcelaine - Les Cr\u00e9as de Jade\" \/>\n<meta property=\"og:description\" content=\"Parce que certains moments m\u00e9ritent mieux qu\u2019un simple message Il y a des phrases qui changent tout. Des mots qu\u2019on n\u2019oublie jamais. Des instants qu\u2019on veut graver pour toujours Ces assiettes en porcelaine ne sont pas de simples assiettes. Elles &hellip; Lire la suite\" \/>\n<meta property=\"og:url\" content=\"https:\/\/lescreasdejade.com\/index.php\/produit\/assiette\/\" \/>\n<meta property=\"og:site_name\" content=\"Les Cr\u00e9as de Jade\" \/>\n<meta property=\"article:publisher\" content=\"https:\/\/www.facebook.com\/profile.php?id=61552662104544\" \/>\n<meta property=\"article:modified_time\" content=\"2026-03-15T17:00:00+00:00\" \/>\n<meta property=\"og:image\" content=\"http:\/\/lescreasdejade.com\/wp-content\/uploads\/2026\/03\/641153213_17952205518091337_3529889208200387074_n.jpg\" \/>\n\t<meta property=\"og:image:width\" content=\"1440\" \/>\n\t<meta property=\"og:image:height\" content=\"1440\" \/>\n\t<meta property=\"og:image:type\" content=\"image\/jpeg\" \/>\n<meta name=\"twitter:card\" content=\"summary_large_image\" \/>\n<meta name=\"twitter:label1\" content=\"Dur\u00e9e de lecture estim\u00e9e\" \/>\n\t<meta name=\"twitter:data1\" content=\"3 minutes\" \/>\n<script type=\"application\/ld+json\" class=\"yoast-schema-graph\">{\"@context\":\"https:\/\/schema.org\",\"@graph\":[{\"@type\":\"WebPage\",\"@id\":\"https:\/\/lescreasdejade.com\/index.php\/produit\/assiette\/\",\"url\":\"https:\/\/lescreasdejade.com\/index.php\/produit\/assiette\/\",\"name\":\"Assiette en Porcelaine - Les Cr\u00e9as de Jade\",\"isPartOf\":{\"@id\":\"https:\/\/lescreasdejade.com\/#website\"},\"primaryImageOfPage\":{\"@id\":\"https:\/\/lescreasdejade.com\/index.php\/produit\/assiette\/#primaryimage\"},\"image\":{\"@id\":\"https:\/\/lescreasdejade.com\/index.php\/produit\/assiette\/#primaryimage\"},\"thumbnailUrl\":\"https:\/\/lescreasdejade.com\/wp-content\/uploads\/2026\/03\/641153213_17952205518091337_3529889208200387074_n.jpg\",\"datePublished\":\"2026-03-15T16:44:32+00:00\",\"dateModified\":\"2026-03-15T17:00:00+00:00\",\"breadcrumb\":{\"@id\":\"https:\/\/lescreasdejade.com\/index.php\/produit\/assiette\/#breadcrumb\"},\"inLanguage\":\"fr-FR\",\"potentialAction\":[{\"@type\":\"ReadAction\",\"target\":[\"https:\/\/lescreasdejade.com\/index.php\/produit\/assiette\/\"]}]},{\"@type\":\"ImageObject\",\"inLanguage\":\"fr-FR\",\"@id\":\"https:\/\/lescreasdejade.com\/index.php\/produit\/assiette\/#primaryimage\",\"url\":\"https:\/\/lescreasdejade.com\/wp-content\/uploads\/2026\/03\/641153213_17952205518091337_3529889208200387074_n.jpg\",\"contentUrl\":\"https:\/\/lescreasdejade.com\/wp-content\/uploads\/2026\/03\/641153213_17952205518091337_3529889208200387074_n.jpg\",\"width\":1440,\"height\":1440,\"caption\":\"assiette demande mariage\"},{\"@type\":\"BreadcrumbList\",\"@id\":\"https:\/\/lescreasdejade.com\/index.php\/produit\/assiette\/#breadcrumb\",\"itemListElement\":[{\"@type\":\"ListItem\",\"position\":1,\"name\":\"Accueil\",\"item\":\"https:\/\/lescreasdejade.com\/\"},{\"@type\":\"ListItem\",\"position\":2,\"name\":\"Boutique\",\"item\":\"https:\/\/lescreasdejade.com\/index.php\/boutique\/\"},{\"@type\":\"ListItem\",\"position\":3,\"name\":\"Assiette en Porcelaine\"}]},{\"@type\":\"WebSite\",\"@id\":\"https:\/\/lescreasdejade.com\/#website\",\"url\":\"https:\/\/lescreasdejade.com\/\",\"name\":\"Les Cr\u00e9as de Jade\",\"description\":\"Des cadeaux qui vous ressemblent !\",\"publisher\":{\"@id\":\"https:\/\/lescreasdejade.com\/#organization\"},\"potentialAction\":[{\"@type\":\"SearchAction\",\"target\":{\"@type\":\"EntryPoint\",\"urlTemplate\":\"https:\/\/lescreasdejade.com\/?s={search_term_string}\"},\"query-input\":{\"@type\":\"PropertyValueSpecification\",\"valueRequired\":true,\"valueName\":\"search_term_string\"}}],\"inLanguage\":\"fr-FR\"},{\"@type\":\"Organization\",\"@id\":\"https:\/\/lescreasdejade.com\/#organization\",\"name\":\"Les Cr\u00e9as de Jade\",\"url\":\"https:\/\/lescreasdejade.com\/\",\"logo\":{\"@type\":\"ImageObject\",\"inLanguage\":\"fr-FR\",\"@id\":\"https:\/\/lescreasdejade.com\/#\/schema\/logo\/image\/\",\"url\":\"https:\/\/lescreasdejade.com\/wp-content\/uploads\/2024\/03\/Illustration-les-creas-de-jade.jpg\",\"contentUrl\":\"https:\/\/lescreasdejade.com\/wp-content\/uploads\/2024\/03\/Illustration-les-creas-de-jade.jpg\",\"width\":960,\"height\":960,\"caption\":\"Les Cr\u00e9as de Jade\"},\"image\":{\"@id\":\"https:\/\/lescreasdejade.com\/#\/schema\/logo\/image\/\"},\"sameAs\":[\"https:\/\/www.facebook.com\/profile.php?id=61552662104544\",\"https:\/\/www.instagram.com\/les.creas.de.jade\/\"]}]}<\/script>\n<!-- \/ Yoast SEO plugin. -->","yoast_head_json":{"title":"Assiette en Porcelaine - Les Cr\u00e9as de Jade","robots":{"index":"index","follow":"follow","max-snippet":"max-snippet:-1","max-image-preview":"max-image-preview:large","max-video-preview":"max-video-preview:-1"},"canonical":"https:\/\/lescreasdejade.com\/index.php\/produit\/assiette\/","og_locale":"fr_FR","og_type":"article","og_title":"Assiette en Porcelaine - Les Cr\u00e9as de Jade","og_description":"Parce que certains moments m\u00e9ritent mieux qu\u2019un simple message Il y a des phrases qui changent tout. Des mots qu\u2019on n\u2019oublie jamais. Des instants qu\u2019on veut graver pour toujours Ces assiettes en porcelaine ne sont pas de simples assiettes. Elles &hellip; Lire la suite","og_url":"https:\/\/lescreasdejade.com\/index.php\/produit\/assiette\/","og_site_name":"Les Cr\u00e9as de Jade","article_publisher":"https:\/\/www.facebook.com\/profile.php?id=61552662104544","article_modified_time":"2026-03-15T17:00:00+00:00","og_image":[{"width":1440,"height":1440,"url":"http:\/\/lescreasdejade.com\/wp-content\/uploads\/2026\/03\/641153213_17952205518091337_3529889208200387074_n.jpg","type":"image\/jpeg"}],"twitter_card":"summary_large_image","twitter_misc":{"Dur\u00e9e de lecture estim\u00e9e":"3 minutes"},"schema":{"@context":"https:\/\/schema.org","@graph":[{"@type":"WebPage","@id":"https:\/\/lescreasdejade.com\/index.php\/produit\/assiette\/","url":"https:\/\/lescreasdejade.com\/index.php\/produit\/assiette\/","name":"Assiette en Porcelaine - Les Cr\u00e9as de Jade","isPartOf":{"@id":"https:\/\/lescreasdejade.com\/#website"},"primaryImageOfPage":{"@id":"https:\/\/lescreasdejade.com\/index.php\/produit\/assiette\/#primaryimage"},"image":{"@id":"https:\/\/lescreasdejade.com\/index.php\/produit\/assiette\/#primaryimage"},"thumbnailUrl":"https:\/\/lescreasdejade.com\/wp-content\/uploads\/2026\/03\/641153213_17952205518091337_3529889208200387074_n.jpg","datePublished":"2026-03-15T16:44:32+00:00","dateModified":"2026-03-15T17:00:00+00:00","breadcrumb":{"@id":"https:\/\/lescreasdejade.com\/index.php\/produit\/assiette\/#breadcrumb"},"inLanguage":"fr-FR","potentialAction":[{"@type":"ReadAction","target":["https:\/\/lescreasdejade.com\/index.php\/produit\/assiette\/"]}]},{"@type":"ImageObject","inLanguage":"fr-FR","@id":"https:\/\/lescreasdejade.com\/index.php\/produit\/assiette\/#primaryimage","url":"https:\/\/lescreasdejade.com\/wp-content\/uploads\/2026\/03\/641153213_17952205518091337_3529889208200387074_n.jpg","contentUrl":"https:\/\/lescreasdejade.com\/wp-content\/uploads\/2026\/03\/641153213_17952205518091337_3529889208200387074_n.jpg","width":1440,"height":1440,"caption":"assiette demande mariage"},{"@type":"BreadcrumbList","@id":"https:\/\/lescreasdejade.com\/index.php\/produit\/assiette\/#breadcrumb","itemListElement":[{"@type":"ListItem","position":1,"name":"Accueil","item":"https:\/\/lescreasdejade.com\/"},{"@type":"ListItem","position":2,"name":"Boutique","item":"https:\/\/lescreasdejade.com\/index.php\/boutique\/"},{"@type":"ListItem","position":3,"name":"Assiette en Porcelaine"}]},{"@type":"WebSite","@id":"https:\/\/lescreasdejade.com\/#website","url":"https:\/\/lescreasdejade.com\/","name":"Les Cr\u00e9as de Jade","description":"Des cadeaux qui vous ressemblent !","publisher":{"@id":"https:\/\/lescreasdejade.com\/#organization"},"potentialAction":[{"@type":"SearchAction","target":{"@type":"EntryPoint","urlTemplate":"https:\/\/lescreasdejade.com\/?s={search_term_string}"},"query-input":{"@type":"PropertyValueSpecification","valueRequired":true,"valueName":"search_term_string"}}],"inLanguage":"fr-FR"},{"@type":"Organization","@id":"https:\/\/lescreasdejade.com\/#organization","name":"Les Cr\u00e9as de Jade","url":"https:\/\/lescreasdejade.com\/","logo":{"@type":"ImageObject","inLanguage":"fr-FR","@id":"https:\/\/lescreasdejade.com\/#\/schema\/logo\/image\/","url":"https:\/\/lescreasdejade.com\/wp-content\/uploads\/2024\/03\/Illustration-les-creas-de-jade.jpg","contentUrl":"https:\/\/lescreasdejade.com\/wp-content\/uploads\/2024\/03\/Illustration-les-creas-de-jade.jpg","width":960,"height":960,"caption":"Les Cr\u00e9as de Jade"},"image":{"@id":"https:\/\/lescreasdejade.com\/#\/schema\/logo\/image\/"},"sameAs":["https:\/\/www.facebook.com\/profile.php?id=61552662104544","https:\/\/www.instagram.com\/les.creas.de.jade\/"]}]}},"_links":{"self":[{"href":"https:\/\/lescreasdejade.com\/index.php\/wp-json\/wp\/v2\/product\/175","targetHints":{"allow":["GET"]}}],"collection":[{"href":"https:\/\/lescreasdejade.com\/index.php\/wp-json\/wp\/v2\/product"}],"about":[{"href":"https:\/\/lescreasdejade.com\/index.php\/wp-json\/wp\/v2\/types\/product"}],"replies":[{"embeddable":true,"href":"https:\/\/lescreasdejade.com\/index.php\/wp-json\/wp\/v2\/comments?post=175"}],"wp:featuredmedia":[{"embeddable":true,"href":"https:\/\/lescreasdejade.com\/index.php\/wp-json\/wp\/v2\/media\/180"}],"wp:attachment":[{"href":"https:\/\/lescreasdejade.com\/index.php\/wp-json\/wp\/v2\/media?parent=175"}],"wp:term":[{"taxonomy":"product_brand","embeddable":true,"href":"https:\/\/lescreasdejade.com\/index.php\/wp-json\/wp\/v2\/product_brand?post=175"},{"taxonomy":"product_cat","embeddable":true,"href":"https:\/\/lescreasdejade.com\/index.php\/wp-json\/wp\/v2\/product_cat?post=175"},{"taxonomy":"product_tag","embeddable":true,"href":"https:\/\/lescreasdejade.com\/index.php\/wp-json\/wp\/v2\/product_tag?post=175"}],"curies":[{"name":"wp","href":"https:\/\/api.w.org\/{rel}","templated":true}]}}