{"id":188,"date":"2026-03-16T16:40:44","date_gmt":"2026-03-16T15:40:44","guid":{"rendered":"https:\/\/lescreasdejade.com\/?post_type=product&#038;p=188"},"modified":"2026-03-16T17:44:13","modified_gmt":"2026-03-16T16:44:13","slug":"sac-de-recolte-lapin","status":"publish","type":"product","link":"https:\/\/lescreasdejade.com\/index.php\/produit\/sac-de-recolte-lapin\/","title":{"rendered":"Sac de r\u00e9colte Lapin"},"content":{"rendered":"<div class=\"xdj266r x14z9mp xat24cr x1lziwak x1vvkbs x126k92a\">\n<div dir=\"auto\"><span class=\"html-span xexx8yu xyri2b x18d9i69 x1c1uobl x1hl2dhg x16tdsg8 x1vvkbs x3nfvp2 x1j61x8r x1fcty0u xdj266r xat24cr xm2jcoa x1mpyi22 xxymvpz xlup9mm x1kky2od\"><img loading=\"lazy\" decoding=\"async\" class=\"xz74otr x15mokao x1ga7v0g x16uus16 xbiv7yw\" src=\"https:\/\/static.xx.fbcdn.net\/images\/emoji.php\/v9\/t6f\/1\/16\/1f337.png\" alt=\"\ud83c\udf37\" width=\"16\" height=\"16\" \/><\/span> C\u00e9l\u00e9brez P\u00e2ques avec Style ! <span class=\"html-span xexx8yu xyri2b x18d9i69 x1c1uobl x1hl2dhg x16tdsg8 x1vvkbs x3nfvp2 x1j61x8r x1fcty0u xdj266r xat24cr xm2jcoa x1mpyi22 xxymvpz xlup9mm x1kky2od\"><img loading=\"lazy\" decoding=\"async\" class=\"xz74otr x15mokao x1ga7v0g x16uus16 xbiv7yw\" src=\"https:\/\/static.xx.fbcdn.net\/images\/emoji.php\/v9\/t6f\/1\/16\/1f337.png\" alt=\"\ud83c\udf37\" width=\"16\" height=\"16\" \/><\/span><\/div>\n<div dir=\"auto\"><\/div>\n<\/div>\n<div class=\"x14z9mp xat24cr x1lziwak x1vvkbs xtlvy1s x126k92a\">\n<div dir=\"auto\">Chassez les \u0153ufs de P\u00e2ques avec panache cette ann\u00e9e gr\u00e2ce \u00e0 ces sacs personnalis\u00e9s !<\/div>\n<\/div>\n<div class=\"x14z9mp xat24cr x1lziwak x1vvkbs xtlvy1s x126k92a\">\n<div dir=\"auto\">Choisissez parmi une gamme de couleurs vives et de motifs ludiques pour cr\u00e9er un sac qui correspond parfaitement \u00e0 la personnalit\u00e9 de votre enfant.<\/div>\n<div dir=\"auto\">Sac Spacieux : Assez grand pour contenir une multitude de tr\u00e9sors sucr\u00e9s, nos sacs offrent amplement d&rsquo;espace pour une chasse aux \u0153ufs inoubliable.<\/div>\n<\/div>\n<div class=\"x14z9mp xat24cr x1lziwak x1vvkbs xtlvy1s x126k92a\">\n<div dir=\"auto\">Ne laissez pas P\u00e2ques passer sans marquer le coup !<\/div>\n<div dir=\"auto\">Commandez d\u00e8s maintenant votre sac personnalis\u00e9 et pr\u00e9parez-vous \u00e0 vivre une chasse aux tr\u00e9sors m\u00e9morable !<\/div>\n<\/div>\n","protected":false},"excerpt":{"rendered":"<p>C\u00e9l\u00e9brez P\u00e2ques avec Style ! Chassez les \u0153ufs de P\u00e2ques avec panache cette ann\u00e9e gr\u00e2ce \u00e0 ces sacs personnalis\u00e9s ! Choisissez parmi une gamme de couleurs vives et de motifs ludiques pour cr\u00e9er un sac qui correspond parfaitement \u00e0 la &hellip; <a class=\"kt-excerpt-readmore more-link\" href=\"https:\/\/lescreasdejade.com\/index.php\/produit\/sac-de-recolte-lapin\/\">Lire la suite<\/a><\/p>\n","protected":false},"featured_media":190,"comment_status":"open","ping_status":"closed","template":"","meta":{"kt_blocks_editor_width":"","_themeisle_gutenberg_block_has_review":false},"product_brand":[],"product_cat":[68],"product_tag":[70,69],"class_list":{"0":"post-188","1":"product","2":"type-product","3":"status-publish","4":"has-post-thumbnail","6":"product_cat-paques","7":"product_tag-paques","8":"product_tag-sac","10":"first","11":"instock","12":"shipping-taxable","13":"purchasable","14":"product-type-simple"},"exclude_global_add_ons":false,"addons":[{"name":"Couleur","type":"multiple_choice","position":0,"required":false,"title_format":"label","default":"","description_enable":false,"description":"","placeholder_enable":false,"placeholder":"","display":"select","restrictions_type":"any_text","adjust_price":false,"price":"","price_type":"flat_fee","restrictions":false,"min":"0","max":"0","options":[{"label":"Rose","price":"","price_type":"flat_fee","image":0,"visibility":true},{"label":"Jaune","price":"","price_type":"flat_fee","image":0,"visibility":true},{"label":"Bleu","price":"","price_type":"flat_fee","image":0,"visibility":true}],"id":1773679246},{"name":"Image","type":"multiple_choice","position":1,"required":true,"title_format":"label","default":"","description_enable":false,"description":"","placeholder_enable":false,"placeholder":"","display":"select","restrictions_type":"any_text","adjust_price":false,"price":"","price_type":"flat_fee","restrictions":false,"min":"0","max":"0","options":[{"label":"A","price":"","price_type":"flat_fee","image":0,"visibility":true},{"label":"B","price":"","price_type":"flat_fee","image":0,"visibility":true},{"label":"C","price":"","price_type":"flat_fee","image":0,"visibility":true},{"label":"D","price":"","price_type":"flat_fee","image":0,"visibility":true},{"label":"E","price":"","price_type":"flat_fee","image":0,"visibility":true},{"label":"F","price":"","price_type":"flat_fee","image":0,"visibility":true},{"label":"G","price":"","price_type":"flat_fee","image":0,"visibility":true}],"id":1773679247},{"name":"Ecrire le pr\u00e9nom de l'enfant","type":"custom_text","position":2,"required":false,"title_format":"label","default":"","description_enable":false,"description":"","placeholder_enable":false,"placeholder":"","display":"select","restrictions_type":"any_text","adjust_price":false,"price":"","price_type":"flat_fee","restrictions":false,"min":"0","max":"0","options":[],"id":1773679248}],"yoast_head":"<!-- This site is optimized with the Yoast SEO plugin v27.1.1 - https:\/\/yoast.com\/product\/yoast-seo-wordpress\/ -->\n<title>Sac de r\u00e9colte Lapin - Les Cr\u00e9as de Jade<\/title>\n<meta name=\"robots\" content=\"index, follow, max-snippet:-1, max-image-preview:large, max-video-preview:-1\" \/>\n<link rel=\"canonical\" href=\"https:\/\/lescreasdejade.com\/index.php\/produit\/sac-de-recolte-lapin\/\" \/>\n<meta property=\"og:locale\" content=\"fr_FR\" \/>\n<meta property=\"og:type\" content=\"article\" \/>\n<meta property=\"og:title\" content=\"Sac de r\u00e9colte Lapin - Les Cr\u00e9as de Jade\" \/>\n<meta property=\"og:description\" content=\"C\u00e9l\u00e9brez P\u00e2ques avec Style ! Chassez les \u0153ufs de P\u00e2ques avec panache cette ann\u00e9e gr\u00e2ce \u00e0 ces sacs personnalis\u00e9s ! Choisissez parmi une gamme de couleurs vives et de motifs ludiques pour cr\u00e9er un sac qui correspond parfaitement \u00e0 la &hellip; Lire la suite\" \/>\n<meta property=\"og:url\" content=\"https:\/\/lescreasdejade.com\/index.php\/produit\/sac-de-recolte-lapin\/\" \/>\n<meta property=\"og:site_name\" content=\"Les Cr\u00e9as de Jade\" \/>\n<meta property=\"article:publisher\" content=\"https:\/\/www.facebook.com\/profile.php?id=61552662104544\" \/>\n<meta property=\"article:modified_time\" content=\"2026-03-16T16:44:13+00:00\" \/>\n<meta property=\"og:image\" content=\"http:\/\/lescreasdejade.com\/wp-content\/uploads\/2026\/03\/475308393_122187967472088736_2582663910745693584_n.jpg\" \/>\n\t<meta property=\"og:image:width\" content=\"1440\" \/>\n\t<meta property=\"og:image:height\" content=\"1800\" \/>\n\t<meta property=\"og:image:type\" content=\"image\/jpeg\" \/>\n<meta name=\"twitter:card\" content=\"summary_large_image\" \/>\n<meta name=\"twitter:label1\" content=\"Dur\u00e9e de lecture estim\u00e9e\" \/>\n\t<meta name=\"twitter:data1\" content=\"2 minutes\" \/>\n<script type=\"application\/ld+json\" class=\"yoast-schema-graph\">{\"@context\":\"https:\/\/schema.org\",\"@graph\":[{\"@type\":\"WebPage\",\"@id\":\"https:\/\/lescreasdejade.com\/index.php\/produit\/sac-de-recolte-lapin\/\",\"url\":\"https:\/\/lescreasdejade.com\/index.php\/produit\/sac-de-recolte-lapin\/\",\"name\":\"Sac de r\u00e9colte Lapin - Les Cr\u00e9as de Jade\",\"isPartOf\":{\"@id\":\"https:\/\/lescreasdejade.com\/#website\"},\"primaryImageOfPage\":{\"@id\":\"https:\/\/lescreasdejade.com\/index.php\/produit\/sac-de-recolte-lapin\/#primaryimage\"},\"image\":{\"@id\":\"https:\/\/lescreasdejade.com\/index.php\/produit\/sac-de-recolte-lapin\/#primaryimage\"},\"thumbnailUrl\":\"https:\/\/lescreasdejade.com\/wp-content\/uploads\/2026\/03\/475308393_122187967472088736_2582663910745693584_n.jpg\",\"datePublished\":\"2026-03-16T15:40:44+00:00\",\"dateModified\":\"2026-03-16T16:44:13+00:00\",\"breadcrumb\":{\"@id\":\"https:\/\/lescreasdejade.com\/index.php\/produit\/sac-de-recolte-lapin\/#breadcrumb\"},\"inLanguage\":\"fr-FR\",\"potentialAction\":[{\"@type\":\"ReadAction\",\"target\":[\"https:\/\/lescreasdejade.com\/index.php\/produit\/sac-de-recolte-lapin\/\"]}]},{\"@type\":\"ImageObject\",\"inLanguage\":\"fr-FR\",\"@id\":\"https:\/\/lescreasdejade.com\/index.php\/produit\/sac-de-recolte-lapin\/#primaryimage\",\"url\":\"https:\/\/lescreasdejade.com\/wp-content\/uploads\/2026\/03\/475308393_122187967472088736_2582663910745693584_n.jpg\",\"contentUrl\":\"https:\/\/lescreasdejade.com\/wp-content\/uploads\/2026\/03\/475308393_122187967472088736_2582663910745693584_n.jpg\",\"width\":1440,\"height\":1800,\"caption\":\"Sac oreille Gabin\"},{\"@type\":\"BreadcrumbList\",\"@id\":\"https:\/\/lescreasdejade.com\/index.php\/produit\/sac-de-recolte-lapin\/#breadcrumb\",\"itemListElement\":[{\"@type\":\"ListItem\",\"position\":1,\"name\":\"Accueil\",\"item\":\"https:\/\/lescreasdejade.com\/\"},{\"@type\":\"ListItem\",\"position\":2,\"name\":\"Boutique\",\"item\":\"https:\/\/lescreasdejade.com\/index.php\/boutique\/\"},{\"@type\":\"ListItem\",\"position\":3,\"name\":\"Sac de r\u00e9colte Lapin\"}]},{\"@type\":\"WebSite\",\"@id\":\"https:\/\/lescreasdejade.com\/#website\",\"url\":\"https:\/\/lescreasdejade.com\/\",\"name\":\"Les Cr\u00e9as de Jade\",\"description\":\"Des cadeaux qui vous ressemblent !\",\"publisher\":{\"@id\":\"https:\/\/lescreasdejade.com\/#organization\"},\"potentialAction\":[{\"@type\":\"SearchAction\",\"target\":{\"@type\":\"EntryPoint\",\"urlTemplate\":\"https:\/\/lescreasdejade.com\/?s={search_term_string}\"},\"query-input\":{\"@type\":\"PropertyValueSpecification\",\"valueRequired\":true,\"valueName\":\"search_term_string\"}}],\"inLanguage\":\"fr-FR\"},{\"@type\":\"Organization\",\"@id\":\"https:\/\/lescreasdejade.com\/#organization\",\"name\":\"Les Cr\u00e9as de Jade\",\"url\":\"https:\/\/lescreasdejade.com\/\",\"logo\":{\"@type\":\"ImageObject\",\"inLanguage\":\"fr-FR\",\"@id\":\"https:\/\/lescreasdejade.com\/#\/schema\/logo\/image\/\",\"url\":\"https:\/\/lescreasdejade.com\/wp-content\/uploads\/2024\/03\/Illustration-les-creas-de-jade.jpg\",\"contentUrl\":\"https:\/\/lescreasdejade.com\/wp-content\/uploads\/2024\/03\/Illustration-les-creas-de-jade.jpg\",\"width\":960,\"height\":960,\"caption\":\"Les Cr\u00e9as de Jade\"},\"image\":{\"@id\":\"https:\/\/lescreasdejade.com\/#\/schema\/logo\/image\/\"},\"sameAs\":[\"https:\/\/www.facebook.com\/profile.php?id=61552662104544\",\"https:\/\/www.instagram.com\/les.creas.de.jade\/\"]}]}<\/script>\n<!-- \/ Yoast SEO plugin. -->","yoast_head_json":{"title":"Sac de r\u00e9colte Lapin - Les Cr\u00e9as de Jade","robots":{"index":"index","follow":"follow","max-snippet":"max-snippet:-1","max-image-preview":"max-image-preview:large","max-video-preview":"max-video-preview:-1"},"canonical":"https:\/\/lescreasdejade.com\/index.php\/produit\/sac-de-recolte-lapin\/","og_locale":"fr_FR","og_type":"article","og_title":"Sac de r\u00e9colte Lapin - Les Cr\u00e9as de Jade","og_description":"C\u00e9l\u00e9brez P\u00e2ques avec Style ! Chassez les \u0153ufs de P\u00e2ques avec panache cette ann\u00e9e gr\u00e2ce \u00e0 ces sacs personnalis\u00e9s ! Choisissez parmi une gamme de couleurs vives et de motifs ludiques pour cr\u00e9er un sac qui correspond parfaitement \u00e0 la &hellip; Lire la suite","og_url":"https:\/\/lescreasdejade.com\/index.php\/produit\/sac-de-recolte-lapin\/","og_site_name":"Les Cr\u00e9as de Jade","article_publisher":"https:\/\/www.facebook.com\/profile.php?id=61552662104544","article_modified_time":"2026-03-16T16:44:13+00:00","og_image":[{"width":1440,"height":1800,"url":"http:\/\/lescreasdejade.com\/wp-content\/uploads\/2026\/03\/475308393_122187967472088736_2582663910745693584_n.jpg","type":"image\/jpeg"}],"twitter_card":"summary_large_image","twitter_misc":{"Dur\u00e9e de lecture estim\u00e9e":"2 minutes"},"schema":{"@context":"https:\/\/schema.org","@graph":[{"@type":"WebPage","@id":"https:\/\/lescreasdejade.com\/index.php\/produit\/sac-de-recolte-lapin\/","url":"https:\/\/lescreasdejade.com\/index.php\/produit\/sac-de-recolte-lapin\/","name":"Sac de r\u00e9colte Lapin - Les Cr\u00e9as de Jade","isPartOf":{"@id":"https:\/\/lescreasdejade.com\/#website"},"primaryImageOfPage":{"@id":"https:\/\/lescreasdejade.com\/index.php\/produit\/sac-de-recolte-lapin\/#primaryimage"},"image":{"@id":"https:\/\/lescreasdejade.com\/index.php\/produit\/sac-de-recolte-lapin\/#primaryimage"},"thumbnailUrl":"https:\/\/lescreasdejade.com\/wp-content\/uploads\/2026\/03\/475308393_122187967472088736_2582663910745693584_n.jpg","datePublished":"2026-03-16T15:40:44+00:00","dateModified":"2026-03-16T16:44:13+00:00","breadcrumb":{"@id":"https:\/\/lescreasdejade.com\/index.php\/produit\/sac-de-recolte-lapin\/#breadcrumb"},"inLanguage":"fr-FR","potentialAction":[{"@type":"ReadAction","target":["https:\/\/lescreasdejade.com\/index.php\/produit\/sac-de-recolte-lapin\/"]}]},{"@type":"ImageObject","inLanguage":"fr-FR","@id":"https:\/\/lescreasdejade.com\/index.php\/produit\/sac-de-recolte-lapin\/#primaryimage","url":"https:\/\/lescreasdejade.com\/wp-content\/uploads\/2026\/03\/475308393_122187967472088736_2582663910745693584_n.jpg","contentUrl":"https:\/\/lescreasdejade.com\/wp-content\/uploads\/2026\/03\/475308393_122187967472088736_2582663910745693584_n.jpg","width":1440,"height":1800,"caption":"Sac oreille Gabin"},{"@type":"BreadcrumbList","@id":"https:\/\/lescreasdejade.com\/index.php\/produit\/sac-de-recolte-lapin\/#breadcrumb","itemListElement":[{"@type":"ListItem","position":1,"name":"Accueil","item":"https:\/\/lescreasdejade.com\/"},{"@type":"ListItem","position":2,"name":"Boutique","item":"https:\/\/lescreasdejade.com\/index.php\/boutique\/"},{"@type":"ListItem","position":3,"name":"Sac de r\u00e9colte Lapin"}]},{"@type":"WebSite","@id":"https:\/\/lescreasdejade.com\/#website","url":"https:\/\/lescreasdejade.com\/","name":"Les Cr\u00e9as de Jade","description":"Des cadeaux qui vous ressemblent !","publisher":{"@id":"https:\/\/lescreasdejade.com\/#organization"},"potentialAction":[{"@type":"SearchAction","target":{"@type":"EntryPoint","urlTemplate":"https:\/\/lescreasdejade.com\/?s={search_term_string}"},"query-input":{"@type":"PropertyValueSpecification","valueRequired":true,"valueName":"search_term_string"}}],"inLanguage":"fr-FR"},{"@type":"Organization","@id":"https:\/\/lescreasdejade.com\/#organization","name":"Les Cr\u00e9as de Jade","url":"https:\/\/lescreasdejade.com\/","logo":{"@type":"ImageObject","inLanguage":"fr-FR","@id":"https:\/\/lescreasdejade.com\/#\/schema\/logo\/image\/","url":"https:\/\/lescreasdejade.com\/wp-content\/uploads\/2024\/03\/Illustration-les-creas-de-jade.jpg","contentUrl":"https:\/\/lescreasdejade.com\/wp-content\/uploads\/2024\/03\/Illustration-les-creas-de-jade.jpg","width":960,"height":960,"caption":"Les Cr\u00e9as de Jade"},"image":{"@id":"https:\/\/lescreasdejade.com\/#\/schema\/logo\/image\/"},"sameAs":["https:\/\/www.facebook.com\/profile.php?id=61552662104544","https:\/\/www.instagram.com\/les.creas.de.jade\/"]}]}},"_links":{"self":[{"href":"https:\/\/lescreasdejade.com\/index.php\/wp-json\/wp\/v2\/product\/188","targetHints":{"allow":["GET"]}}],"collection":[{"href":"https:\/\/lescreasdejade.com\/index.php\/wp-json\/wp\/v2\/product"}],"about":[{"href":"https:\/\/lescreasdejade.com\/index.php\/wp-json\/wp\/v2\/types\/product"}],"replies":[{"embeddable":true,"href":"https:\/\/lescreasdejade.com\/index.php\/wp-json\/wp\/v2\/comments?post=188"}],"wp:featuredmedia":[{"embeddable":true,"href":"https:\/\/lescreasdejade.com\/index.php\/wp-json\/wp\/v2\/media\/190"}],"wp:attachment":[{"href":"https:\/\/lescreasdejade.com\/index.php\/wp-json\/wp\/v2\/media?parent=188"}],"wp:term":[{"taxonomy":"product_brand","embeddable":true,"href":"https:\/\/lescreasdejade.com\/index.php\/wp-json\/wp\/v2\/product_brand?post=188"},{"taxonomy":"product_cat","embeddable":true,"href":"https:\/\/lescreasdejade.com\/index.php\/wp-json\/wp\/v2\/product_cat?post=188"},{"taxonomy":"product_tag","embeddable":true,"href":"https:\/\/lescreasdejade.com\/index.php\/wp-json\/wp\/v2\/product_tag?post=188"}],"curies":[{"name":"wp","href":"https:\/\/api.w.org\/{rel}","templated":true}]}}