{"id":195,"date":"2026-03-19T10:56:11","date_gmt":"2026-03-19T09:56:11","guid":{"rendered":"https:\/\/lescreasdejade.com\/?post_type=product&#038;p=195"},"modified":"2026-03-19T10:56:12","modified_gmt":"2026-03-19T09:56:12","slug":"porte-cle-coeur","status":"publish","type":"product","link":"https:\/\/lescreasdejade.com\/index.php\/produit\/porte-cle-coeur\/","title":{"rendered":"Porte cl\u00e9 coeur"},"content":{"rendered":"<div class=\"xdj266r x14z9mp xat24cr x1lziwak x1vvkbs x126k92a\">\n<div dir=\"auto\">Un joli porte-cl\u00e9s \u00e0 accrocher au sac \u00e0 main ou aux cl\u00e9s, avec son c\u0153ur personnalis\u00e9 et son petit bijou grav\u00e9 au pr\u00e9nom de ses petits-enfants <span class=\"html-span xexx8yu xyri2b x18d9i69 x1c1uobl x1hl2dhg x16tdsg8 x1vvkbs x3nfvp2 x1j61x8r x1fcty0u xdj266r xat24cr xm2jcoa x1mpyi22 xxymvpz xlup9mm x1kky2od\"><img loading=\"lazy\" decoding=\"async\" class=\"xz74otr x15mokao x1ga7v0g x16uus16 xbiv7yw\" src=\"https:\/\/static.xx.fbcdn.net\/images\/emoji.php\/v9\/tc5\/1\/16\/1f90d.png\" alt=\"\ud83e\udd0d\" width=\"16\" height=\"16\" \/><\/span><\/div>\n<\/div>\n<div class=\"x14z9mp xat24cr x1lziwak x1vvkbs xtlvy1s x126k92a\">\n<div dir=\"auto\">Un cadeau symbolique, rempli d\u2019amour,qu\u2019elle emportera partout avec elle <span class=\"html-span xexx8yu xyri2b x18d9i69 x1c1uobl x1hl2dhg x16tdsg8 x1vvkbs x3nfvp2 x1j61x8r x1fcty0u xdj266r xat24cr xm2jcoa x1mpyi22 xxymvpz xlup9mm x1kky2od\"><img loading=\"lazy\" decoding=\"async\" class=\"xz74otr x15mokao x1ga7v0g x16uus16 xbiv7yw\" src=\"https:\/\/static.xx.fbcdn.net\/images\/emoji.php\/v9\/te9\/1\/16\/1f496.png\" alt=\"\ud83d\udc96\" width=\"16\" height=\"16\" \/><\/span><\/div>\n<\/div>\n<div class=\"x14z9mp xat24cr x1lziwak x1vvkbs xtlvy1s x126k92a\">\n<div dir=\"auto\">Possibilit\u00e9 de changer le texte pour un autre message. (f\u00eate des m\u00e8res, Saint Valentin, anniversaire, f\u00eate des mamies etc..)<\/div>\n<\/div>\n","protected":false},"excerpt":{"rendered":"<p>Un joli porte-cl\u00e9s \u00e0 accrocher au sac \u00e0 main ou aux cl\u00e9s, avec son c\u0153ur personnalis\u00e9 et son petit bijou grav\u00e9 au pr\u00e9nom de ses petits-enfants Un cadeau symbolique, rempli d\u2019amour,qu\u2019elle emportera partout avec elle Possibilit\u00e9 de changer le texte &hellip; <a class=\"kt-excerpt-readmore more-link\" href=\"https:\/\/lescreasdejade.com\/index.php\/produit\/porte-cle-coeur\/\">Lire la suite<\/a><\/p>\n","protected":false},"featured_media":198,"comment_status":"open","ping_status":"closed","template":"","meta":{"kt_blocks_editor_width":"","_themeisle_gutenberg_block_has_review":false},"product_brand":[],"product_cat":[71],"product_tag":[],"class_list":{"0":"post-195","1":"product","2":"type-product","3":"status-publish","4":"has-post-thumbnail","6":"product_cat-porte-cles","8":"first","9":"instock","10":"shipping-taxable","11":"purchasable","12":"product-type-simple"},"exclude_global_add_ons":false,"addons":[{"name":"Coeur m\u00e9tal Recto","type":"custom_text","position":0,"required":false,"title_format":"label","default":"","description_enable":false,"description":"","placeholder_enable":false,"placeholder":"","display":"select","restrictions_type":"any_text","adjust_price":false,"price":"","price_type":"flat_fee","restrictions":false,"min":"0","max":"0","options":[],"id":1773917773},{"name":"Coeur m\u00e9tal verso","type":"custom_text","position":1,"required":false,"title_format":"label","default":"","description_enable":false,"description":"","placeholder_enable":false,"placeholder":"","display":"select","restrictions_type":"any_text","adjust_price":false,"price":"","price_type":"flat_fee","restrictions":false,"min":"0","max":"0","options":[],"id":1773917774},{"name":"Texte coeur simili cuir","type":"custom_text","position":2,"required":false,"title_format":"label","default":"","description_enable":false,"description":"","placeholder_enable":false,"placeholder":"","display":"select","restrictions_type":"any_text","adjust_price":false,"price":"","price_type":"flat_fee","restrictions":false,"min":"0","max":"0","options":[],"id":1773917775},{"name":"Couleur du coeur","type":"multiple_choice","position":3,"required":false,"title_format":"label","default":"","description_enable":false,"description":"","placeholder_enable":false,"placeholder":"","display":"select","restrictions_type":"any_text","adjust_price":false,"price":"","price_type":"flat_fee","restrictions":false,"min":"0","max":"0","options":[{"label":"Rouge","price":"","price_type":"flat_fee","image":0,"visibility":true},{"label":"Marron","price":"","price_type":"flat_fee","image":0,"visibility":true}],"id":1773917776}],"yoast_head":"<!-- This site is optimized with the Yoast SEO plugin v27.1.1 - https:\/\/yoast.com\/product\/yoast-seo-wordpress\/ -->\n<title>Porte cl\u00e9 coeur - Les Cr\u00e9as de Jade<\/title>\n<meta name=\"robots\" content=\"index, follow, max-snippet:-1, max-image-preview:large, max-video-preview:-1\" \/>\n<link rel=\"canonical\" href=\"https:\/\/lescreasdejade.com\/index.php\/produit\/porte-cle-coeur\/\" \/>\n<meta property=\"og:locale\" content=\"fr_FR\" \/>\n<meta property=\"og:type\" content=\"article\" \/>\n<meta property=\"og:title\" content=\"Porte cl\u00e9 coeur - Les Cr\u00e9as de Jade\" \/>\n<meta property=\"og:description\" content=\"Un joli porte-cl\u00e9s \u00e0 accrocher au sac \u00e0 main ou aux cl\u00e9s, avec son c\u0153ur personnalis\u00e9 et son petit bijou grav\u00e9 au pr\u00e9nom de ses petits-enfants Un cadeau symbolique, rempli d\u2019amour,qu\u2019elle emportera partout avec elle Possibilit\u00e9 de changer le texte &hellip; Lire la suite\" \/>\n<meta property=\"og:url\" content=\"https:\/\/lescreasdejade.com\/index.php\/produit\/porte-cle-coeur\/\" \/>\n<meta property=\"og:site_name\" content=\"Les Cr\u00e9as de Jade\" \/>\n<meta property=\"article:publisher\" content=\"https:\/\/www.facebook.com\/profile.php?id=61552662104544\" \/>\n<meta property=\"article:modified_time\" content=\"2026-03-19T09:56:12+00:00\" \/>\n<meta property=\"og:image\" content=\"http:\/\/lescreasdejade.com\/wp-content\/uploads\/2026\/03\/633085298_17951248998091337_1636221975708221186_n.jpg\" \/>\n\t<meta property=\"og:image:width\" content=\"1440\" \/>\n\t<meta property=\"og:image:height\" content=\"1440\" \/>\n\t<meta property=\"og:image:type\" content=\"image\/jpeg\" \/>\n<meta name=\"twitter:card\" content=\"summary_large_image\" \/>\n<meta name=\"twitter:label1\" content=\"Dur\u00e9e de lecture estim\u00e9e\" \/>\n\t<meta name=\"twitter:data1\" content=\"1 minute\" \/>\n<script type=\"application\/ld+json\" class=\"yoast-schema-graph\">{\"@context\":\"https:\/\/schema.org\",\"@graph\":[{\"@type\":\"WebPage\",\"@id\":\"https:\/\/lescreasdejade.com\/index.php\/produit\/porte-cle-coeur\/\",\"url\":\"https:\/\/lescreasdejade.com\/index.php\/produit\/porte-cle-coeur\/\",\"name\":\"Porte cl\u00e9 coeur - Les Cr\u00e9as de Jade\",\"isPartOf\":{\"@id\":\"https:\/\/lescreasdejade.com\/#website\"},\"primaryImageOfPage\":{\"@id\":\"https:\/\/lescreasdejade.com\/index.php\/produit\/porte-cle-coeur\/#primaryimage\"},\"image\":{\"@id\":\"https:\/\/lescreasdejade.com\/index.php\/produit\/porte-cle-coeur\/#primaryimage\"},\"thumbnailUrl\":\"https:\/\/lescreasdejade.com\/wp-content\/uploads\/2026\/03\/633085298_17951248998091337_1636221975708221186_n.jpg\",\"datePublished\":\"2026-03-19T09:56:11+00:00\",\"dateModified\":\"2026-03-19T09:56:12+00:00\",\"breadcrumb\":{\"@id\":\"https:\/\/lescreasdejade.com\/index.php\/produit\/porte-cle-coeur\/#breadcrumb\"},\"inLanguage\":\"fr-FR\",\"potentialAction\":[{\"@type\":\"ReadAction\",\"target\":[\"https:\/\/lescreasdejade.com\/index.php\/produit\/porte-cle-coeur\/\"]}]},{\"@type\":\"ImageObject\",\"inLanguage\":\"fr-FR\",\"@id\":\"https:\/\/lescreasdejade.com\/index.php\/produit\/porte-cle-coeur\/#primaryimage\",\"url\":\"https:\/\/lescreasdejade.com\/wp-content\/uploads\/2026\/03\/633085298_17951248998091337_1636221975708221186_n.jpg\",\"contentUrl\":\"https:\/\/lescreasdejade.com\/wp-content\/uploads\/2026\/03\/633085298_17951248998091337_1636221975708221186_n.jpg\",\"width\":1440,\"height\":1440,\"caption\":\"coeur mamie ch\u00e9rie\"},{\"@type\":\"BreadcrumbList\",\"@id\":\"https:\/\/lescreasdejade.com\/index.php\/produit\/porte-cle-coeur\/#breadcrumb\",\"itemListElement\":[{\"@type\":\"ListItem\",\"position\":1,\"name\":\"Accueil\",\"item\":\"https:\/\/lescreasdejade.com\/\"},{\"@type\":\"ListItem\",\"position\":2,\"name\":\"Boutique\",\"item\":\"https:\/\/lescreasdejade.com\/index.php\/boutique\/\"},{\"@type\":\"ListItem\",\"position\":3,\"name\":\"Porte cl\u00e9 coeur\"}]},{\"@type\":\"WebSite\",\"@id\":\"https:\/\/lescreasdejade.com\/#website\",\"url\":\"https:\/\/lescreasdejade.com\/\",\"name\":\"Les Cr\u00e9as de Jade\",\"description\":\"Des cadeaux qui vous ressemblent !\",\"publisher\":{\"@id\":\"https:\/\/lescreasdejade.com\/#organization\"},\"potentialAction\":[{\"@type\":\"SearchAction\",\"target\":{\"@type\":\"EntryPoint\",\"urlTemplate\":\"https:\/\/lescreasdejade.com\/?s={search_term_string}\"},\"query-input\":{\"@type\":\"PropertyValueSpecification\",\"valueRequired\":true,\"valueName\":\"search_term_string\"}}],\"inLanguage\":\"fr-FR\"},{\"@type\":\"Organization\",\"@id\":\"https:\/\/lescreasdejade.com\/#organization\",\"name\":\"Les Cr\u00e9as de Jade\",\"url\":\"https:\/\/lescreasdejade.com\/\",\"logo\":{\"@type\":\"ImageObject\",\"inLanguage\":\"fr-FR\",\"@id\":\"https:\/\/lescreasdejade.com\/#\/schema\/logo\/image\/\",\"url\":\"https:\/\/lescreasdejade.com\/wp-content\/uploads\/2024\/03\/Illustration-les-creas-de-jade.jpg\",\"contentUrl\":\"https:\/\/lescreasdejade.com\/wp-content\/uploads\/2024\/03\/Illustration-les-creas-de-jade.jpg\",\"width\":960,\"height\":960,\"caption\":\"Les Cr\u00e9as de Jade\"},\"image\":{\"@id\":\"https:\/\/lescreasdejade.com\/#\/schema\/logo\/image\/\"},\"sameAs\":[\"https:\/\/www.facebook.com\/profile.php?id=61552662104544\",\"https:\/\/www.instagram.com\/les.creas.de.jade\/\"]}]}<\/script>\n<!-- \/ Yoast SEO plugin. -->","yoast_head_json":{"title":"Porte cl\u00e9 coeur - Les Cr\u00e9as de Jade","robots":{"index":"index","follow":"follow","max-snippet":"max-snippet:-1","max-image-preview":"max-image-preview:large","max-video-preview":"max-video-preview:-1"},"canonical":"https:\/\/lescreasdejade.com\/index.php\/produit\/porte-cle-coeur\/","og_locale":"fr_FR","og_type":"article","og_title":"Porte cl\u00e9 coeur - Les Cr\u00e9as de Jade","og_description":"Un joli porte-cl\u00e9s \u00e0 accrocher au sac \u00e0 main ou aux cl\u00e9s, avec son c\u0153ur personnalis\u00e9 et son petit bijou grav\u00e9 au pr\u00e9nom de ses petits-enfants Un cadeau symbolique, rempli d\u2019amour,qu\u2019elle emportera partout avec elle Possibilit\u00e9 de changer le texte &hellip; Lire la suite","og_url":"https:\/\/lescreasdejade.com\/index.php\/produit\/porte-cle-coeur\/","og_site_name":"Les Cr\u00e9as de Jade","article_publisher":"https:\/\/www.facebook.com\/profile.php?id=61552662104544","article_modified_time":"2026-03-19T09:56:12+00:00","og_image":[{"width":1440,"height":1440,"url":"http:\/\/lescreasdejade.com\/wp-content\/uploads\/2026\/03\/633085298_17951248998091337_1636221975708221186_n.jpg","type":"image\/jpeg"}],"twitter_card":"summary_large_image","twitter_misc":{"Dur\u00e9e de lecture estim\u00e9e":"1 minute"},"schema":{"@context":"https:\/\/schema.org","@graph":[{"@type":"WebPage","@id":"https:\/\/lescreasdejade.com\/index.php\/produit\/porte-cle-coeur\/","url":"https:\/\/lescreasdejade.com\/index.php\/produit\/porte-cle-coeur\/","name":"Porte cl\u00e9 coeur - Les Cr\u00e9as de Jade","isPartOf":{"@id":"https:\/\/lescreasdejade.com\/#website"},"primaryImageOfPage":{"@id":"https:\/\/lescreasdejade.com\/index.php\/produit\/porte-cle-coeur\/#primaryimage"},"image":{"@id":"https:\/\/lescreasdejade.com\/index.php\/produit\/porte-cle-coeur\/#primaryimage"},"thumbnailUrl":"https:\/\/lescreasdejade.com\/wp-content\/uploads\/2026\/03\/633085298_17951248998091337_1636221975708221186_n.jpg","datePublished":"2026-03-19T09:56:11+00:00","dateModified":"2026-03-19T09:56:12+00:00","breadcrumb":{"@id":"https:\/\/lescreasdejade.com\/index.php\/produit\/porte-cle-coeur\/#breadcrumb"},"inLanguage":"fr-FR","potentialAction":[{"@type":"ReadAction","target":["https:\/\/lescreasdejade.com\/index.php\/produit\/porte-cle-coeur\/"]}]},{"@type":"ImageObject","inLanguage":"fr-FR","@id":"https:\/\/lescreasdejade.com\/index.php\/produit\/porte-cle-coeur\/#primaryimage","url":"https:\/\/lescreasdejade.com\/wp-content\/uploads\/2026\/03\/633085298_17951248998091337_1636221975708221186_n.jpg","contentUrl":"https:\/\/lescreasdejade.com\/wp-content\/uploads\/2026\/03\/633085298_17951248998091337_1636221975708221186_n.jpg","width":1440,"height":1440,"caption":"coeur mamie ch\u00e9rie"},{"@type":"BreadcrumbList","@id":"https:\/\/lescreasdejade.com\/index.php\/produit\/porte-cle-coeur\/#breadcrumb","itemListElement":[{"@type":"ListItem","position":1,"name":"Accueil","item":"https:\/\/lescreasdejade.com\/"},{"@type":"ListItem","position":2,"name":"Boutique","item":"https:\/\/lescreasdejade.com\/index.php\/boutique\/"},{"@type":"ListItem","position":3,"name":"Porte cl\u00e9 coeur"}]},{"@type":"WebSite","@id":"https:\/\/lescreasdejade.com\/#website","url":"https:\/\/lescreasdejade.com\/","name":"Les Cr\u00e9as de Jade","description":"Des cadeaux qui vous ressemblent !","publisher":{"@id":"https:\/\/lescreasdejade.com\/#organization"},"potentialAction":[{"@type":"SearchAction","target":{"@type":"EntryPoint","urlTemplate":"https:\/\/lescreasdejade.com\/?s={search_term_string}"},"query-input":{"@type":"PropertyValueSpecification","valueRequired":true,"valueName":"search_term_string"}}],"inLanguage":"fr-FR"},{"@type":"Organization","@id":"https:\/\/lescreasdejade.com\/#organization","name":"Les Cr\u00e9as de Jade","url":"https:\/\/lescreasdejade.com\/","logo":{"@type":"ImageObject","inLanguage":"fr-FR","@id":"https:\/\/lescreasdejade.com\/#\/schema\/logo\/image\/","url":"https:\/\/lescreasdejade.com\/wp-content\/uploads\/2024\/03\/Illustration-les-creas-de-jade.jpg","contentUrl":"https:\/\/lescreasdejade.com\/wp-content\/uploads\/2024\/03\/Illustration-les-creas-de-jade.jpg","width":960,"height":960,"caption":"Les Cr\u00e9as de Jade"},"image":{"@id":"https:\/\/lescreasdejade.com\/#\/schema\/logo\/image\/"},"sameAs":["https:\/\/www.facebook.com\/profile.php?id=61552662104544","https:\/\/www.instagram.com\/les.creas.de.jade\/"]}]}},"_links":{"self":[{"href":"https:\/\/lescreasdejade.com\/index.php\/wp-json\/wp\/v2\/product\/195","targetHints":{"allow":["GET"]}}],"collection":[{"href":"https:\/\/lescreasdejade.com\/index.php\/wp-json\/wp\/v2\/product"}],"about":[{"href":"https:\/\/lescreasdejade.com\/index.php\/wp-json\/wp\/v2\/types\/product"}],"replies":[{"embeddable":true,"href":"https:\/\/lescreasdejade.com\/index.php\/wp-json\/wp\/v2\/comments?post=195"}],"wp:featuredmedia":[{"embeddable":true,"href":"https:\/\/lescreasdejade.com\/index.php\/wp-json\/wp\/v2\/media\/198"}],"wp:attachment":[{"href":"https:\/\/lescreasdejade.com\/index.php\/wp-json\/wp\/v2\/media?parent=195"}],"wp:term":[{"taxonomy":"product_brand","embeddable":true,"href":"https:\/\/lescreasdejade.com\/index.php\/wp-json\/wp\/v2\/product_brand?post=195"},{"taxonomy":"product_cat","embeddable":true,"href":"https:\/\/lescreasdejade.com\/index.php\/wp-json\/wp\/v2\/product_cat?post=195"},{"taxonomy":"product_tag","embeddable":true,"href":"https:\/\/lescreasdejade.com\/index.php\/wp-json\/wp\/v2\/product_tag?post=195"}],"curies":[{"name":"wp","href":"https:\/\/api.w.org\/{rel}","templated":true}]}}