{"id":210,"date":"2026-03-19T16:31:56","date_gmt":"2026-03-19T15:31:56","guid":{"rendered":"https:\/\/lescreasdejade.com\/?post_type=product&#038;p=210"},"modified":"2026-03-19T16:40:29","modified_gmt":"2026-03-19T15:40:29","slug":"mini-planche-speciales-collegues","status":"publish","type":"product","link":"https:\/\/lescreasdejade.com\/index.php\/produit\/mini-planche-speciales-collegues\/","title":{"rendered":"Mini planche sp\u00e9ciales coll\u00e8gues"},"content":{"rendered":"<div class=\"x14z9mp xat24cr x1lziwak x1vvkbs xtlvy1s x126k92a\">\n<div dir=\"auto\">Vous cherchez LE cadeau original, utile,\u00e0 PETIT PRIX et qui fera plaisir \u00e0 coup s\u00fbr pour vos coll\u00e8gues ?<\/div>\n<div dir=\"auto\"><\/div>\n<\/div>\n<div class=\"x14z9mp xat24cr x1lziwak x1vvkbs xtlvy1s x126k92a\">\n<div dir=\"auto\">Les mini planches ap\u00e9ro sont id\u00e9ales pour apporter une touche de convivialit\u00e9 et de gourmandise.<\/div>\n<div dir=\"auto\"><\/div>\n<\/div>\n<div class=\"x14z9mp xat24cr x1lziwak x1vvkbs xtlvy1s x126k92a\">\n<div dir=\"auto\"><span class=\"html-span xexx8yu xyri2b x18d9i69 x1c1uobl x1hl2dhg x16tdsg8 x1vvkbs x3nfvp2 x1j61x8r x1fcty0u xdj266r xat24cr xm2jcoa x1mpyi22 xxymvpz xlup9mm x1kky2od\"><img loading=\"lazy\" decoding=\"async\" class=\"xz74otr x15mokao x1ga7v0g x16uus16 xbiv7yw\" src=\"https:\/\/static.xx.fbcdn.net\/images\/emoji.php\/v9\/t72\/1\/16\/1f538.png\" alt=\"\ud83d\udd38\" width=\"16\" height=\"16\" \/><\/span> Pratiques, jolies et uniques<\/div>\n<div dir=\"auto\"><span class=\"html-span xexx8yu xyri2b x18d9i69 x1c1uobl x1hl2dhg x16tdsg8 x1vvkbs x3nfvp2 x1j61x8r x1fcty0u xdj266r xat24cr xm2jcoa x1mpyi22 xxymvpz xlup9mm x1kky2od\"><img loading=\"lazy\" decoding=\"async\" class=\"xz74otr x15mokao x1ga7v0g x16uus16 xbiv7yw\" src=\"https:\/\/static.xx.fbcdn.net\/images\/emoji.php\/v9\/t72\/1\/16\/1f538.png\" alt=\"\ud83d\udd38\" width=\"16\" height=\"16\" \/><\/span> Parfaites pour des moments ap\u00e9ro entre amis ou en solo<\/div>\n<div dir=\"auto\"><\/div>\n<\/div>\n<div class=\"x14z9mp xat24cr x1lziwak x1vvkbs xtlvy1s x126k92a\">\n<div dir=\"auto\">Faites plaisir \u00e0 vos coll\u00e8gues avec un cadeau qui sent bon la convivialit\u00e9 ! <span class=\"html-span xexx8yu xyri2b x18d9i69 x1c1uobl x1hl2dhg x16tdsg8 x1vvkbs x3nfvp2 x1j61x8r x1fcty0u xdj266r xat24cr xm2jcoa x1mpyi22 xxymvpz xlup9mm x1kky2od\"><img loading=\"lazy\" decoding=\"async\" class=\"xz74otr x15mokao x1ga7v0g x16uus16 xbiv7yw\" src=\"https:\/\/static.xx.fbcdn.net\/images\/emoji.php\/v9\/t8c\/1\/16\/1f389.png\" alt=\"\ud83c\udf89\" width=\"16\" height=\"16\" \/><\/span><\/div>\n<\/div>\n<div class=\"x14z9mp xat24cr x1lziwak x1vvkbs xtlvy1s x126k92a\">\n<div dir=\"auto\"><\/div>\n<\/div>\n","protected":false},"excerpt":{"rendered":"<p>Vous cherchez LE cadeau original, utile,\u00e0 PETIT PRIX et qui fera plaisir \u00e0 coup s\u00fbr pour vos coll\u00e8gues ? Les mini planches ap\u00e9ro sont id\u00e9ales pour apporter une touche de convivialit\u00e9 et de gourmandise. Pratiques, jolies et uniques Parfaites pour &hellip; <a class=\"kt-excerpt-readmore more-link\" href=\"https:\/\/lescreasdejade.com\/index.php\/produit\/mini-planche-speciales-collegues\/\">Lire la suite<\/a><\/p>\n","protected":false},"featured_media":211,"comment_status":"open","ping_status":"closed","template":"","meta":{"kt_blocks_editor_width":"","_themeisle_gutenberg_block_has_review":false},"product_brand":[],"product_cat":[64],"product_tag":[],"class_list":{"0":"post-210","1":"product","2":"type-product","3":"status-publish","4":"has-post-thumbnail","6":"product_cat-planche-apero","8":"first","9":"instock","10":"shipping-taxable","11":"purchasable","12":"product-type-simple"},"exclude_global_add_ons":false,"addons":[{"name":"Choix de la planche","type":"multiple_choice","position":0,"required":false,"title_format":"label","default":"","description_enable":false,"description":"","placeholder_enable":false,"placeholder":"","display":"select","restrictions_type":"any_text","adjust_price":false,"price":"","price_type":"flat_fee","restrictions":false,"min":"0","max":"0","options":[{"label":"Ap\u00e9ro: La r\u00e9union pr\u00e9f\u00e9r\u00e9e des coll\u00e8gues","price":"","price_type":"flat_fee","image":0,"visibility":true},{"label":"Vivre d'amour & d'ap\u00e9ro","price":"","price_type":"flat_fee","image":0,"visibility":true}],"id":1773937917}],"yoast_head":"<!-- This site is optimized with the Yoast SEO plugin v27.1.1 - https:\/\/yoast.com\/product\/yoast-seo-wordpress\/ -->\n<title>Mini planche sp\u00e9ciales coll\u00e8gues - Les Cr\u00e9as de Jade<\/title>\n<meta name=\"robots\" content=\"index, follow, max-snippet:-1, max-image-preview:large, max-video-preview:-1\" \/>\n<link rel=\"canonical\" href=\"https:\/\/lescreasdejade.com\/index.php\/produit\/mini-planche-speciales-collegues\/\" \/>\n<meta property=\"og:locale\" content=\"fr_FR\" \/>\n<meta property=\"og:type\" content=\"article\" \/>\n<meta property=\"og:title\" content=\"Mini planche sp\u00e9ciales coll\u00e8gues - Les Cr\u00e9as de Jade\" \/>\n<meta property=\"og:description\" content=\"Vous cherchez LE cadeau original, utile,\u00e0 PETIT PRIX et qui fera plaisir \u00e0 coup s\u00fbr pour vos coll\u00e8gues ? Les mini planches ap\u00e9ro sont id\u00e9ales pour apporter une touche de convivialit\u00e9 et de gourmandise. Pratiques, jolies et uniques Parfaites pour &hellip; Lire la suite\" \/>\n<meta property=\"og:url\" content=\"https:\/\/lescreasdejade.com\/index.php\/produit\/mini-planche-speciales-collegues\/\" \/>\n<meta property=\"og:site_name\" content=\"Les Cr\u00e9as de Jade\" \/>\n<meta property=\"article:publisher\" content=\"https:\/\/www.facebook.com\/profile.php?id=61552662104544\" \/>\n<meta property=\"article:modified_time\" content=\"2026-03-19T15:40:29+00:00\" \/>\n<meta property=\"og:image\" content=\"http:\/\/lescreasdejade.com\/wp-content\/uploads\/2026\/03\/480280408_122191239422088736_5352152480011883516_n.jpg\" \/>\n\t<meta property=\"og:image:width\" content=\"1440\" \/>\n\t<meta property=\"og:image:height\" content=\"1440\" \/>\n\t<meta property=\"og:image:type\" content=\"image\/jpeg\" \/>\n<meta name=\"twitter:card\" content=\"summary_large_image\" \/>\n<meta name=\"twitter:label1\" content=\"Dur\u00e9e de lecture estim\u00e9e\" \/>\n\t<meta name=\"twitter:data1\" content=\"2 minutes\" \/>\n<script type=\"application\/ld+json\" class=\"yoast-schema-graph\">{\"@context\":\"https:\/\/schema.org\",\"@graph\":[{\"@type\":\"WebPage\",\"@id\":\"https:\/\/lescreasdejade.com\/index.php\/produit\/mini-planche-speciales-collegues\/\",\"url\":\"https:\/\/lescreasdejade.com\/index.php\/produit\/mini-planche-speciales-collegues\/\",\"name\":\"Mini planche sp\u00e9ciales coll\u00e8gues - Les Cr\u00e9as de Jade\",\"isPartOf\":{\"@id\":\"https:\/\/lescreasdejade.com\/#website\"},\"primaryImageOfPage\":{\"@id\":\"https:\/\/lescreasdejade.com\/index.php\/produit\/mini-planche-speciales-collegues\/#primaryimage\"},\"image\":{\"@id\":\"https:\/\/lescreasdejade.com\/index.php\/produit\/mini-planche-speciales-collegues\/#primaryimage\"},\"thumbnailUrl\":\"https:\/\/lescreasdejade.com\/wp-content\/uploads\/2026\/03\/480280408_122191239422088736_5352152480011883516_n.jpg\",\"datePublished\":\"2026-03-19T15:31:56+00:00\",\"dateModified\":\"2026-03-19T15:40:29+00:00\",\"breadcrumb\":{\"@id\":\"https:\/\/lescreasdejade.com\/index.php\/produit\/mini-planche-speciales-collegues\/#breadcrumb\"},\"inLanguage\":\"fr-FR\",\"potentialAction\":[{\"@type\":\"ReadAction\",\"target\":[\"https:\/\/lescreasdejade.com\/index.php\/produit\/mini-planche-speciales-collegues\/\"]}]},{\"@type\":\"ImageObject\",\"inLanguage\":\"fr-FR\",\"@id\":\"https:\/\/lescreasdejade.com\/index.php\/produit\/mini-planche-speciales-collegues\/#primaryimage\",\"url\":\"https:\/\/lescreasdejade.com\/wp-content\/uploads\/2026\/03\/480280408_122191239422088736_5352152480011883516_n.jpg\",\"contentUrl\":\"https:\/\/lescreasdejade.com\/wp-content\/uploads\/2026\/03\/480280408_122191239422088736_5352152480011883516_n.jpg\",\"width\":1440,\"height\":1440,\"caption\":\"Planche ap\u00e9ro : reunion\"},{\"@type\":\"BreadcrumbList\",\"@id\":\"https:\/\/lescreasdejade.com\/index.php\/produit\/mini-planche-speciales-collegues\/#breadcrumb\",\"itemListElement\":[{\"@type\":\"ListItem\",\"position\":1,\"name\":\"Accueil\",\"item\":\"https:\/\/lescreasdejade.com\/\"},{\"@type\":\"ListItem\",\"position\":2,\"name\":\"Boutique\",\"item\":\"https:\/\/lescreasdejade.com\/index.php\/boutique\/\"},{\"@type\":\"ListItem\",\"position\":3,\"name\":\"Mini planche sp\u00e9ciales coll\u00e8gues\"}]},{\"@type\":\"WebSite\",\"@id\":\"https:\/\/lescreasdejade.com\/#website\",\"url\":\"https:\/\/lescreasdejade.com\/\",\"name\":\"Les Cr\u00e9as de Jade\",\"description\":\"Des cadeaux qui vous ressemblent !\",\"publisher\":{\"@id\":\"https:\/\/lescreasdejade.com\/#organization\"},\"potentialAction\":[{\"@type\":\"SearchAction\",\"target\":{\"@type\":\"EntryPoint\",\"urlTemplate\":\"https:\/\/lescreasdejade.com\/?s={search_term_string}\"},\"query-input\":{\"@type\":\"PropertyValueSpecification\",\"valueRequired\":true,\"valueName\":\"search_term_string\"}}],\"inLanguage\":\"fr-FR\"},{\"@type\":\"Organization\",\"@id\":\"https:\/\/lescreasdejade.com\/#organization\",\"name\":\"Les Cr\u00e9as de Jade\",\"url\":\"https:\/\/lescreasdejade.com\/\",\"logo\":{\"@type\":\"ImageObject\",\"inLanguage\":\"fr-FR\",\"@id\":\"https:\/\/lescreasdejade.com\/#\/schema\/logo\/image\/\",\"url\":\"https:\/\/lescreasdejade.com\/wp-content\/uploads\/2024\/03\/Illustration-les-creas-de-jade.jpg\",\"contentUrl\":\"https:\/\/lescreasdejade.com\/wp-content\/uploads\/2024\/03\/Illustration-les-creas-de-jade.jpg\",\"width\":960,\"height\":960,\"caption\":\"Les Cr\u00e9as de Jade\"},\"image\":{\"@id\":\"https:\/\/lescreasdejade.com\/#\/schema\/logo\/image\/\"},\"sameAs\":[\"https:\/\/www.facebook.com\/profile.php?id=61552662104544\",\"https:\/\/www.instagram.com\/les.creas.de.jade\/\"]}]}<\/script>\n<!-- \/ Yoast SEO plugin. -->","yoast_head_json":{"title":"Mini planche sp\u00e9ciales coll\u00e8gues - Les Cr\u00e9as de Jade","robots":{"index":"index","follow":"follow","max-snippet":"max-snippet:-1","max-image-preview":"max-image-preview:large","max-video-preview":"max-video-preview:-1"},"canonical":"https:\/\/lescreasdejade.com\/index.php\/produit\/mini-planche-speciales-collegues\/","og_locale":"fr_FR","og_type":"article","og_title":"Mini planche sp\u00e9ciales coll\u00e8gues - Les Cr\u00e9as de Jade","og_description":"Vous cherchez LE cadeau original, utile,\u00e0 PETIT PRIX et qui fera plaisir \u00e0 coup s\u00fbr pour vos coll\u00e8gues ? Les mini planches ap\u00e9ro sont id\u00e9ales pour apporter une touche de convivialit\u00e9 et de gourmandise. Pratiques, jolies et uniques Parfaites pour &hellip; Lire la suite","og_url":"https:\/\/lescreasdejade.com\/index.php\/produit\/mini-planche-speciales-collegues\/","og_site_name":"Les Cr\u00e9as de Jade","article_publisher":"https:\/\/www.facebook.com\/profile.php?id=61552662104544","article_modified_time":"2026-03-19T15:40:29+00:00","og_image":[{"width":1440,"height":1440,"url":"http:\/\/lescreasdejade.com\/wp-content\/uploads\/2026\/03\/480280408_122191239422088736_5352152480011883516_n.jpg","type":"image\/jpeg"}],"twitter_card":"summary_large_image","twitter_misc":{"Dur\u00e9e de lecture estim\u00e9e":"2 minutes"},"schema":{"@context":"https:\/\/schema.org","@graph":[{"@type":"WebPage","@id":"https:\/\/lescreasdejade.com\/index.php\/produit\/mini-planche-speciales-collegues\/","url":"https:\/\/lescreasdejade.com\/index.php\/produit\/mini-planche-speciales-collegues\/","name":"Mini planche sp\u00e9ciales coll\u00e8gues - Les Cr\u00e9as de Jade","isPartOf":{"@id":"https:\/\/lescreasdejade.com\/#website"},"primaryImageOfPage":{"@id":"https:\/\/lescreasdejade.com\/index.php\/produit\/mini-planche-speciales-collegues\/#primaryimage"},"image":{"@id":"https:\/\/lescreasdejade.com\/index.php\/produit\/mini-planche-speciales-collegues\/#primaryimage"},"thumbnailUrl":"https:\/\/lescreasdejade.com\/wp-content\/uploads\/2026\/03\/480280408_122191239422088736_5352152480011883516_n.jpg","datePublished":"2026-03-19T15:31:56+00:00","dateModified":"2026-03-19T15:40:29+00:00","breadcrumb":{"@id":"https:\/\/lescreasdejade.com\/index.php\/produit\/mini-planche-speciales-collegues\/#breadcrumb"},"inLanguage":"fr-FR","potentialAction":[{"@type":"ReadAction","target":["https:\/\/lescreasdejade.com\/index.php\/produit\/mini-planche-speciales-collegues\/"]}]},{"@type":"ImageObject","inLanguage":"fr-FR","@id":"https:\/\/lescreasdejade.com\/index.php\/produit\/mini-planche-speciales-collegues\/#primaryimage","url":"https:\/\/lescreasdejade.com\/wp-content\/uploads\/2026\/03\/480280408_122191239422088736_5352152480011883516_n.jpg","contentUrl":"https:\/\/lescreasdejade.com\/wp-content\/uploads\/2026\/03\/480280408_122191239422088736_5352152480011883516_n.jpg","width":1440,"height":1440,"caption":"Planche ap\u00e9ro : reunion"},{"@type":"BreadcrumbList","@id":"https:\/\/lescreasdejade.com\/index.php\/produit\/mini-planche-speciales-collegues\/#breadcrumb","itemListElement":[{"@type":"ListItem","position":1,"name":"Accueil","item":"https:\/\/lescreasdejade.com\/"},{"@type":"ListItem","position":2,"name":"Boutique","item":"https:\/\/lescreasdejade.com\/index.php\/boutique\/"},{"@type":"ListItem","position":3,"name":"Mini planche sp\u00e9ciales coll\u00e8gues"}]},{"@type":"WebSite","@id":"https:\/\/lescreasdejade.com\/#website","url":"https:\/\/lescreasdejade.com\/","name":"Les Cr\u00e9as de Jade","description":"Des cadeaux qui vous ressemblent !","publisher":{"@id":"https:\/\/lescreasdejade.com\/#organization"},"potentialAction":[{"@type":"SearchAction","target":{"@type":"EntryPoint","urlTemplate":"https:\/\/lescreasdejade.com\/?s={search_term_string}"},"query-input":{"@type":"PropertyValueSpecification","valueRequired":true,"valueName":"search_term_string"}}],"inLanguage":"fr-FR"},{"@type":"Organization","@id":"https:\/\/lescreasdejade.com\/#organization","name":"Les Cr\u00e9as de Jade","url":"https:\/\/lescreasdejade.com\/","logo":{"@type":"ImageObject","inLanguage":"fr-FR","@id":"https:\/\/lescreasdejade.com\/#\/schema\/logo\/image\/","url":"https:\/\/lescreasdejade.com\/wp-content\/uploads\/2024\/03\/Illustration-les-creas-de-jade.jpg","contentUrl":"https:\/\/lescreasdejade.com\/wp-content\/uploads\/2024\/03\/Illustration-les-creas-de-jade.jpg","width":960,"height":960,"caption":"Les Cr\u00e9as de Jade"},"image":{"@id":"https:\/\/lescreasdejade.com\/#\/schema\/logo\/image\/"},"sameAs":["https:\/\/www.facebook.com\/profile.php?id=61552662104544","https:\/\/www.instagram.com\/les.creas.de.jade\/"]}]}},"_links":{"self":[{"href":"https:\/\/lescreasdejade.com\/index.php\/wp-json\/wp\/v2\/product\/210","targetHints":{"allow":["GET"]}}],"collection":[{"href":"https:\/\/lescreasdejade.com\/index.php\/wp-json\/wp\/v2\/product"}],"about":[{"href":"https:\/\/lescreasdejade.com\/index.php\/wp-json\/wp\/v2\/types\/product"}],"replies":[{"embeddable":true,"href":"https:\/\/lescreasdejade.com\/index.php\/wp-json\/wp\/v2\/comments?post=210"}],"wp:featuredmedia":[{"embeddable":true,"href":"https:\/\/lescreasdejade.com\/index.php\/wp-json\/wp\/v2\/media\/211"}],"wp:attachment":[{"href":"https:\/\/lescreasdejade.com\/index.php\/wp-json\/wp\/v2\/media?parent=210"}],"wp:term":[{"taxonomy":"product_brand","embeddable":true,"href":"https:\/\/lescreasdejade.com\/index.php\/wp-json\/wp\/v2\/product_brand?post=210"},{"taxonomy":"product_cat","embeddable":true,"href":"https:\/\/lescreasdejade.com\/index.php\/wp-json\/wp\/v2\/product_cat?post=210"},{"taxonomy":"product_tag","embeddable":true,"href":"https:\/\/lescreasdejade.com\/index.php\/wp-json\/wp\/v2\/product_tag?post=210"}],"curies":[{"name":"wp","href":"https:\/\/api.w.org\/{rel}","templated":true}]}}