{"id":239,"date":"2026-04-20T17:57:08","date_gmt":"2026-04-20T15:57:08","guid":{"rendered":"https:\/\/lescreasdejade.com\/?post_type=product&#038;p=239"},"modified":"2026-04-20T18:52:58","modified_gmt":"2026-04-20T16:52:58","slug":"t-shirt-levolution-amis-soleil-petanque","status":"publish","type":"product","link":"https:\/\/lescreasdejade.com\/index.php\/produit\/t-shirt-levolution-amis-soleil-petanque\/","title":{"rendered":"T-shirt l&rsquo;\u00e9volution: amis, soleil &#038; p\u00e9tanque."},"content":{"rendered":"<div class=\"xdj266r x14z9mp xat24cr x1lziwak x1vvkbs x126k92a\">\n<div dir=\"auto\">L\u2019esprit du Sud\u2026 \u00e0 porter sur soi !<\/div>\n<div dir=\"auto\">D\u00e9couvrez le t-shirt \u201cL\u2019\u00e9volution : amis, soleil &amp; p\u00e9tanque\u201d<\/div>\n<\/div>\n<div class=\"x14z9mp xat24cr x1lziwak x1vvkbs xtlvy1s x126k92a\">\n<div dir=\"auto\">Un clin d\u2019\u0153il plein d\u2019humour \u00e0 ce qu\u2019on aime vraiment :<\/div>\n<div dir=\"auto\">les bons moments entre amis, le soleil\u2026 et la p\u00e9tanque <span class=\"html-span xexx8yu xyri2b x18d9i69 x1c1uobl x1hl2dhg x16tdsg8 x1vvkbs x3nfvp2 x1j61x8r x1fcty0u xdj266r xat24cr xm2jcoa x1mpyi22 xxymvpz xlup9mm x1kky2od\"><img loading=\"lazy\" decoding=\"async\" class=\"xz74otr x15mokao x1ga7v0g x16uus16 xbiv7yw\" src=\"https:\/\/static.xx.fbcdn.net\/images\/emoji.php\/v9\/td2\/1\/16\/1f604.png\" alt=\"\ud83d\ude04\" width=\"16\" height=\"16\" \/><\/span><\/div>\n<div dir=\"auto\"><\/div>\n<\/div>\n<div class=\"x14z9mp xat24cr x1lziwak x1vvkbs xtlvy1s x126k92a\">\n<div dir=\"auto\"><span class=\"html-span xexx8yu xyri2b x18d9i69 x1c1uobl x1hl2dhg x16tdsg8 x1vvkbs x3nfvp2 x1j61x8r x1fcty0u xdj266r xat24cr xm2jcoa x1mpyi22 xxymvpz xlup9mm x1kky2od\"><img loading=\"lazy\" decoding=\"async\" class=\"xz74otr x15mokao x1ga7v0g x16uus16 xbiv7yw\" src=\"https:\/\/static.xx.fbcdn.net\/images\/emoji.php\/v9\/t15\/1\/16\/1f49b.png\" alt=\"\ud83d\udc9b\" width=\"16\" height=\"16\" \/><\/span> Un t-shirt \u00e0 la fois :<\/div>\n<div dir=\"auto\"><\/div>\n<div dir=\"auto\">&#8211; Confortable<\/div>\n<div dir=\"auto\">&#8211; Original<\/div>\n<div dir=\"auto\">&#8211; Facile \u00e0 porter au quotidien<\/div>\n<div dir=\"auto\"><\/div>\n<\/div>\n<div class=\"x14z9mp xat24cr x1lziwak x1vvkbs xtlvy1s x126k92a\">\n<div dir=\"auto\"><span class=\"html-span xexx8yu xyri2b x18d9i69 x1c1uobl x1hl2dhg x16tdsg8 x1vvkbs x3nfvp2 x1j61x8r x1fcty0u xdj266r xat24cr xm2jcoa x1mpyi22 xxymvpz xlup9mm x1kky2od\"><img loading=\"lazy\" decoding=\"async\" class=\"xz74otr x15mokao x1ga7v0g x16uus16 xbiv7yw\" src=\"https:\/\/static.xx.fbcdn.net\/images\/emoji.php\/v9\/t84\/1\/16\/1f381.png\" alt=\"\ud83c\udf81\" width=\"16\" height=\"16\" \/><\/span> Id\u00e9al pour :<\/div>\n<div dir=\"auto\"><\/div>\n<div dir=\"auto\">&#8211; Les passionn\u00e9s de p\u00e9tanque<\/div>\n<div dir=\"auto\">&#8211; Les amateurs d\u2019ap\u00e9ro entre amis<\/div>\n<div dir=\"auto\">&#8211; Offrir un cadeau sympa et d\u00e9cal\u00e9<\/div>\n<div dir=\"auto\"><\/div>\n<\/div>\n<div class=\"x14z9mp xat24cr x1lziwak x1vvkbs xtlvy1s x126k92a\">\n<div dir=\"auto\"><span class=\"html-span xexx8yu xyri2b x18d9i69 x1c1uobl x1hl2dhg x16tdsg8 x1vvkbs x3nfvp2 x1j61x8r x1fcty0u xdj266r xat24cr xm2jcoa x1mpyi22 xxymvpz xlup9mm x1kky2od\"><img loading=\"lazy\" decoding=\"async\" class=\"xz74otr x15mokao x1ga7v0g x16uus16 xbiv7yw\" src=\"https:\/\/static.xx.fbcdn.net\/images\/emoji.php\/v9\/t1e\/1\/16\/1f33f.png\" alt=\"\ud83c\udf3f\" width=\"16\" height=\"16\" \/><\/span> Textile agr\u00e9able \u00e0 porter<\/div>\n<div dir=\"auto\"><span class=\"html-span xexx8yu xyri2b x18d9i69 x1c1uobl x1hl2dhg x16tdsg8 x1vvkbs x3nfvp2 x1j61x8r x1fcty0u xdj266r xat24cr xm2jcoa x1mpyi22 xxymvpz xlup9mm x1kky2od\"><img loading=\"lazy\" decoding=\"async\" class=\"xz74otr x15mokao x1ga7v0g x16uus16 xbiv7yw\" src=\"https:\/\/static.xx.fbcdn.net\/images\/emoji.php\/v9\/t82\/1\/16\/1f3a8.png\" alt=\"\ud83c\udfa8\" width=\"16\" height=\"16\" \/><\/span> Design unique<\/div>\n<div dir=\"auto\"><\/div>\n<\/div>\n","protected":false},"excerpt":{"rendered":"<p>L\u2019esprit du Sud\u2026 \u00e0 porter sur soi ! D\u00e9couvrez le t-shirt \u201cL\u2019\u00e9volution : amis, soleil &amp; p\u00e9tanque\u201d Un clin d\u2019\u0153il plein d\u2019humour \u00e0 ce qu\u2019on aime vraiment : les bons moments entre amis, le soleil\u2026 et la p\u00e9tanque Un t-shirt &hellip; <a class=\"kt-excerpt-readmore more-link\" href=\"https:\/\/lescreasdejade.com\/index.php\/produit\/t-shirt-levolution-amis-soleil-petanque\/\">Lire la suite<\/a><\/p>\n","protected":false},"featured_media":241,"comment_status":"open","ping_status":"closed","template":"","meta":{"kt_blocks_editor_width":"","_themeisle_gutenberg_block_has_review":false},"product_brand":[],"product_cat":[72],"product_tag":[],"class_list":{"0":"post-239","1":"product","2":"type-product","3":"status-publish","4":"has-post-thumbnail","6":"product_cat-petanque","8":"first","9":"instock","10":"shipping-taxable","11":"purchasable","12":"product-type-simple"},"exclude_global_add_ons":false,"addons":[{"name":"Couleur","type":"multiple_choice","position":0,"required":true,"title_format":"label","default":"","description_enable":false,"description":"","placeholder_enable":false,"placeholder":"","display":"select","restrictions_type":"any_text","adjust_price":false,"price":"","price_type":"flat_fee","restrictions":false,"min":"0","max":"0","options":[{"label":"Blanc","price":"","price_type":"flat_fee","image":0,"visibility":true},{"label":"Noir","price":"","price_type":"flat_fee","image":0,"visibility":true}],"id":1776707829},{"name":"Taille","type":"multiple_choice","position":1,"required":true,"title_format":"label","default":"","description_enable":false,"description":"","placeholder_enable":false,"placeholder":"","display":"select","restrictions_type":"any_text","adjust_price":false,"price":"","price_type":"flat_fee","restrictions":false,"min":"0","max":"0","options":[{"label":"S","price":"","price_type":"flat_fee","image":0,"visibility":true},{"label":"M","price":"","price_type":"flat_fee","image":0,"visibility":true},{"label":"L","price":"","price_type":"flat_fee","image":0,"visibility":true},{"label":"XL","price":"2","price_type":"flat_fee","image":0,"visibility":true},{"label":"XXL","price":"3","price_type":"flat_fee","image":0,"visibility":true},{"label":"XXL","price":"4","price_type":"flat_fee","image":0,"visibility":true}],"id":1776707830}],"yoast_head":"<!-- This site is optimized with the Yoast SEO plugin v27.1.1 - https:\/\/yoast.com\/product\/yoast-seo-wordpress\/ -->\n<title>T-shirt l&#039;\u00e9volution: amis, soleil &amp; p\u00e9tanque. - Les Cr\u00e9as de Jade<\/title>\n<meta name=\"description\" content=\"L\u2019esprit du Sud\u2026 \u00e0 porter sur soi !D\u00e9couvrez le t-shirt \u201cL\u2019\u00e9volution : amis, soleil &amp; p\u00e9tanque\u201d .Un clin d\u2019\u0153il plein d\u2019humour \u00e0 ce qu\u2019on aime vraiment :les bons moments entre amis, le soleil\u2026 et la p\u00e9tanque .Id\u00e9al pour : Les passionn\u00e9s de p\u00e9tanque, les amateurs d\u2019ap\u00e9ro entre amis, offrir un cadeau sympa et d\u00e9cal\u00e9\" \/>\n<meta name=\"robots\" content=\"index, follow, max-snippet:-1, max-image-preview:large, max-video-preview:-1\" \/>\n<link rel=\"canonical\" href=\"https:\/\/lescreasdejade.com\/index.php\/produit\/t-shirt-levolution-amis-soleil-petanque\/\" \/>\n<meta property=\"og:locale\" content=\"fr_FR\" \/>\n<meta property=\"og:type\" content=\"article\" \/>\n<meta property=\"og:title\" content=\"T-shirt l&#039;\u00e9volution: amis, soleil &amp; p\u00e9tanque. - Les Cr\u00e9as de Jade\" \/>\n<meta property=\"og:description\" content=\"L\u2019esprit du Sud\u2026 \u00e0 porter sur soi !D\u00e9couvrez le t-shirt \u201cL\u2019\u00e9volution : amis, soleil &amp; p\u00e9tanque\u201d .Un clin d\u2019\u0153il plein d\u2019humour \u00e0 ce qu\u2019on aime vraiment :les bons moments entre amis, le soleil\u2026 et la p\u00e9tanque .Id\u00e9al pour : Les passionn\u00e9s de p\u00e9tanque, les amateurs d\u2019ap\u00e9ro entre amis, offrir un cadeau sympa et d\u00e9cal\u00e9\" \/>\n<meta property=\"og:url\" content=\"https:\/\/lescreasdejade.com\/index.php\/produit\/t-shirt-levolution-amis-soleil-petanque\/\" \/>\n<meta property=\"og:site_name\" content=\"Les Cr\u00e9as de Jade\" \/>\n<meta property=\"article:publisher\" content=\"https:\/\/www.facebook.com\/profile.php?id=61552662104544\" \/>\n<meta property=\"article:modified_time\" content=\"2026-04-20T16:52:58+00:00\" \/>\n<meta property=\"og:image\" content=\"http:\/\/lescreasdejade.com\/wp-content\/uploads\/2026\/04\/file_000000005fd4724386383f00c079ebc6-683x1024.png\" \/>\n\t<meta property=\"og:image:width\" content=\"683\" \/>\n\t<meta property=\"og:image:height\" content=\"1024\" \/>\n\t<meta property=\"og:image:type\" content=\"image\/png\" \/>\n<meta name=\"twitter:card\" content=\"summary_large_image\" \/>\n<meta name=\"twitter:label1\" content=\"Dur\u00e9e de lecture estim\u00e9e\" \/>\n\t<meta name=\"twitter:data1\" content=\"2 minutes\" \/>\n<script type=\"application\/ld+json\" class=\"yoast-schema-graph\">{\"@context\":\"https:\/\/schema.org\",\"@graph\":[{\"@type\":\"WebPage\",\"@id\":\"https:\/\/lescreasdejade.com\/index.php\/produit\/t-shirt-levolution-amis-soleil-petanque\/\",\"url\":\"https:\/\/lescreasdejade.com\/index.php\/produit\/t-shirt-levolution-amis-soleil-petanque\/\",\"name\":\"T-shirt l'\u00e9volution: amis, soleil & p\u00e9tanque. - Les Cr\u00e9as de Jade\",\"isPartOf\":{\"@id\":\"https:\/\/lescreasdejade.com\/#website\"},\"primaryImageOfPage\":{\"@id\":\"https:\/\/lescreasdejade.com\/index.php\/produit\/t-shirt-levolution-amis-soleil-petanque\/#primaryimage\"},\"image\":{\"@id\":\"https:\/\/lescreasdejade.com\/index.php\/produit\/t-shirt-levolution-amis-soleil-petanque\/#primaryimage\"},\"thumbnailUrl\":\"https:\/\/lescreasdejade.com\/wp-content\/uploads\/2026\/04\/file_000000005fd4724386383f00c079ebc6.png\",\"datePublished\":\"2026-04-20T15:57:08+00:00\",\"dateModified\":\"2026-04-20T16:52:58+00:00\",\"description\":\"L\u2019esprit du Sud\u2026 \u00e0 porter sur soi !D\u00e9couvrez le t-shirt \u201cL\u2019\u00e9volution : amis, soleil & p\u00e9tanque\u201d .Un clin d\u2019\u0153il plein d\u2019humour \u00e0 ce qu\u2019on aime vraiment :les bons moments entre amis, le soleil\u2026 et la p\u00e9tanque .Id\u00e9al pour : Les passionn\u00e9s de p\u00e9tanque, les amateurs d\u2019ap\u00e9ro entre amis, offrir un cadeau sympa et d\u00e9cal\u00e9\",\"breadcrumb\":{\"@id\":\"https:\/\/lescreasdejade.com\/index.php\/produit\/t-shirt-levolution-amis-soleil-petanque\/#breadcrumb\"},\"inLanguage\":\"fr-FR\",\"potentialAction\":[{\"@type\":\"ReadAction\",\"target\":[\"https:\/\/lescreasdejade.com\/index.php\/produit\/t-shirt-levolution-amis-soleil-petanque\/\"]}]},{\"@type\":\"ImageObject\",\"inLanguage\":\"fr-FR\",\"@id\":\"https:\/\/lescreasdejade.com\/index.php\/produit\/t-shirt-levolution-amis-soleil-petanque\/#primaryimage\",\"url\":\"https:\/\/lescreasdejade.com\/wp-content\/uploads\/2026\/04\/file_000000005fd4724386383f00c079ebc6.png\",\"contentUrl\":\"https:\/\/lescreasdejade.com\/wp-content\/uploads\/2026\/04\/file_000000005fd4724386383f00c079ebc6.png\",\"width\":1024,\"height\":1536,\"caption\":\"teeshirt p\u00e9tanque evolution biere\"},{\"@type\":\"BreadcrumbList\",\"@id\":\"https:\/\/lescreasdejade.com\/index.php\/produit\/t-shirt-levolution-amis-soleil-petanque\/#breadcrumb\",\"itemListElement\":[{\"@type\":\"ListItem\",\"position\":1,\"name\":\"Accueil\",\"item\":\"https:\/\/lescreasdejade.com\/\"},{\"@type\":\"ListItem\",\"position\":2,\"name\":\"Boutique\",\"item\":\"https:\/\/lescreasdejade.com\/index.php\/boutique\/\"},{\"@type\":\"ListItem\",\"position\":3,\"name\":\"T-shirt l&rsquo;\u00e9volution: amis, soleil &#038; p\u00e9tanque.\"}]},{\"@type\":\"WebSite\",\"@id\":\"https:\/\/lescreasdejade.com\/#website\",\"url\":\"https:\/\/lescreasdejade.com\/\",\"name\":\"Les Cr\u00e9as de Jade\",\"description\":\"Des cadeaux qui vous ressemblent !\",\"publisher\":{\"@id\":\"https:\/\/lescreasdejade.com\/#organization\"},\"potentialAction\":[{\"@type\":\"SearchAction\",\"target\":{\"@type\":\"EntryPoint\",\"urlTemplate\":\"https:\/\/lescreasdejade.com\/?s={search_term_string}\"},\"query-input\":{\"@type\":\"PropertyValueSpecification\",\"valueRequired\":true,\"valueName\":\"search_term_string\"}}],\"inLanguage\":\"fr-FR\"},{\"@type\":\"Organization\",\"@id\":\"https:\/\/lescreasdejade.com\/#organization\",\"name\":\"Les Cr\u00e9as de Jade\",\"url\":\"https:\/\/lescreasdejade.com\/\",\"logo\":{\"@type\":\"ImageObject\",\"inLanguage\":\"fr-FR\",\"@id\":\"https:\/\/lescreasdejade.com\/#\/schema\/logo\/image\/\",\"url\":\"https:\/\/lescreasdejade.com\/wp-content\/uploads\/2024\/03\/Illustration-les-creas-de-jade.jpg\",\"contentUrl\":\"https:\/\/lescreasdejade.com\/wp-content\/uploads\/2024\/03\/Illustration-les-creas-de-jade.jpg\",\"width\":960,\"height\":960,\"caption\":\"Les Cr\u00e9as de Jade\"},\"image\":{\"@id\":\"https:\/\/lescreasdejade.com\/#\/schema\/logo\/image\/\"},\"sameAs\":[\"https:\/\/www.facebook.com\/profile.php?id=61552662104544\",\"https:\/\/www.instagram.com\/les.creas.de.jade\/\"]}]}<\/script>\n<!-- \/ Yoast SEO plugin. -->","yoast_head_json":{"title":"T-shirt l'\u00e9volution: amis, soleil & p\u00e9tanque. - Les Cr\u00e9as de Jade","description":"L\u2019esprit du Sud\u2026 \u00e0 porter sur soi !D\u00e9couvrez le t-shirt \u201cL\u2019\u00e9volution : amis, soleil & p\u00e9tanque\u201d .Un clin d\u2019\u0153il plein d\u2019humour \u00e0 ce qu\u2019on aime vraiment :les bons moments entre amis, le soleil\u2026 et la p\u00e9tanque .Id\u00e9al pour : Les passionn\u00e9s de p\u00e9tanque, les amateurs d\u2019ap\u00e9ro entre amis, offrir un cadeau sympa et d\u00e9cal\u00e9","robots":{"index":"index","follow":"follow","max-snippet":"max-snippet:-1","max-image-preview":"max-image-preview:large","max-video-preview":"max-video-preview:-1"},"canonical":"https:\/\/lescreasdejade.com\/index.php\/produit\/t-shirt-levolution-amis-soleil-petanque\/","og_locale":"fr_FR","og_type":"article","og_title":"T-shirt l'\u00e9volution: amis, soleil & p\u00e9tanque. - Les Cr\u00e9as de Jade","og_description":"L\u2019esprit du Sud\u2026 \u00e0 porter sur soi !D\u00e9couvrez le t-shirt \u201cL\u2019\u00e9volution : amis, soleil & p\u00e9tanque\u201d .Un clin d\u2019\u0153il plein d\u2019humour \u00e0 ce qu\u2019on aime vraiment :les bons moments entre amis, le soleil\u2026 et la p\u00e9tanque .Id\u00e9al pour : Les passionn\u00e9s de p\u00e9tanque, les amateurs d\u2019ap\u00e9ro entre amis, offrir un cadeau sympa et d\u00e9cal\u00e9","og_url":"https:\/\/lescreasdejade.com\/index.php\/produit\/t-shirt-levolution-amis-soleil-petanque\/","og_site_name":"Les Cr\u00e9as de Jade","article_publisher":"https:\/\/www.facebook.com\/profile.php?id=61552662104544","article_modified_time":"2026-04-20T16:52:58+00:00","og_image":[{"width":683,"height":1024,"url":"http:\/\/lescreasdejade.com\/wp-content\/uploads\/2026\/04\/file_000000005fd4724386383f00c079ebc6-683x1024.png","type":"image\/png"}],"twitter_card":"summary_large_image","twitter_misc":{"Dur\u00e9e de lecture estim\u00e9e":"2 minutes"},"schema":{"@context":"https:\/\/schema.org","@graph":[{"@type":"WebPage","@id":"https:\/\/lescreasdejade.com\/index.php\/produit\/t-shirt-levolution-amis-soleil-petanque\/","url":"https:\/\/lescreasdejade.com\/index.php\/produit\/t-shirt-levolution-amis-soleil-petanque\/","name":"T-shirt l'\u00e9volution: amis, soleil & p\u00e9tanque. - Les Cr\u00e9as de Jade","isPartOf":{"@id":"https:\/\/lescreasdejade.com\/#website"},"primaryImageOfPage":{"@id":"https:\/\/lescreasdejade.com\/index.php\/produit\/t-shirt-levolution-amis-soleil-petanque\/#primaryimage"},"image":{"@id":"https:\/\/lescreasdejade.com\/index.php\/produit\/t-shirt-levolution-amis-soleil-petanque\/#primaryimage"},"thumbnailUrl":"https:\/\/lescreasdejade.com\/wp-content\/uploads\/2026\/04\/file_000000005fd4724386383f00c079ebc6.png","datePublished":"2026-04-20T15:57:08+00:00","dateModified":"2026-04-20T16:52:58+00:00","description":"L\u2019esprit du Sud\u2026 \u00e0 porter sur soi !D\u00e9couvrez le t-shirt \u201cL\u2019\u00e9volution : amis, soleil & p\u00e9tanque\u201d .Un clin d\u2019\u0153il plein d\u2019humour \u00e0 ce qu\u2019on aime vraiment :les bons moments entre amis, le soleil\u2026 et la p\u00e9tanque .Id\u00e9al pour : Les passionn\u00e9s de p\u00e9tanque, les amateurs d\u2019ap\u00e9ro entre amis, offrir un cadeau sympa et d\u00e9cal\u00e9","breadcrumb":{"@id":"https:\/\/lescreasdejade.com\/index.php\/produit\/t-shirt-levolution-amis-soleil-petanque\/#breadcrumb"},"inLanguage":"fr-FR","potentialAction":[{"@type":"ReadAction","target":["https:\/\/lescreasdejade.com\/index.php\/produit\/t-shirt-levolution-amis-soleil-petanque\/"]}]},{"@type":"ImageObject","inLanguage":"fr-FR","@id":"https:\/\/lescreasdejade.com\/index.php\/produit\/t-shirt-levolution-amis-soleil-petanque\/#primaryimage","url":"https:\/\/lescreasdejade.com\/wp-content\/uploads\/2026\/04\/file_000000005fd4724386383f00c079ebc6.png","contentUrl":"https:\/\/lescreasdejade.com\/wp-content\/uploads\/2026\/04\/file_000000005fd4724386383f00c079ebc6.png","width":1024,"height":1536,"caption":"teeshirt p\u00e9tanque evolution biere"},{"@type":"BreadcrumbList","@id":"https:\/\/lescreasdejade.com\/index.php\/produit\/t-shirt-levolution-amis-soleil-petanque\/#breadcrumb","itemListElement":[{"@type":"ListItem","position":1,"name":"Accueil","item":"https:\/\/lescreasdejade.com\/"},{"@type":"ListItem","position":2,"name":"Boutique","item":"https:\/\/lescreasdejade.com\/index.php\/boutique\/"},{"@type":"ListItem","position":3,"name":"T-shirt l&rsquo;\u00e9volution: amis, soleil &#038; p\u00e9tanque."}]},{"@type":"WebSite","@id":"https:\/\/lescreasdejade.com\/#website","url":"https:\/\/lescreasdejade.com\/","name":"Les Cr\u00e9as de Jade","description":"Des cadeaux qui vous ressemblent !","publisher":{"@id":"https:\/\/lescreasdejade.com\/#organization"},"potentialAction":[{"@type":"SearchAction","target":{"@type":"EntryPoint","urlTemplate":"https:\/\/lescreasdejade.com\/?s={search_term_string}"},"query-input":{"@type":"PropertyValueSpecification","valueRequired":true,"valueName":"search_term_string"}}],"inLanguage":"fr-FR"},{"@type":"Organization","@id":"https:\/\/lescreasdejade.com\/#organization","name":"Les Cr\u00e9as de Jade","url":"https:\/\/lescreasdejade.com\/","logo":{"@type":"ImageObject","inLanguage":"fr-FR","@id":"https:\/\/lescreasdejade.com\/#\/schema\/logo\/image\/","url":"https:\/\/lescreasdejade.com\/wp-content\/uploads\/2024\/03\/Illustration-les-creas-de-jade.jpg","contentUrl":"https:\/\/lescreasdejade.com\/wp-content\/uploads\/2024\/03\/Illustration-les-creas-de-jade.jpg","width":960,"height":960,"caption":"Les Cr\u00e9as de Jade"},"image":{"@id":"https:\/\/lescreasdejade.com\/#\/schema\/logo\/image\/"},"sameAs":["https:\/\/www.facebook.com\/profile.php?id=61552662104544","https:\/\/www.instagram.com\/les.creas.de.jade\/"]}]}},"_links":{"self":[{"href":"https:\/\/lescreasdejade.com\/index.php\/wp-json\/wp\/v2\/product\/239","targetHints":{"allow":["GET"]}}],"collection":[{"href":"https:\/\/lescreasdejade.com\/index.php\/wp-json\/wp\/v2\/product"}],"about":[{"href":"https:\/\/lescreasdejade.com\/index.php\/wp-json\/wp\/v2\/types\/product"}],"replies":[{"embeddable":true,"href":"https:\/\/lescreasdejade.com\/index.php\/wp-json\/wp\/v2\/comments?post=239"}],"wp:featuredmedia":[{"embeddable":true,"href":"https:\/\/lescreasdejade.com\/index.php\/wp-json\/wp\/v2\/media\/241"}],"wp:attachment":[{"href":"https:\/\/lescreasdejade.com\/index.php\/wp-json\/wp\/v2\/media?parent=239"}],"wp:term":[{"taxonomy":"product_brand","embeddable":true,"href":"https:\/\/lescreasdejade.com\/index.php\/wp-json\/wp\/v2\/product_brand?post=239"},{"taxonomy":"product_cat","embeddable":true,"href":"https:\/\/lescreasdejade.com\/index.php\/wp-json\/wp\/v2\/product_cat?post=239"},{"taxonomy":"product_tag","embeddable":true,"href":"https:\/\/lescreasdejade.com\/index.php\/wp-json\/wp\/v2\/product_tag?post=239"}],"curies":[{"name":"wp","href":"https:\/\/api.w.org\/{rel}","templated":true}]}}