{"id":251,"date":"2026-04-20T21:06:13","date_gmt":"2026-04-20T19:06:13","guid":{"rendered":"https:\/\/lescreasdejade.com\/?post_type=product&#038;p=251"},"modified":"2026-04-20T21:07:41","modified_gmt":"2026-04-20T19:07:41","slug":"compteur-de-points-porte-cle-special-petanque","status":"publish","type":"product","link":"https:\/\/lescreasdejade.com\/index.php\/produit\/compteur-de-points-porte-cle-special-petanque\/","title":{"rendered":"Compteur de points porte-cl\u00e9 sp\u00e9cial p\u00e9tanque"},"content":{"rendered":"<div class=\"xdj266r x14z9mp xat24cr x1lziwak x1vvkbs x126k92a\">\n<div dir=\"auto\">LE petit accessoire indispensable pour tes parties de p\u00e9tanque !<\/div>\n<div dir=\"auto\"><\/div>\n<\/div>\n<div class=\"x14z9mp xat24cr x1lziwak x1vvkbs xtlvy1s x126k92a\">\n<div dir=\"auto\">Marre des \u201con en est \u00e0 combien d\u00e9j\u00e0 ?\u201d<\/div>\n<div dir=\"auto\"><\/div>\n<\/div>\n<div class=\"x14z9mp xat24cr x1lziwak x1vvkbs xtlvy1s x126k92a\">\n<div dir=\"auto\">Voici le compteur de points porte-cl\u00e9 personnalis\u00e9 !<\/div>\n<\/div>\n<div class=\"x14z9mp xat24cr x1lziwak x1vvkbs xtlvy1s x126k92a\">\n<div dir=\"auto\"><span class=\"html-span xexx8yu xyri2b x18d9i69 x1c1uobl x1hl2dhg x16tdsg8 x1vvkbs x3nfvp2 x1j61x8r x1fcty0u xdj266r xat24cr xm2jcoa x1mpyi22 xxymvpz xlup9mm x1kky2od\"><img loading=\"lazy\" decoding=\"async\" class=\"xz74otr x15mokao x1ga7v0g x16uus16 xbiv7yw\" src=\"https:\/\/static.xx.fbcdn.net\/images\/emoji.php\/v9\/t15\/1\/16\/1f49b.png\" alt=\"\ud83d\udc9b\" width=\"16\" height=\"16\" \/><\/span> Pratique, l\u00e9ger et toujours \u00e0 port\u00e9e de main<\/div>\n<\/div>\n<div class=\"x14z9mp xat24cr x1lziwak x1vvkbs xtlvy1s x126k92a\">\n<div dir=\"auto\"><span class=\"html-span xexx8yu xyri2b x18d9i69 x1c1uobl x1hl2dhg x16tdsg8 x1vvkbs x3nfvp2 x1j61x8r x1fcty0u xdj266r xat24cr xm2jcoa x1mpyi22 xxymvpz xlup9mm x1kky2od\"><img loading=\"lazy\" decoding=\"async\" class=\"xz74otr x15mokao x1ga7v0g x16uus16 xbiv7yw\" src=\"https:\/\/static.xx.fbcdn.net\/images\/emoji.php\/v9\/tcd\/1\/16\/1f522.png\" alt=\"\ud83d\udd22\" width=\"16\" height=\"16\" \/><\/span> Fini les erreurs de score<\/div>\n<\/div>\n<div class=\"x14z9mp xat24cr x1lziwak x1vvkbs xtlvy1s x126k92a\">\n<div dir=\"auto\"><span class=\"html-span xexx8yu xyri2b x18d9i69 x1c1uobl x1hl2dhg x16tdsg8 x1vvkbs x3nfvp2 x1j61x8r x1fcty0u xdj266r xat24cr xm2jcoa x1mpyi22 xxymvpz xlup9mm x1kky2od\"><img loading=\"lazy\" decoding=\"async\" class=\"xz74otr x15mokao x1ga7v0g x16uus16 xbiv7yw\" src=\"https:\/\/static.xx.fbcdn.net\/images\/emoji.php\/v9\/t84\/1\/16\/1f381.png\" alt=\"\ud83c\udf81\" width=\"16\" height=\"16\" \/><\/span> Id\u00e9e cadeau parfaite pour papa, papi ou les copains.<\/div>\n<div dir=\"auto\"><\/div>\n<\/div>\n<div class=\"x14z9mp xat24cr x1lziwak x1vvkbs xtlvy1s x126k92a\">\n<div dir=\"auto\"><span class=\"html-span xexx8yu xyri2b x18d9i69 x1c1uobl x1hl2dhg x16tdsg8 x1vvkbs x3nfvp2 x1j61x8r x1fcty0u xdj266r xat24cr xm2jcoa x1mpyi22 xxymvpz xlup9mm x1kky2od\"><img loading=\"lazy\" decoding=\"async\" class=\"xz74otr x15mokao x1ga7v0g x16uus16 xbiv7yw\" src=\"https:\/\/static.xx.fbcdn.net\/images\/emoji.php\/v9\/tf4\/1\/16\/2728.png\" alt=\"\u2728\" width=\"16\" height=\"16\" \/><\/span> Personnalisation possible :<\/div>\n<div dir=\"auto\">Pr\u00e9nom, message, petite phrase fun\u2026<\/div>\n<\/div>\n<div class=\"x14z9mp xat24cr x1lziwak x1vvkbs xtlvy1s x126k92a\">\n<div dir=\"auto\">&#8211;\u00a0 \u201cPapi roi de la p\u00e9tanque\u201d<\/div>\n<div dir=\"auto\">&#8211;\u00a0 \u201cJe peux pas, j\u2019ai p\u00e9tanque !\u201d<\/div>\n<div dir=\"auto\"><\/div>\n<\/div>\n<div class=\"x14z9mp xat24cr x1lziwak x1vvkbs xtlvy1s x126k92a\">\n<div dir=\"auto\"><span class=\"html-span xexx8yu xyri2b x18d9i69 x1c1uobl x1hl2dhg x16tdsg8 x1vvkbs x3nfvp2 x1j61x8r x1fcty0u xdj266r xat24cr xm2jcoa x1mpyi22 xxymvpz xlup9mm x1kky2od\"><img loading=\"lazy\" decoding=\"async\" class=\"xz74otr x15mokao x1ga7v0g x16uus16 xbiv7yw\" src=\"https:\/\/static.xx.fbcdn.net\/images\/emoji.php\/v9\/t1e\/1\/16\/1f33f.png\" alt=\"\ud83c\udf3f\" width=\"16\" height=\"16\" \/><\/span> Cr\u00e9ation en bois grav\u00e9 avec soin<\/div>\n<\/div>\n<div class=\"x14z9mp xat24cr x1lziwak x1vvkbs xtlvy1s x126k92a\">\n<div dir=\"auto\"><span class=\"html-span xexx8yu xyri2b x18d9i69 x1c1uobl x1hl2dhg x16tdsg8 x1vvkbs x3nfvp2 x1j61x8r x1fcty0u xdj266r xat24cr xm2jcoa x1mpyi22 xxymvpz xlup9mm x1kky2od\"><img loading=\"lazy\" decoding=\"async\" class=\"xz74otr x15mokao x1ga7v0g x16uus16 xbiv7yw\" src=\"https:\/\/static.xx.fbcdn.net\/images\/emoji.php\/v9\/tad\/1\/16\/1f511.png\" alt=\"\ud83d\udd11\" width=\"16\" height=\"16\" \/><\/span> Format porte-cl\u00e9 : tu l\u2019emm\u00e8nes partout !<\/div>\n<\/div>\n<div class=\"x14z9mp xat24cr x1lziwak x1vvkbs xtlvy1s x126k92a\">\n<div dir=\"auto\"><\/div>\n<\/div>\n","protected":false},"excerpt":{"rendered":"<p>LE petit accessoire indispensable pour tes parties de p\u00e9tanque ! Marre des \u201con en est \u00e0 combien d\u00e9j\u00e0 ?\u201d Voici le compteur de points porte-cl\u00e9 personnalis\u00e9 ! Pratique, l\u00e9ger et toujours \u00e0 port\u00e9e de main Fini les erreurs de score &hellip; <a class=\"kt-excerpt-readmore more-link\" href=\"https:\/\/lescreasdejade.com\/index.php\/produit\/compteur-de-points-porte-cle-special-petanque\/\">Lire la suite<\/a><\/p>\n","protected":false},"featured_media":252,"comment_status":"open","ping_status":"closed","template":"","meta":{"kt_blocks_editor_width":"","_themeisle_gutenberg_block_has_review":false},"product_brand":[],"product_cat":[72],"product_tag":[],"class_list":{"0":"post-251","1":"product","2":"type-product","3":"status-publish","4":"has-post-thumbnail","6":"product_cat-petanque","8":"first","9":"instock","10":"shipping-taxable","11":"purchasable","12":"product-type-simple"},"exclude_global_add_ons":false,"addons":[{"name":"Choix du compteur","type":"multiple_choice","position":0,"required":false,"title_format":"label","default":"","description_enable":false,"description":"","placeholder_enable":false,"placeholder":"","display":"select","restrictions_type":"any_text","adjust_price":false,"price":"","price_type":"flat_fee","restrictions":false,"min":"0","max":"0","options":[{"label":"Papa roi de la p\u00e9tanque","price":"","price_type":"flat_fee","image":0,"visibility":true},{"label":"Papi roi de la p\u00e9tanque","price":"","price_type":"flat_fee","image":0,"visibility":true},{"label":"Maman reine de la p\u00e9tanque","price":"","price_type":"flat_fee","image":0,"visibility":true},{"label":"Mamie reine de la p\u00e9tanque","price":"","price_type":"flat_fee","image":0,"visibility":true},{"label":"Parrain , roi de la p\u00e9tanque","price":"","price_type":"flat_fee","image":0,"visibility":true},{"label":"Marraine, reine de la p\u00e9tanque","price":"","price_type":"flat_fee","image":0,"visibility":true},{"label":"Je peux pas ,j'ai p\u00e9tanque","price":"","price_type":"flat_fee","image":0,"visibility":true}],"id":1776719174},{"name":"Ecrire votre phrase si personnalisation diff\u00e9rente de celles propos\u00e9es","type":"custom_text","position":1,"required":true,"title_format":"label","default":"","description_enable":true,"description":"Personnalisation possible : Pr\u00e9nom, message, petite phrase fun\u2026\r\n","placeholder_enable":false,"placeholder":"","display":"select","restrictions_type":"any_text","adjust_price":true,"price":"1","price_type":"flat_fee","restrictions":false,"min":"0","max":"0","options":[],"id":1776719175}],"yoast_head":"<!-- This site is optimized with the Yoast SEO plugin v27.1.1 - https:\/\/yoast.com\/product\/yoast-seo-wordpress\/ -->\n<title>Compteur de points porte-cl\u00e9 sp\u00e9cial p\u00e9tanque - Les Cr\u00e9as de Jade<\/title>\n<meta name=\"description\" content=\"Voici le compteur de points porte-cl\u00e9 personnalis\u00e9 ! Personnalisation possible : Pr\u00e9nom, message, petite phrase fun\u2026-\u00a0 \u201cPapi roi de la p\u00e9tanque\u201d-\u00a0 \u201cJe peux pas, j\u2019ai p\u00e9tanque !\u201d\" \/>\n<meta name=\"robots\" content=\"index, follow, max-snippet:-1, max-image-preview:large, max-video-preview:-1\" \/>\n<link rel=\"canonical\" href=\"https:\/\/lescreasdejade.com\/index.php\/produit\/compteur-de-points-porte-cle-special-petanque\/\" \/>\n<meta property=\"og:locale\" content=\"fr_FR\" \/>\n<meta property=\"og:type\" content=\"article\" \/>\n<meta property=\"og:title\" content=\"Compteur de points porte-cl\u00e9 sp\u00e9cial p\u00e9tanque - Les Cr\u00e9as de Jade\" \/>\n<meta property=\"og:description\" content=\"Voici le compteur de points porte-cl\u00e9 personnalis\u00e9 ! Personnalisation possible : Pr\u00e9nom, message, petite phrase fun\u2026-\u00a0 \u201cPapi roi de la p\u00e9tanque\u201d-\u00a0 \u201cJe peux pas, j\u2019ai p\u00e9tanque !\u201d\" \/>\n<meta property=\"og:url\" content=\"https:\/\/lescreasdejade.com\/index.php\/produit\/compteur-de-points-porte-cle-special-petanque\/\" \/>\n<meta property=\"og:site_name\" content=\"Les Cr\u00e9as de Jade\" \/>\n<meta property=\"article:publisher\" content=\"https:\/\/www.facebook.com\/profile.php?id=61552662104544\" \/>\n<meta property=\"article:modified_time\" content=\"2026-04-20T19:07:41+00:00\" \/>\n<meta property=\"og:image\" content=\"http:\/\/lescreasdejade.com\/wp-content\/uploads\/2026\/04\/file_00000000589c72469a32427be8b0203f-1-1024x819.png\" \/>\n\t<meta property=\"og:image:width\" content=\"1024\" \/>\n\t<meta property=\"og:image:height\" content=\"819\" \/>\n\t<meta property=\"og:image:type\" content=\"image\/png\" \/>\n<meta name=\"twitter:card\" content=\"summary_large_image\" \/>\n<meta name=\"twitter:label1\" content=\"Dur\u00e9e de lecture estim\u00e9e\" \/>\n\t<meta name=\"twitter:data1\" content=\"2 minutes\" \/>\n<script type=\"application\/ld+json\" class=\"yoast-schema-graph\">{\"@context\":\"https:\/\/schema.org\",\"@graph\":[{\"@type\":\"WebPage\",\"@id\":\"https:\/\/lescreasdejade.com\/index.php\/produit\/compteur-de-points-porte-cle-special-petanque\/\",\"url\":\"https:\/\/lescreasdejade.com\/index.php\/produit\/compteur-de-points-porte-cle-special-petanque\/\",\"name\":\"Compteur de points porte-cl\u00e9 sp\u00e9cial p\u00e9tanque - Les Cr\u00e9as de Jade\",\"isPartOf\":{\"@id\":\"https:\/\/lescreasdejade.com\/#website\"},\"primaryImageOfPage\":{\"@id\":\"https:\/\/lescreasdejade.com\/index.php\/produit\/compteur-de-points-porte-cle-special-petanque\/#primaryimage\"},\"image\":{\"@id\":\"https:\/\/lescreasdejade.com\/index.php\/produit\/compteur-de-points-porte-cle-special-petanque\/#primaryimage\"},\"thumbnailUrl\":\"https:\/\/lescreasdejade.com\/wp-content\/uploads\/2026\/04\/file_00000000589c72469a32427be8b0203f-1.png\",\"datePublished\":\"2026-04-20T19:06:13+00:00\",\"dateModified\":\"2026-04-20T19:07:41+00:00\",\"description\":\"Voici le compteur de points porte-cl\u00e9 personnalis\u00e9 ! Personnalisation possible : Pr\u00e9nom, message, petite phrase fun\u2026-\u00a0 \u201cPapi roi de la p\u00e9tanque\u201d-\u00a0 \u201cJe peux pas, j\u2019ai p\u00e9tanque !\u201d\",\"breadcrumb\":{\"@id\":\"https:\/\/lescreasdejade.com\/index.php\/produit\/compteur-de-points-porte-cle-special-petanque\/#breadcrumb\"},\"inLanguage\":\"fr-FR\",\"potentialAction\":[{\"@type\":\"ReadAction\",\"target\":[\"https:\/\/lescreasdejade.com\/index.php\/produit\/compteur-de-points-porte-cle-special-petanque\/\"]}]},{\"@type\":\"ImageObject\",\"inLanguage\":\"fr-FR\",\"@id\":\"https:\/\/lescreasdejade.com\/index.php\/produit\/compteur-de-points-porte-cle-special-petanque\/#primaryimage\",\"url\":\"https:\/\/lescreasdejade.com\/wp-content\/uploads\/2026\/04\/file_00000000589c72469a32427be8b0203f-1.png\",\"contentUrl\":\"https:\/\/lescreasdejade.com\/wp-content\/uploads\/2026\/04\/file_00000000589c72469a32427be8b0203f-1.png\",\"width\":1280,\"height\":1024,\"caption\":\"compteur porte cl\u00e9 p\u00e9tanque papa\"},{\"@type\":\"BreadcrumbList\",\"@id\":\"https:\/\/lescreasdejade.com\/index.php\/produit\/compteur-de-points-porte-cle-special-petanque\/#breadcrumb\",\"itemListElement\":[{\"@type\":\"ListItem\",\"position\":1,\"name\":\"Accueil\",\"item\":\"https:\/\/lescreasdejade.com\/\"},{\"@type\":\"ListItem\",\"position\":2,\"name\":\"Boutique\",\"item\":\"https:\/\/lescreasdejade.com\/index.php\/boutique\/\"},{\"@type\":\"ListItem\",\"position\":3,\"name\":\"Compteur de points porte-cl\u00e9 sp\u00e9cial p\u00e9tanque\"}]},{\"@type\":\"WebSite\",\"@id\":\"https:\/\/lescreasdejade.com\/#website\",\"url\":\"https:\/\/lescreasdejade.com\/\",\"name\":\"Les Cr\u00e9as de Jade\",\"description\":\"Des cadeaux qui vous ressemblent !\",\"publisher\":{\"@id\":\"https:\/\/lescreasdejade.com\/#organization\"},\"potentialAction\":[{\"@type\":\"SearchAction\",\"target\":{\"@type\":\"EntryPoint\",\"urlTemplate\":\"https:\/\/lescreasdejade.com\/?s={search_term_string}\"},\"query-input\":{\"@type\":\"PropertyValueSpecification\",\"valueRequired\":true,\"valueName\":\"search_term_string\"}}],\"inLanguage\":\"fr-FR\"},{\"@type\":\"Organization\",\"@id\":\"https:\/\/lescreasdejade.com\/#organization\",\"name\":\"Les Cr\u00e9as de Jade\",\"url\":\"https:\/\/lescreasdejade.com\/\",\"logo\":{\"@type\":\"ImageObject\",\"inLanguage\":\"fr-FR\",\"@id\":\"https:\/\/lescreasdejade.com\/#\/schema\/logo\/image\/\",\"url\":\"https:\/\/lescreasdejade.com\/wp-content\/uploads\/2024\/03\/Illustration-les-creas-de-jade.jpg\",\"contentUrl\":\"https:\/\/lescreasdejade.com\/wp-content\/uploads\/2024\/03\/Illustration-les-creas-de-jade.jpg\",\"width\":960,\"height\":960,\"caption\":\"Les Cr\u00e9as de Jade\"},\"image\":{\"@id\":\"https:\/\/lescreasdejade.com\/#\/schema\/logo\/image\/\"},\"sameAs\":[\"https:\/\/www.facebook.com\/profile.php?id=61552662104544\",\"https:\/\/www.instagram.com\/les.creas.de.jade\/\"]}]}<\/script>\n<!-- \/ Yoast SEO plugin. -->","yoast_head_json":{"title":"Compteur de points porte-cl\u00e9 sp\u00e9cial p\u00e9tanque - Les Cr\u00e9as de Jade","description":"Voici le compteur de points porte-cl\u00e9 personnalis\u00e9 ! Personnalisation possible : Pr\u00e9nom, message, petite phrase fun\u2026-\u00a0 \u201cPapi roi de la p\u00e9tanque\u201d-\u00a0 \u201cJe peux pas, j\u2019ai p\u00e9tanque !\u201d","robots":{"index":"index","follow":"follow","max-snippet":"max-snippet:-1","max-image-preview":"max-image-preview:large","max-video-preview":"max-video-preview:-1"},"canonical":"https:\/\/lescreasdejade.com\/index.php\/produit\/compteur-de-points-porte-cle-special-petanque\/","og_locale":"fr_FR","og_type":"article","og_title":"Compteur de points porte-cl\u00e9 sp\u00e9cial p\u00e9tanque - Les Cr\u00e9as de Jade","og_description":"Voici le compteur de points porte-cl\u00e9 personnalis\u00e9 ! Personnalisation possible : Pr\u00e9nom, message, petite phrase fun\u2026-\u00a0 \u201cPapi roi de la p\u00e9tanque\u201d-\u00a0 \u201cJe peux pas, j\u2019ai p\u00e9tanque !\u201d","og_url":"https:\/\/lescreasdejade.com\/index.php\/produit\/compteur-de-points-porte-cle-special-petanque\/","og_site_name":"Les Cr\u00e9as de Jade","article_publisher":"https:\/\/www.facebook.com\/profile.php?id=61552662104544","article_modified_time":"2026-04-20T19:07:41+00:00","og_image":[{"width":1024,"height":819,"url":"http:\/\/lescreasdejade.com\/wp-content\/uploads\/2026\/04\/file_00000000589c72469a32427be8b0203f-1-1024x819.png","type":"image\/png"}],"twitter_card":"summary_large_image","twitter_misc":{"Dur\u00e9e de lecture estim\u00e9e":"2 minutes"},"schema":{"@context":"https:\/\/schema.org","@graph":[{"@type":"WebPage","@id":"https:\/\/lescreasdejade.com\/index.php\/produit\/compteur-de-points-porte-cle-special-petanque\/","url":"https:\/\/lescreasdejade.com\/index.php\/produit\/compteur-de-points-porte-cle-special-petanque\/","name":"Compteur de points porte-cl\u00e9 sp\u00e9cial p\u00e9tanque - Les Cr\u00e9as de Jade","isPartOf":{"@id":"https:\/\/lescreasdejade.com\/#website"},"primaryImageOfPage":{"@id":"https:\/\/lescreasdejade.com\/index.php\/produit\/compteur-de-points-porte-cle-special-petanque\/#primaryimage"},"image":{"@id":"https:\/\/lescreasdejade.com\/index.php\/produit\/compteur-de-points-porte-cle-special-petanque\/#primaryimage"},"thumbnailUrl":"https:\/\/lescreasdejade.com\/wp-content\/uploads\/2026\/04\/file_00000000589c72469a32427be8b0203f-1.png","datePublished":"2026-04-20T19:06:13+00:00","dateModified":"2026-04-20T19:07:41+00:00","description":"Voici le compteur de points porte-cl\u00e9 personnalis\u00e9 ! Personnalisation possible : Pr\u00e9nom, message, petite phrase fun\u2026-\u00a0 \u201cPapi roi de la p\u00e9tanque\u201d-\u00a0 \u201cJe peux pas, j\u2019ai p\u00e9tanque !\u201d","breadcrumb":{"@id":"https:\/\/lescreasdejade.com\/index.php\/produit\/compteur-de-points-porte-cle-special-petanque\/#breadcrumb"},"inLanguage":"fr-FR","potentialAction":[{"@type":"ReadAction","target":["https:\/\/lescreasdejade.com\/index.php\/produit\/compteur-de-points-porte-cle-special-petanque\/"]}]},{"@type":"ImageObject","inLanguage":"fr-FR","@id":"https:\/\/lescreasdejade.com\/index.php\/produit\/compteur-de-points-porte-cle-special-petanque\/#primaryimage","url":"https:\/\/lescreasdejade.com\/wp-content\/uploads\/2026\/04\/file_00000000589c72469a32427be8b0203f-1.png","contentUrl":"https:\/\/lescreasdejade.com\/wp-content\/uploads\/2026\/04\/file_00000000589c72469a32427be8b0203f-1.png","width":1280,"height":1024,"caption":"compteur porte cl\u00e9 p\u00e9tanque papa"},{"@type":"BreadcrumbList","@id":"https:\/\/lescreasdejade.com\/index.php\/produit\/compteur-de-points-porte-cle-special-petanque\/#breadcrumb","itemListElement":[{"@type":"ListItem","position":1,"name":"Accueil","item":"https:\/\/lescreasdejade.com\/"},{"@type":"ListItem","position":2,"name":"Boutique","item":"https:\/\/lescreasdejade.com\/index.php\/boutique\/"},{"@type":"ListItem","position":3,"name":"Compteur de points porte-cl\u00e9 sp\u00e9cial p\u00e9tanque"}]},{"@type":"WebSite","@id":"https:\/\/lescreasdejade.com\/#website","url":"https:\/\/lescreasdejade.com\/","name":"Les Cr\u00e9as de Jade","description":"Des cadeaux qui vous ressemblent !","publisher":{"@id":"https:\/\/lescreasdejade.com\/#organization"},"potentialAction":[{"@type":"SearchAction","target":{"@type":"EntryPoint","urlTemplate":"https:\/\/lescreasdejade.com\/?s={search_term_string}"},"query-input":{"@type":"PropertyValueSpecification","valueRequired":true,"valueName":"search_term_string"}}],"inLanguage":"fr-FR"},{"@type":"Organization","@id":"https:\/\/lescreasdejade.com\/#organization","name":"Les Cr\u00e9as de Jade","url":"https:\/\/lescreasdejade.com\/","logo":{"@type":"ImageObject","inLanguage":"fr-FR","@id":"https:\/\/lescreasdejade.com\/#\/schema\/logo\/image\/","url":"https:\/\/lescreasdejade.com\/wp-content\/uploads\/2024\/03\/Illustration-les-creas-de-jade.jpg","contentUrl":"https:\/\/lescreasdejade.com\/wp-content\/uploads\/2024\/03\/Illustration-les-creas-de-jade.jpg","width":960,"height":960,"caption":"Les Cr\u00e9as de Jade"},"image":{"@id":"https:\/\/lescreasdejade.com\/#\/schema\/logo\/image\/"},"sameAs":["https:\/\/www.facebook.com\/profile.php?id=61552662104544","https:\/\/www.instagram.com\/les.creas.de.jade\/"]}]}},"_links":{"self":[{"href":"https:\/\/lescreasdejade.com\/index.php\/wp-json\/wp\/v2\/product\/251","targetHints":{"allow":["GET"]}}],"collection":[{"href":"https:\/\/lescreasdejade.com\/index.php\/wp-json\/wp\/v2\/product"}],"about":[{"href":"https:\/\/lescreasdejade.com\/index.php\/wp-json\/wp\/v2\/types\/product"}],"replies":[{"embeddable":true,"href":"https:\/\/lescreasdejade.com\/index.php\/wp-json\/wp\/v2\/comments?post=251"}],"wp:featuredmedia":[{"embeddable":true,"href":"https:\/\/lescreasdejade.com\/index.php\/wp-json\/wp\/v2\/media\/252"}],"wp:attachment":[{"href":"https:\/\/lescreasdejade.com\/index.php\/wp-json\/wp\/v2\/media?parent=251"}],"wp:term":[{"taxonomy":"product_brand","embeddable":true,"href":"https:\/\/lescreasdejade.com\/index.php\/wp-json\/wp\/v2\/product_brand?post=251"},{"taxonomy":"product_cat","embeddable":true,"href":"https:\/\/lescreasdejade.com\/index.php\/wp-json\/wp\/v2\/product_cat?post=251"},{"taxonomy":"product_tag","embeddable":true,"href":"https:\/\/lescreasdejade.com\/index.php\/wp-json\/wp\/v2\/product_tag?post=251"}],"curies":[{"name":"wp","href":"https:\/\/api.w.org\/{rel}","templated":true}]}}